{"id":17,"date":"2024-01-28T23:03:13","date_gmt":"2024-01-28T21:03:13","guid":{"rendered":"https:\/\/www.geo.uaic.ro\/sig\/?page_id=17"},"modified":"2026-03-27T03:11:56","modified_gmt":"2026-03-27T01:11:56","slug":"editii-anterioare","status":"publish","type":"page","link":"https:\/\/www.geo.uaic.ro\/sig\/editii-anterioare\/","title":{"rendered":"Previous editions"},"content":{"rendered":"\n<p class=\"has-text-align-center\">Simpozionului Sisteme Informa\u021bionale Geografice \u0219i Teledetec\u021bie este primul simpozion dedicat Sistemelor Informa\u021bionale Geografice \u0219i teledetec\u021biei organizat \u00een Rom\u00e2nia. Astfel, ca urmare a colabor\u0103rii dintre Universitatea &#8220;Al. I. Cuza din Ia\u0219i&#8221;, Academia de \u0218tiin\u021be a Republicii Moldova \u0219i Universitatea Tehnic\u0103 &#8220;Gheorghe Asachi&#8221; din Ia\u0219i, \u00een anul 1991, la Ia\u0219i, a fost organizat\u0103 prima edi\u021bie. Ulterior s-au al\u0103turat \u00een tab\u0103ra organizatorilor Universitatea &#8220;Babe\u015f-Bolyai&#8221; Cluj-Napoca, Universitatea Agrar\u0103 de Stat din Moldova, Asocia\u021bia geo-spatial.org \u0219i din anul 2020 se al\u0103tur\u0103 \u0219i Facultatea de Geografie din cadrul Universit\u0103\u021bii de Stat din Tiraspol(cu sediul la Chi\u0219in\u0103u), aceasta fiind organizatoarea edi\u021biei a XXVIII-a din anul 2021. \u00cen acest moment, Universitatea de Stat din Tiraspol (cu sediul la Chi\u0219in\u0103u) este asimilata Universit\u0103\u021bii Pedagogice de Stat \u201eIon Creang\u0103\u201d din Chi\u0219in\u0103u. Simpozionul este organizat prin rota\u021bie de institu\u021biile partenere.<\/p>\n\n\n\n<p class=\"has-text-align-center\">\u00cen prezent, se fac demersurile pentru a ob\u021bine ISSN pentru revista<br><strong>East European Journal of GIS and Remote Sensing<\/strong>&nbsp;<a href=\"http:\/\/www.geomatica.uaic.ro\"><strong>http:\/\/www.geomatica.uaic.ro<\/strong><\/a>,<br>noua serie a jurnalului &#8220;Lucr\u0103rile Simpozionului Sisteme Informa\u021bionale Geografice&#8221;,<br>moment \u00een care participan\u021bii vor fi anun\u021ba\u021bi pentru a trimite comunic\u0103rile<br>sub forma de articol pentru a fi evaluate \u00een vederea public\u0103rii acestora.<\/p>\n\n\n\n<p><\/p>\n\n\n\n<p><\/p>\n\n\n\n<div class=\"wp-block-columns is-layout-flex wp-container-core-columns-is-layout-1ec2ec05 wp-block-columns-is-layout-flex\" style=\"border-style:none;border-width:0px;border-top-left-radius:0px;border-top-right-radius:0px;border-bottom-left-radius:0px;border-bottom-right-radius:0px;margin-top:0;margin-bottom:0;padding-top:0;padding-right:0;padding-bottom:0;padding-left:0\">\n<div class=\"wp-block-column is-layout-flow wp-block-column-is-layout-flow\" style=\"flex-basis:100%\">\n<div class=\"wp-block-columns is-layout-flex wp-container-core-columns-is-layout-28f84493 wp-block-columns-is-layout-flex\">\n<div class=\"wp-block-column is-layout-flow wp-block-column-is-layout-flow\" style=\"flex-basis:100%\">\n<figure class=\"wp-block-table is-style-stripes\"><table style=\"border-style:none;border-width:0px\"><tbody><tr><th>Year<\/th><th>Edition<\/th><th>Country<\/th><th>City<\/th><th>Organizer<\/th><th>Period<\/th><td><strong>ARCHIVE<\/strong><\/td><\/tr><tr><td>2026<\/td><td>XXXII<\/td><td>Romania<\/td><td>Ia\u0219i<\/td><td>Facultatea de Geografie \u0219i Geologie, Universitatea &#8220;Alexandru Ioan Cuza&#8221; + Asocia\u021bia Envirogis Ia\u0219i<\/td><td>27 march<\/td><td><a href=\"https:\/\/www.geo.uaic.ro\/sig\/wp-content\/uploads\/2026\/03\/Circulara_3_SIG_2026.pdf\" data-type=\"attachment\" data-id=\"321\">CIRCULARA 2026<\/a><br><a href=\"https:\/\/www.geo.uaic.ro\/sig\/wp-content\/uploads\/2026\/03\/Program_SIG_2026_v5-1.pdf\" data-type=\"attachment\" data-id=\"367\">PROGRAM 2026<\/a><br><a href=\"https:\/\/www.geo.uaic.ro\/sig\/wp-content\/uploads\/2026\/03\/Book_of_abstracts_SIG_2026_v8.pdf\" data-type=\"attachment\" data-id=\"358\">BOOK OF ABSTRACTS<\/a><\/td><\/tr><tr><td>2025<\/td><td>a XXXIa<\/td><td>Rom\u00e2nia<\/td><td>Ia\u0219i<\/td><td>Facultatea de Geografie \u0219i Geologie, Universitatea &#8220;Alexandru Ioan Cuza&#8221; + Asocia\u021bia Envirogis Ia\u0219i<\/td><td>28 march<\/td><td><a href=\"https:\/\/www.geo.uaic.ro\/sig\/wp-content\/uploads\/2025\/03\/Circulara_2.2_SIG_2025.pdf\" data-type=\"attachment\" data-id=\"235\" target=\"_blank\" rel=\"noreferrer noopener\">CIRCULARA 2025<\/a><br><a href=\"https:\/\/www.geo.uaic.ro\/sig\/wp-content\/uploads\/2025\/03\/Program_SIG_2025_v3-1.pdf\" data-type=\"attachment\" data-id=\"242\" target=\"_blank\" rel=\"noreferrer noopener\">PROGRAM 2025<\/a><\/td><\/tr><tr><td>2024<\/td><td>a XXXa<\/td><td>Rom\u00e2nia<\/td><td>Ia\u0219i<\/td><td>Facultatea de Geografie \u0219i Geologie, Universitatea &#8220;Alexandru Ioan Cuza&#8221; + Asocia\u021bia Envirogis Ia\u0219i<\/td><td>30 martie<\/td><td><a href=\"https:\/\/www.geo.uaic.ro\/sig\/wp-content\/uploads\/2024\/03\/Circulara_1_SIG_2024-1.pdf\" data-type=\"attachment\" data-id=\"147\" target=\"_blank\" rel=\"noreferrer noopener\">CIRCULARA 2024<\/a><br><a href=\"https:\/\/www.geo.uaic.ro\/sig\/wp-content\/uploads\/2026\/01\/Program_SIG_2024_v4.pdf\" data-type=\"attachment\" data-id=\"272\" target=\"_blank\" rel=\"noreferrer noopener\">PROGRAM 2024<\/a><\/td><\/tr><tr><td>2023<\/td><td>a XXIXa<\/td><td>Rom\u00e2nia<\/td><td>Ia\u0219i<\/td><td>Facultatea de Geografie \u0219i Geologie, Universitatea &#8220;Alexandru Ioan Cuza&#8221; + Asocia\u021bia Envirogis Ia\u0219i<\/td><td>30 martie<\/td><td><a href=\"https:\/\/www.geo.uaic.ro\/sig\/wp-content\/uploads\/2026\/01\/Circulara_1_SIG_2023.pdf\" data-type=\"attachment\" data-id=\"290\" target=\"_blank\" rel=\"noreferrer noopener\">CIRCULARA2023<\/a><br><a href=\"https:\/\/www.geo.uaic.ro\/sig\/wp-content\/uploads\/2026\/01\/Program_SIG_2023_v3.pdf\" data-type=\"attachment\" data-id=\"283\" target=\"_blank\" rel=\"noreferrer noopener\">PROGRAM 2023<\/a><br><a href=\"https:\/\/www.geo.uaic.ro\/sig\/wp-content\/uploads\/2026\/01\/Book_of_abstracts_SIG_2023.pdf\" data-type=\"attachment\" data-id=\"281\" target=\"_blank\" rel=\"noreferrer noopener\">BOOK OF ABSTRATCS 2023<\/a><\/td><\/tr><tr><td>2021&nbsp;&nbsp;&nbsp;&nbsp;<\/td><td><a href=\"https:\/\/sites.google.com\/view\/sig2020\/pagina-de-pornire\">a XXVIIIa<\/a><\/td><td>Republica Moldova<\/td><td>Chi\u0219in\u0103u<\/td><td>Facultatea de Geografie a Universit\u0103\u021bii de Stat din Tiraspol<\/td><td>&nbsp;15-16 octombrie<\/td><td><a href=\"https:\/\/www.geo.uaic.ro\/sig\/wp-content\/uploads\/2026\/01\/Circulara-2-SIG_2021-UST.pdf\" data-type=\"attachment\" data-id=\"297\" target=\"_blank\" rel=\"noreferrer noopener\">CIRCULARA2021<\/a><br><a href=\"https:\/\/www.geo.uaic.ro\/sig\/wp-content\/uploads\/2026\/01\/Program_SIG_2021.pdf\" data-type=\"attachment\" data-id=\"298\" target=\"_blank\" rel=\"noreferrer noopener\">PROGRAM 2021<\/a><\/td><\/tr><tr><td>2019<\/td><td><a href=\"https:\/\/ieg.asm.md\/en\/node\/251\">a XXVIIa<\/a> link?<\/td><td>Rom\u00e2nia<\/td><td>Cluj-Napoca<\/td><td>Facultatea de Geografie, Universitatea &#8220;Babe\u015f-Bolyai&#8221;<\/td><td>&nbsp;03-06 octombrie<\/td><td><\/td><\/tr><tr><td>2018<\/td><td><a href=\"http:\/\/www.gisiasi.ro\/\">a XXVIa<\/a><br>link?<\/td><td>Rom\u00e2nia<\/td><td>Ia\u0219i<\/td><td>Facultatea de Hidrotehnic\u0103, Geodezie \u0219i Ingineria Mediului<\/td><td>&nbsp;05-06 octombrie<\/td><td><\/td><\/tr><tr><td>2017<\/td><td>a XXVa<\/td><td>Rom\u00e2nia<\/td><td>Ia\u0219i<\/td><td>Facultatea de Geografie \u0219i Geologie, Universitatea &#8220;Alexandru Ioan Cuza&#8221;<\/td><td>&nbsp;&nbsp;27-28 septembrie<\/td><td><a href=\"https:\/\/www.geo.uaic.ro\/sig\/wp-content\/uploads\/2026\/01\/Program_SIG_2017_v7.pdf\" data-type=\"attachment\" data-id=\"282\" target=\"_blank\" rel=\"noreferrer noopener\">PROGRAM 2017<\/a><\/td><\/tr><tr><td>2016<\/td><td>a XXIVa<\/td><td>Rom\u00e2nia<\/td><td>Cluj-Napoca<\/td><td>Facultatea de Geografie, Universitatea &#8220;Babe\u015f-Bolyai&#8221;<\/td><td>&nbsp;&nbsp;<\/td><td><\/td><\/tr><tr><td>2015<\/td><td>a XXIIIa<\/td><td>Rom\u00e2nia<\/td><td>Ia\u0219i<\/td><td>Facultatea de Geografie \u0219i Geologie, Universitatea &#8220;Alexandru Ioan Cuza&#8221;<\/td><td>&nbsp;&nbsp;<\/td><td><\/td><\/tr><tr><td>2014<\/td><td>a XXIIa<\/td><td>Republica Moldova<\/td><td>Chi\u0219in\u0103u<\/td><td>Institutul de Ecologie \u0219i Geografie, Academia de \u0218tiin\u021be a Moldovei<\/td><td>&nbsp;&nbsp;<\/td><td><\/td><\/tr><tr><td>2013<\/td><td>a XXIa<\/td><td>Rom\u00e2nia<\/td><td>Cluj-Napoca<\/td><td>Facultatea de Geografie, Universitatea &#8220;Babe\u0219-Bolyai&#8221;<\/td><td>&nbsp;&nbsp;<\/td><td><\/td><\/tr><tr><td>2012<\/td><td>a XXa<\/td><td>Rom\u00e2nia<\/td><td>Ia\u0219i<\/td><td>Facultatea de Hidrotehnic\u0103, Geodezie \u0219i Ingineria Mediului<\/td><td>&nbsp;&nbsp;<\/td><td><\/td><\/tr><tr><td>2011<\/td><td>a XIXa<\/td><td>Republica Moldova<\/td><td>Chi\u0219in\u0103u<\/td><td>Universitatea Agrar\u0103 de Stat<\/td><td>&nbsp;&nbsp;<\/td><td><\/td><\/tr><tr><td>2010<\/td><td>a XVIIIa<\/td><td>Rom\u00e2nia<\/td><td>Ia\u0219i<\/td><td>Facultatea de Geografie \u0219i Geologie, Universitatea &#8220;Alexandru Ioan Cuza&#8221;<\/td><td>&nbsp;&nbsp;<\/td><td><\/td><\/tr><tr><td>2009<\/td><td>a XVIIa<\/td><td>Rom\u00e2nia<\/td><td>Ia\u0219i<\/td><td>Facultatea de Geografie \u0219i Geologie, Universitatea &#8220;Alexandru Ioan Cuza&#8221;<\/td><td>&nbsp;&nbsp;<\/td><td><\/td><\/tr><tr><td>2008<\/td><td>a XVIa<\/td><td>Rom\u00e2nia<\/td><td>Ia\u0219i<\/td><td>Facultatea de Hidrotehnic\u0103, Geodezie \u0219i Ingineria Mediului<\/td><td>&nbsp;&nbsp;<\/td><td><\/td><\/tr><tr><td>2007<\/td><td>a XVa<\/td><td>Rom\u00e2nia<\/td><td>Ia\u0219i<\/td><td>Facultatea de Geografie \u0219i Geologie, Universitatea &#8220;Alexandru Ioan Cuza&#8221;<\/td><td>&nbsp;&nbsp;<\/td><td><\/td><\/tr><tr><td>2006<\/td><td>a XIVa<\/td><td>Rom\u00e2nia<\/td><td>Ia\u0219i<\/td><td>Facultatea de Geografie \u0219i Geologie, Universitatea &#8220;Alexandru Ioan Cuza&#8221;<\/td><td>&nbsp;&nbsp;<\/td><td><\/td><\/tr><tr><td>2005<\/td><td>a XIIIa<\/td><td>Rom\u00e2nia<\/td><td>Cluj-Napoca<\/td><td>Facultatea de Geografie, Universitatea &#8220;Babe\u0219-Bolyai&#8221;<\/td><td>&nbsp;&nbsp;<\/td><td><\/td><\/tr><tr><td>2004<\/td><td>a XIIa<\/td><td>Rom\u00e2nia<\/td><td>Ia\u0219i<\/td><td>Facultatea de Geografie \u0219i Geologie, Universitatea &#8220;Alexandru Ioan Cuza&#8221;<\/td><td>&nbsp;&nbsp;<\/td><td><\/td><\/tr><tr><td>2003<\/td><td>a XIa<\/td><td>Rom\u00e2nia<\/td><td>Ia\u0219i<\/td><td>Facultatea de Geografie \u0219i Geologie, Universitatea &#8220;Alexandru Ioan Cuza&#8221;<\/td><td>&nbsp;&nbsp;<\/td><td><\/td><\/tr><tr><td>2002<\/td><td>a Xa<\/td><td>Rom\u00e2nia<\/td><td>Ia\u0219i<\/td><td>Facultatea de Geografie \u0219i Geologie, Universitatea &#8220;Alexandru Ioan Cuza&#8221;<\/td><td>&nbsp;&nbsp;<\/td><td><\/td><\/tr><tr><td>2001<\/td><td>a IXa<\/td><td>Republica Moldova<\/td><td>Chi\u0219in\u0103u<\/td><td>Institutul de Ecologie \u0219i Geografie, Academia de \u0218tiin\u021be a Moldovei<\/td><td>&nbsp;&nbsp;<\/td><td><\/td><\/tr><tr><td>2000<\/td><td>a VIIIa<\/td><td>Rom\u00e2nia<\/td><td>Ia\u0219i<\/td><td>Facultatea de Geografie \u0219i Geologie, Universitatea &#8220;Alexandru Ioan Cuza&#8221;<\/td><td>&nbsp;&nbsp;<\/td><td><\/td><\/tr><tr><td>1999<\/td><td>a VIIa<\/td><td>Rom\u00e2nia<\/td><td>Ia\u0219i<\/td><td>Facultatea de Geografie \u0219i Geologie, Universitatea &#8220;Alexandru Ioan Cuza&#8221;<\/td><td>&nbsp;&nbsp;<\/td><td><\/td><\/tr><tr><td>1998<\/td><td>a VIa<\/td><td>Rom\u00e2nia<\/td><td>Ia\u0219i<\/td><td>Facultatea de Geografie \u0219i Geologie, Universitatea &#8220;Alexandru Ioan Cuza&#8221;<\/td><td>&nbsp;&nbsp;<\/td><td><\/td><\/tr><tr><td>1997<\/td><td>a Va<\/td><td>Rom\u00e2nia<\/td><td>Ia\u0219i<\/td><td>Facultatea de Geografie \u0219i Geologie, Universitatea &#8220;Alexandru Ioan Cuza&#8221;<\/td><td>&nbsp;&nbsp;<\/td><td><\/td><\/tr><tr><td>1996<\/td><td>a IVa<\/td><td>Rom\u00e2nia<\/td><td>Ia\u0219i<\/td><td>Facultatea de Geografie \u0219i Geologie, Universitatea &#8220;Alexandru Ioan Cuza&#8221;<\/td><td>&nbsp;&nbsp;<\/td><td><\/td><\/tr><tr><td>1995<\/td><td>a IIIa<\/td><td>Rom\u00e2nia<\/td><td>Ia\u0219i<\/td><td>Facultatea de Geografie \u0219i Geologie, Universitatea &#8220;Alexandru Ioan Cuza&#8221;<\/td><td>&nbsp;&nbsp;<\/td><td><\/td><\/tr><tr><td>1994<\/td><td>a IIa<\/td><td>Rom\u00e2nia<\/td><td>Ia\u0219i<\/td><td>Facultatea de Geografie \u0219i Geologie, Universitatea &#8220;Alexandru Ioan Cuza&#8221;<\/td><td>&nbsp;&nbsp;<\/td><td><\/td><\/tr><tr><td>1993<\/td><td>a Ia<\/td><td>Rom\u00e2nia<\/td><td>Ia\u0219i<\/td><td>Facultatea de Geografie \u0219i Geologie, Universitatea &#8220;Alexandru Ioan Cuza&#8221;<\/td><\/tr><\/tbody><\/table><\/figure>\n<\/div>\n<\/div>\n<\/div>\n<\/div>\n","protected":false},"excerpt":{"rendered":"<p>Simpozionului Sisteme Informa\u021bionale Geografice \u0219i Teledetec\u021bie este primul simpozion dedicat Sistemelor Informa\u021bionale Geografice \u0219i teledetec\u021biei organizat \u00een Rom\u00e2nia. Astfel, ca urmare a colabor\u0103rii dintre Universitatea &#8220;Al. I. Cuza din Ia\u0219i&#8221;, Academia de \u0218tiin\u021be a Republicii Moldova \u0219i Universitatea Tehnic\u0103 &#8220;Gheorghe Asachi&#8221; din Ia\u0219i, \u00een anul 1991, la Ia\u0219i, a fost [&hellip;]<\/p>\n","protected":false},"author":1,"featured_media":0,"parent":0,"menu_order":0,"comment_status":"closed","ping_status":"closed","template":"","meta":{"footnotes":""},"class_list":["post-17","page","type-page","status-publish","hentry"],"_links":{"self":[{"href":"https:\/\/www.geo.uaic.ro\/sig\/wp-json\/wp\/v2\/pages\/17","targetHints":{"allow":["GET"]}}],"collection":[{"href":"https:\/\/www.geo.uaic.ro\/sig\/wp-json\/wp\/v2\/pages"}],"about":[{"href":"https:\/\/www.geo.uaic.ro\/sig\/wp-json\/wp\/v2\/types\/page"}],"author":[{"embeddable":true,"href":"https:\/\/www.geo.uaic.ro\/sig\/wp-json\/wp\/v2\/users\/1"}],"replies":[{"embeddable":true,"href":"https:\/\/www.geo.uaic.ro\/sig\/wp-json\/wp\/v2\/comments?post=17"}],"version-history":[{"count":28,"href":"https:\/\/www.geo.uaic.ro\/sig\/wp-json\/wp\/v2\/pages\/17\/revisions"}],"predecessor-version":[{"id":369,"href":"https:\/\/www.geo.uaic.ro\/sig\/wp-json\/wp\/v2\/pages\/17\/revisions\/369"}],"wp:attachment":[{"href":"https:\/\/www.geo.uaic.ro\/sig\/wp-json\/wp\/v2\/media?parent=17"}],"curies":[{"name":"wp","href":"https:\/\/api.w.org\/{rel}","templated":true}]}}