{"id":11,"date":"2024-01-28T22:56:08","date_gmt":"2024-01-28T20:56:08","guid":{"rendered":"https:\/\/www.geo.uaic.ro\/sig\/?page_id=11"},"modified":"2026-03-11T15:53:07","modified_gmt":"2026-03-11T13:53:07","slug":"intro","status":"publish","type":"page","link":"https:\/\/www.geo.uaic.ro\/sig\/","title":{"rendered":"Introducere"},"content":{"rendered":"\n<p class=\"has-text-align-center\"><\/p>\n\n\n\n<p class=\"has-text-align-center\"><strong><font size=\"6\" face=\"arial\" color=\"#96FCFF\">CIRCULARA CONFERIN\u021aEI<\/font><\/strong><\/p>\n\n\n\n<div class=\"wp-block-group\"><div class=\"wp-block-group__inner-container is-layout-constrained wp-block-group-is-layout-constrained\">\n<div data-wp-interactive=\"core\/file\" class=\"wp-block-file\"><object data-wp-bind--hidden=\"!state.hasPdfPreview\" hidden class=\"wp-block-file__embed\" data=\"https:\/\/www.geo.uaic.ro\/sig\/wp-content\/uploads\/2026\/03\/Circulara_3_SIG_2026.pdf\" type=\"application\/pdf\" style=\"width:100%;height:600px\" aria-label=\"Embed of Circulara_3_SIG_2026.\"><\/object><a id=\"wp-block-file--media-4ae8debc-c15b-434e-baa0-8770f6a12085\" href=\"https:\/\/www.geo.uaic.ro\/sig\/wp-content\/uploads\/2026\/03\/Circulara_3_SIG_2026.pdf\">Circulara_3_SIG_2026<\/a><a href=\"https:\/\/www.geo.uaic.ro\/sig\/wp-content\/uploads\/2026\/03\/Circulara_3_SIG_2026.pdf\" class=\"wp-block-file__button wp-element-button\" download aria-describedby=\"wp-block-file--media-4ae8debc-c15b-434e-baa0-8770f6a12085\">Download<\/a><\/div>\n<\/div><\/div>\n\n\n\n<p class=\"has-text-align-center\">V\u0103 invit\u0103m s\u0103 participa\u021bi la cea de-a <strong><em>XXXII-a Edi\u021bie a Simpozionului Interna\u021bional de SIG \u0219i Teledetec\u021bie, BACKUP GISRS SPRING Edition<\/em><\/strong>, care va avea loc pe <strong>27 martie 2026<\/strong>, \u00een <strong>Ia\u0219i, Rom\u00e2nia<\/strong>, la Facultatea de Geografie \u0219i Geologie, Departamentul de Geografie, Universitatea Alexandru Ioan Cuza, din Ia\u0219i.<\/p>\n\n\n\n<p class=\"has-text-align-center\">Simpozionul Interna\u021bional de Sisteme Informa\u021bionale Geografice \u0219i Teledetec\u021bie, edi\u021bia a-XXXII-a, este organizat de c\u0103tre <strong>Asocia\u021bia ENVIROGIS din Ia\u0219i<\/strong>, \u00een colaborare cu Facultatea de Geografie \u0219i Geologie, Departamentul de Geografie.<\/p>\n\n\n\n<p class=\"has-text-align-center\"><mark style=\"background-color:rgba(0, 0, 0, 0);color:#ff0000\" class=\"has-inline-color\"><strong>CEA MAI BUNA LUCRARE PREZENTAT\u0102 FIZIC LA SEC\u021aIUNEA \u201cYOUNG RESEARCHER\u201d<\/strong> <br><strong>VA PRIMI PREMIUL \u201eIOAN DONIS\u0102\u201d (100 EURO)<\/strong><\/mark><\/p>\n\n\n\n<p class=\"has-text-align-center\"><strong><mark style=\"background-color:rgba(0, 0, 0, 0);color:#ff0000\" class=\"has-inline-color\">DATA LIMIT\u0102 \u00ceNREGISTRARE (TERMEN FINAL): 14 MARTIE 2026<\/mark><\/strong><\/p>\n\n\n\n<p class=\"has-text-align-center\"><\/p>\n","protected":false},"excerpt":{"rendered":"<p>CIRCULARA CONFERIN\u021aEI V\u0103 invit\u0103m s\u0103 participa\u021bi la cea de-a XXXII-a Edi\u021bie a Simpozionului Interna\u021bional de SIG \u0219i Teledetec\u021bie, BACKUP GISRS SPRING Edition, care va avea loc pe 27 martie 2026, \u00een Ia\u0219i, Rom\u00e2nia, la Facultatea de Geografie \u0219i Geologie, Departamentul de Geografie, Universitatea Alexandru Ioan Cuza, din Ia\u0219i. Simpozionul Interna\u021bional [&hellip;]<\/p>\n","protected":false},"author":1,"featured_media":0,"parent":0,"menu_order":0,"comment_status":"closed","ping_status":"closed","template":"","meta":{"footnotes":""},"class_list":["post-11","page","type-page","status-publish","hentry"],"_links":{"self":[{"href":"https:\/\/www.geo.uaic.ro\/sig\/wp-json\/wp\/v2\/pages\/11","targetHints":{"allow":["GET"]}}],"collection":[{"href":"https:\/\/www.geo.uaic.ro\/sig\/wp-json\/wp\/v2\/pages"}],"about":[{"href":"https:\/\/www.geo.uaic.ro\/sig\/wp-json\/wp\/v2\/types\/page"}],"author":[{"embeddable":true,"href":"https:\/\/www.geo.uaic.ro\/sig\/wp-json\/wp\/v2\/users\/1"}],"replies":[{"embeddable":true,"href":"https:\/\/www.geo.uaic.ro\/sig\/wp-json\/wp\/v2\/comments?post=11"}],"version-history":[{"count":46,"href":"https:\/\/www.geo.uaic.ro\/sig\/wp-json\/wp\/v2\/pages\/11\/revisions"}],"predecessor-version":[{"id":322,"href":"https:\/\/www.geo.uaic.ro\/sig\/wp-json\/wp\/v2\/pages\/11\/revisions\/322"}],"wp:attachment":[{"href":"https:\/\/www.geo.uaic.ro\/sig\/wp-json\/wp\/v2\/media?parent=11"}],"curies":[{"name":"wp","href":"https:\/\/api.w.org\/{rel}","templated":true}]}}