{"id":48,"date":"2022-10-06T16:21:33","date_gmt":"2022-10-06T16:21:33","guid":{"rendered":"https:\/\/www.geo.uaic.ro\/geomorphometry2023\/?page_id=48"},"modified":"2023-07-21T09:32:07","modified_gmt":"2023-07-21T09:32:07","slug":"committees","status":"publish","type":"page","link":"https:\/\/www.geo.uaic.ro\/geomorphometry2023\/committees\/","title":{"rendered":"Committees"},"content":{"rendered":"\n<h2 class=\"wp-block-heading\">Scientific Committee<\/h2>\n\n\n\n<p><strong>Alexander Brenning<\/strong> Friedrich Schiller University<br><strong>A-Xing Zhu <\/strong>University of Wisconsin<br><strong>Carlos Grohman<\/strong> University of Sao Paolo<br><strong>Giuseppe Amatulli<\/strong> Yale School of the Environment<br><strong>Hannes I. Reuter<\/strong> European Commission<br><strong>Helena Mitasova<\/strong> North Carolina State University<br><strong>Ian Evans<\/strong> Durham University<br><strong>Jaroslav Hofierka<\/strong> Pavol Jozef Safarik University<br><strong>John Gallant<\/strong> CSIRO<br><strong>John Lindsay<\/strong> University of Guelph<br><strong>Laurence Hawker<\/strong> University of Bristol<br><strong>Lucian Dragut<\/strong> West University of Timisoara<br><strong>Massimiliano Alvioli<\/strong> CNR IRPI Perugia<br><strong>Mihai Niculita<\/strong> University Al. I. Cuza<br><strong>Peter L. Guth<\/strong> US Naval Academy<br><strong>Qiming Zhou<\/strong> Hong Kong Baptist University<br><strong>Qin Cheng-Zhi<\/strong> Chinese Academy of Sciences<br><strong>Robert A. MacMillan<\/strong> LandMapper Environmental Solutions Inc.<br><strong>Samantha Arundel<\/strong> USGS<br><strong>Scott D. Peckham<\/strong> University of Colorado<br><strong>Sebastiano Trevisani<\/strong> University of Venice<br><strong>Steve Kopp<\/strong> ESRI<br><strong>Tomislav Hengl<\/strong> OpenGeoHub Foundation<\/p>\n\n\n\n<p><\/p>\n\n\n\n<p><\/p>\n\n\n\n<h2 class=\"wp-block-heading\">Organizing Committee<\/h2>\n\n\n\n<p>Hannes Reuter<\/p>\n\n\n\n<p>Peter Guth<\/p>\n\n\n\n<p>Mihai Niculi\u021b\u0103<\/p>\n\n\n\n<h2 class=\"wp-block-heading\">Local Organising Committee<\/h2>\n\n\n\n<p>Mihai Niculi\u021b\u0103, Ciprian M\u0103rg\u0103rint, Nicu\u0219or Necula, Adrian Grozavu, Lilian Niac\u0219u, Ionu\u021b Vasiliniuc<\/p>\n\n\n\n<p>Georgiana V\u0103culi\u0219teanu, Denisa Ursu, Alex Cuvuliuc, Guzu M\u0103d\u0103lina, Cioranu Ana<\/p>\n\n\n\n<h2 class=\"wp-block-heading\">Conference Secretary<\/h2>\n\n\n\n<p>Nicu\u0219or Necula, Georgiana V\u0103culi\u0219teanu<\/p>\n\n\n\n<h2 class=\"wp-block-heading\">Main contacts for the conference<\/h2>\n\n\n\n<p>Mihai Niculi\u021b\u0103, Nicu\u0219or Necula<\/p>\n","protected":false},"excerpt":{"rendered":"<p>Scientific Committee Alexander Brenning Friedrich Schiller UniversityA-Xing Zhu University of WisconsinCarlos Grohman University of Sao PaoloGiuseppe Amatulli Yale School of the EnvironmentHannes I. Reuter European CommissionHelena Mitasova North Carolina State UniversityIan Evans Durham UniversityJaroslav Hofierka Pavol Jozef Safarik UniversityJohn Gallant CSIROJohn Lindsay University of GuelphLaurence Hawker University of BristolLucian Dragut West University of TimisoaraMassimiliano Alvioli &hellip; <\/p>\n","protected":false},"author":1,"featured_media":0,"parent":0,"menu_order":0,"comment_status":"closed","ping_status":"closed","template":"","meta":{"footnotes":""},"class_list":["post-48","page","type-page","status-publish","hentry"],"_links":{"self":[{"href":"https:\/\/www.geo.uaic.ro\/geomorphometry2023\/wp-json\/wp\/v2\/pages\/48","targetHints":{"allow":["GET"]}}],"collection":[{"href":"https:\/\/www.geo.uaic.ro\/geomorphometry2023\/wp-json\/wp\/v2\/pages"}],"about":[{"href":"https:\/\/www.geo.uaic.ro\/geomorphometry2023\/wp-json\/wp\/v2\/types\/page"}],"author":[{"embeddable":true,"href":"https:\/\/www.geo.uaic.ro\/geomorphometry2023\/wp-json\/wp\/v2\/users\/1"}],"replies":[{"embeddable":true,"href":"https:\/\/www.geo.uaic.ro\/geomorphometry2023\/wp-json\/wp\/v2\/comments?post=48"}],"version-history":[{"count":5,"href":"https:\/\/www.geo.uaic.ro\/geomorphometry2023\/wp-json\/wp\/v2\/pages\/48\/revisions"}],"predecessor-version":[{"id":383,"href":"https:\/\/www.geo.uaic.ro\/geomorphometry2023\/wp-json\/wp\/v2\/pages\/48\/revisions\/383"}],"wp:attachment":[{"href":"https:\/\/www.geo.uaic.ro\/geomorphometry2023\/wp-json\/wp\/v2\/media?parent=48"}],"curies":[{"name":"wp","href":"https:\/\/api.w.org\/{rel}","templated":true}]}}