{"id":44,"date":"2022-10-06T16:21:32","date_gmt":"2022-10-06T16:21:32","guid":{"rendered":"https:\/\/www.geo.uaic.ro\/geomorphometry2023\/?page_id=44"},"modified":"2023-07-04T11:33:39","modified_gmt":"2023-07-04T11:33:39","slug":"registration","status":"publish","type":"page","link":"https:\/\/www.geo.uaic.ro\/geomorphometry2023\/registration\/","title":{"rendered":"Registration"},"content":{"rendered":"\n<p>Registration can be done by paying the conference fee and submitting this completed <a href=\"https:\/\/www.geo.uaic.ro\/geomorphometry2023\/wp-content\/uploads\/2023\/04\/REGISTRATION_FORM.docx\">form<\/a> to <a href=\"mihai.niculita@uaic.ro\">mihai.niculita@uaic.ro<\/a>.<\/p>\n\n\n\n<p>The registration fee will be 460 EURO, including conference materials, an icebreaker, coffee breaks, lunches, Thursday dinner, and a field trip.<\/p>\n\n\n\n<p>Payment can be made by card online or by bank transfer.<\/p>\n\n\n\n<p>Online payments are made using the university platform: <a href=\"https:\/\/plati-alumni.uaic.ro\/conferinta\/index.php\">https:\/\/plati-alumni.uaic.ro\/<\/a>, choosing <strong><em>Geomorphometry 2023<\/em><\/strong> as the event and filling in the required fields. Invoices will be provided by email or at the conference (contact <a href=\"mihai.niculita@uaic.ro\">mihai.niculita@uaic.ro<\/a> or <a href=\"aesynero@gmail.com\">aesynero@gmail.com<\/a>).<\/p>\n\n\n\n<p>Bank transfer details:<\/p>\n\n\n\n<p>Name: Funda\u021bia Alumni \u2013 Universitatea Alexandru Ioan Cuza din Ia\u0219i<\/p>\n\n\n\n<p>Address: Bulevardul Carol I, nr. 11<\/p>\n\n\n\n<p>Fiscal code: 21591880<\/p>\n\n\n\n<ol class=\"wp-block-list\">\n<li><strong>BRD-GSG (Banca Rom\u00e2n\u0103 pentru Dezvoltare \u2013&nbsp;Groupe Societe Generale<\/strong><\/li>\n<\/ol>\n\n\n\n<ul class=\"wp-block-list\">\n<li>IBAN RON:&nbsp;<strong><em>RO90 BRDE 240S V765 6220 2400<\/em><\/strong><\/li>\n\n\n\n<li>IBAN EUR:&nbsp;<strong><em>RO76 BRDE 240S V783 6183 2400<\/em><\/strong><\/li>\n\n\n\n<li>SWIFT:&nbsp;<strong><em>BRDEROBUXXX<\/em><\/strong><\/li>\n<\/ul>\n\n\n\n<p>    2. <strong>BCR (Banca Comercial\u0103 Rom\u00e2n\u0103)<\/strong><\/p>\n\n\n\n<ul class=\"wp-block-list\">\n<li>IBAN RON:&nbsp;<strong><em>RO83 RNCB 0175 1456 5076 0001<\/em><\/strong><\/li>\n<\/ul>\n\n\n\n<p>Ph.D. students and retired scientists will benefit from reduced fees (50% of normal registration).<\/p>\n\n\n\n<p>Scientists with a documented permanent affiliation in <a href=\"https:\/\/data.worldbank.org\/country\/XM\">low-<\/a> or <a href=\"https:\/\/data.worldbank.org\/country\/XN\">lower-middle<\/a> income countries will benefit from reduced fees (50% of normal registration). The list is available on the <a rel=\"noreferrer noopener\" href=\"https:\/\/data.worldbank.org\/country\" target=\"_blank\">World Bank website<\/a>.<\/p>\n\n\n\n<p>Cancellation\/refund policy<\/p>\n\n\n\n<p>Written notifications must be emailed to <a href=\"mihai.niculita@uaic.ro\">mihai.niculita@uaic.ro<\/a>.<br>Registration cancellations received by 1 June 2023 will receive a complete refund.<br>Cancellations received between 1 June and 1 July 2023 will have a 100 EUR processing fee deducted from their refund.<br>No refunds will be issued for canceled registrations or ticketed events after 1 July 2023.<\/p>\n","protected":false},"excerpt":{"rendered":"<p>Registration can be done by paying the conference fee and submitting this completed form to mihai.niculita@uaic.ro. The registration fee will be 460 EURO, including conference materials, an icebreaker, coffee breaks, lunches, Thursday dinner, and a field trip. Payment can be made by card online or by bank transfer. Online payments are made using the university &hellip; <\/p>\n","protected":false},"author":1,"featured_media":0,"parent":0,"menu_order":0,"comment_status":"closed","ping_status":"closed","template":"","meta":{"footnotes":""},"class_list":["post-44","page","type-page","status-publish","hentry"],"_links":{"self":[{"href":"https:\/\/www.geo.uaic.ro\/geomorphometry2023\/wp-json\/wp\/v2\/pages\/44","targetHints":{"allow":["GET"]}}],"collection":[{"href":"https:\/\/www.geo.uaic.ro\/geomorphometry2023\/wp-json\/wp\/v2\/pages"}],"about":[{"href":"https:\/\/www.geo.uaic.ro\/geomorphometry2023\/wp-json\/wp\/v2\/types\/page"}],"author":[{"embeddable":true,"href":"https:\/\/www.geo.uaic.ro\/geomorphometry2023\/wp-json\/wp\/v2\/users\/1"}],"replies":[{"embeddable":true,"href":"https:\/\/www.geo.uaic.ro\/geomorphometry2023\/wp-json\/wp\/v2\/comments?post=44"}],"version-history":[{"count":14,"href":"https:\/\/www.geo.uaic.ro\/geomorphometry2023\/wp-json\/wp\/v2\/pages\/44\/revisions"}],"predecessor-version":[{"id":347,"href":"https:\/\/www.geo.uaic.ro\/geomorphometry2023\/wp-json\/wp\/v2\/pages\/44\/revisions\/347"}],"wp:attachment":[{"href":"https:\/\/www.geo.uaic.ro\/geomorphometry2023\/wp-json\/wp\/v2\/media?parent=44"}],"curies":[{"name":"wp","href":"https:\/\/api.w.org\/{rel}","templated":true}]}}