{"id":43,"date":"2022-10-06T16:21:32","date_gmt":"2022-10-06T16:21:32","guid":{"rendered":"https:\/\/www.geo.uaic.ro\/geomorphometry2023\/?page_id=43"},"modified":"2023-07-21T09:27:13","modified_gmt":"2023-07-21T09:27:13","slug":"programme","status":"publish","type":"page","link":"https:\/\/www.geo.uaic.ro\/geomorphometry2023\/programme\/","title":{"rendered":"Programme"},"content":{"rendered":"\n<p><a href=\"https:\/\/www.geo.uaic.ro\/geomorphometry2023\/wp-content\/uploads\/2023\/07\/Geomorphometry_2023_Proceedings_book.pdf\" target=\"_blank\" rel=\"noreferrer noopener\">Proceedings book download<\/a><\/p>\n\n\n\n<h2 class=\"wp-block-heading\">Sunday  (9<sup>th<\/sup> July)<\/h2>\n\n\n\n<p>17:30-21:00 Icebreaker meeting &#8211; Casa Universitarilor Restaurant<\/p>\n\n\n\n<figure class=\"wp-block-image size-large\"><img loading=\"lazy\" decoding=\"async\" width=\"1024\" height=\"635\" src=\"https:\/\/www.geo.uaic.ro\/geomorphometry2023\/wp-content\/uploads\/2023\/07\/GEOMORPHOMETRY2023_PROGRAMME-1-1024x635.png\" alt=\"\" class=\"wp-image-363\" srcset=\"https:\/\/www.geo.uaic.ro\/geomorphometry2023\/wp-content\/uploads\/2023\/07\/GEOMORPHOMETRY2023_PROGRAMME-1-1024x635.png 1024w, https:\/\/www.geo.uaic.ro\/geomorphometry2023\/wp-content\/uploads\/2023\/07\/GEOMORPHOMETRY2023_PROGRAMME-1-300x186.png 300w, https:\/\/www.geo.uaic.ro\/geomorphometry2023\/wp-content\/uploads\/2023\/07\/GEOMORPHOMETRY2023_PROGRAMME-1-768x476.png 768w, https:\/\/www.geo.uaic.ro\/geomorphometry2023\/wp-content\/uploads\/2023\/07\/GEOMORPHOMETRY2023_PROGRAMME-1-1536x952.png 1536w, https:\/\/www.geo.uaic.ro\/geomorphometry2023\/wp-content\/uploads\/2023\/07\/GEOMORPHOMETRY2023_PROGRAMME-1.png 1775w\" sizes=\"auto, (max-width: 1024px) 100vw, 1024px\" \/><\/figure>\n\n\n\n<h4 class=\"wp-block-heading\">The presentation code from the paper list (<a href=\"https:\/\/www.geo.uaic.ro\/geomorphometry2023\/wp-content\/uploads\/2023\/06\/GEOMORPHOMETRY2023_PROGRAMME_PAPERS.pdf\" target=\"_blank\" rel=\"noreferrer noopener\">available here<\/a>) will show the slot from the programme above.<\/h4>\n\n\n\n<h2 class=\"wp-block-heading\">Monday (10<sup>th<\/sup> July) &#8211; Day 1 &#8211; <a href=\"https:\/\/docs.google.com\/forms\/d\/e\/1FAIpQLScHZE7MQ6vyzRpC8uj_qx1trZYBESB2A-7WMRuE1k6UaEgnYg\/viewform?usp=sf_link\" target=\"_blank\" rel=\"noreferrer noopener\">voting<\/a><\/h2>\n\n\n\n<figure class=\"wp-block-table\"><table><tbody><tr><td>08:00-08:45<\/td><td>           <strong>Registration<\/strong> &#8211; front of Aula Magna Mihai Eminescu, University Main Corp (A)<\/td><\/tr><tr><td>08:45-09:00<\/td><td>      <strong>Opening<\/strong> &amp; <strong>Welcome Address<\/strong> &#8211; Aula Magna Mihai Eminescu, University Main Corp (A)<\/td><\/tr><tr><td>09:00-10:00<\/td><td>Geomorphometry Lifetime Achievement Award Lecture: <strong>John Wilson<\/strong> &#8211; &#8220;<em>Recent Advances and Challenges in Geomorphometry<\/em>&#8220;<\/td><\/tr><tr><td>10:00-10:20<\/td><td><strong>Ernest Fahrland,&nbsp;Virginia Herrera,&nbsp;Hanne Paschko&nbsp;and&nbsp;Henning Schrader<\/strong> &#8211; <a href=\"https:\/\/doi.org\/10.5281\/zenodo.7875365\" data-type=\"URL\" data-id=\"https:\/\/doi.org\/10.5281\/zenodo.7875365\" target=\"_blank\" rel=\"noreferrer noopener\"><em>Evolution of the Copernicus DEM: beyond today&#8217;s elevation data with WorldDEM Neo<\/em><\/a><\/td><\/tr><tr><td>10:20-10:40<\/td><td><strong>Laurence Paul Hawker, Peter Uhe and Jeffrey Neal<\/strong> &#8211; <em><a href=\"https:\/\/doi.org\/10.5281\/zenodo.8101259\" target=\"_blank\" rel=\"noreferrer noopener\">FABDEM Updates &#8211; FABDEM V1-2<\/a><\/em><\/td><\/tr><tr><td>10:40-11:00<\/td><td><strong>Peter Guth, Carlos Grohmann and Sebastiano Trevisani<\/strong> &#8211; <a href=\"https:\/\/doi.org\/10.5281\/zenodo.8057703\" target=\"_blank\" rel=\"noreferrer noopener\"><em>Geomorphometric and Geospatial Patterns in Differences Between ALOS and COPDEM<\/em><\/a><\/td><\/tr><tr><td>11:00-11:20<\/td><td><strong>Dean Gesch<\/strong> &#8211; <em><a href=\"https:\/\/doi.org\/10.5281\/zenodo.8011577\" target=\"_blank\" rel=\"noreferrer noopener\">Assessing Global Elevation Models for Mapping the Low Elevation Coastal Zone<\/a><\/em><\/td><\/tr><tr><td>11:20-11:40<\/td><td><strong>Richard Feciskanin<\/strong> &#8211; <em><a href=\"https:\/\/doi.org\/10.5281\/zenodo.7861927\" target=\"_blank\" rel=\"noreferrer noopener\">DEM generalization using polygonal simplification<\/a><\/em><\/td><\/tr><tr><td>11:40-13:00<\/td><td>                                          <strong>Lunch Break &#8211; Titu Maiorescu<\/strong> <strong>Canteen<\/strong><\/td><\/tr><tr><td>13:00-13:20<\/td><td><strong>Fei Zhao and Liyang Xiong<\/strong> &#8211; <em>A novel algorithm for calculating flow direction in multi-lake areas<\/em><\/td><\/tr><tr><td>13:20-13:40<\/td><td><strong>Sebastiano Trevisani&nbsp;and Peter L. Guth<\/strong> &#8211; <em><a href=\"https:\/\/doi.org\/10.5281\/zenodo.7899820\" target=\"_blank\" rel=\"noreferrer noopener\">Landscape according to surface roughness: experimenting in the Taklimakan Desert<\/a><\/em><\/td><\/tr><tr><td>13:40-14:00<\/td><td><strong>Vincent Lecours, Benjamin Misiuk and Craig J. Brown<\/strong> &#8211; <em><a href=\"https:\/\/doi.org\/10.5281\/zenodo.7871806\" target=\"_blank\" rel=\"noreferrer noopener\">Exploring the Effects of Acoustic Frequency on Terrain Attributes and Classifications Derived from Digital Bathymetric Models at Multiple Scales<\/a><\/em><\/td><\/tr><tr><td>14:00-14:20<\/td><td><strong>John Lindsay<\/strong> &#8211; <a rel=\"noreferrer noopener\" href=\"https:\/\/doi.org\/10.5281\/zenodo.7879601\" target=\"_blank\"><em>The time-in-daylight land-surface parameter<\/em><\/a><\/td><\/tr><tr><td>14:20-14:40<\/td><td><strong>Gaurav Sinha, Samantha Arundel, Romim Somadder, David Martin and Kevin McKeehan<\/strong> &#8211; <em><a href=\"https:\/\/doi.org\/10.5281\/zenodo.7902804\" target=\"_blank\" rel=\"noreferrer noopener\">Geomorphometric analysis of Summit and Ridge landforms in the USGS GNIS topographic<br>database<\/a><\/em><\/td><\/tr><tr><td>14:40-15:00<\/td><td>                 <strong>Coffee Break<\/strong> &#8211; The Hall of the Lost Steps, University Main Corp (A)<\/td><\/tr><tr><td>15:00-15:20<\/td><td><strong>Mihai Niculi\u021b\u0103<\/strong> &#8211; <em><a href=\"https:\/\/doi.org\/10.5281\/zenodo.8117563\" data-type=\"URL\" data-id=\"https:\/\/doi.org\/10.5281\/zenodo.8117563\" target=\"_blank\" rel=\"noreferrer noopener\">Neighborhood contextual merging of segments for landform detection and classification<\/a><\/em><\/td><\/tr><tr><td>15:20-15:40<\/td><td><strong>Andrei Dornik, Marinela Adriana Che\u0163an, Lucian Dragut, Andrei Iliu\u0163\u0103 and Daniel Dorin Dicu<\/strong> &#8211; <em>Delineation of mapping units for land suitability assessment using land-surface parameters<\/em><\/td><\/tr><tr><td>15:40-16:00<\/td><td><strong>Janusz Godziek<\/strong> &#8211; <em><a rel=\"noreferrer noopener\" href=\"https:\/\/doi.org\/10.5281\/zenodo.7883108\" target=\"_blank\">Application of LiDAR-based DTMs and DSMs to detect landforms created by the trees uprooting process<\/a><\/em><\/td><\/tr><tr><td>16:00-16:20<\/td><td><strong>Christian Depraetere, Beno\u00eet Deffontaines and Serge Riazanoff<\/strong> &#8211; <em>Resampling and hydrogeomorphometrical processing of dense Lidar\/DEM: Relationships between landforms and hydrological processes in a Mediterranean peri-alpine catchment basin<\/em><\/td><\/tr><tr><td>16:20-16:40<\/td><td><strong><strong>Maeve DeBuse and Peter Guth<\/strong><\/strong> &#8211; <em><a href=\"https:\/\/doi.org\/10.5281\/zenodo.8037112\" target=\"_blank\" rel=\"noreferrer noopener\">Evaluation of elevation, slope, roughness, and vegetation type on the burn severity of the 2020 Calwood Fire in Boulder County, Colorado<\/a><\/em><\/td><\/tr><tr><td>17:00-20:00<\/td><td>                                    <strong>Guided City Tour<\/strong> &#8211; Meeting point is Corp A entry<\/td><\/tr><\/tbody><\/table><\/figure>\n\n\n\n<p> <\/p>\n\n\n\n<h2 class=\"wp-block-heading\">Tuesday (11<sup>th<\/sup> July) &#8211; Day 2<\/h2>\n\n\n\n<p>08:00-20:00 Fieldtrip<\/p>\n\n\n\n<figure class=\"wp-block-table\"><table><tbody><tr><td>8:00-9:00<\/td><td>Travel from Ia\u0219i to Coste\u0219ti<\/td><\/tr><tr><td>9:00-10:00<\/td><td>Coste\u0219ti Geoarchaeosite<\/td><\/tr><tr><td>10:00-10:30<\/td><td>Travel from Coste\u0219ti to Cotnari<\/td><\/tr><tr><td>10:30-11:30<\/td><td>Cotnari Vineyard &amp; Winery<\/td><\/tr><tr><td>11:30-13:00<\/td><td>Wine tasting &amp; Lunch<\/td><\/tr><tr><td>13:00-14:30<\/td><td>Travel from Cotnari to V\u00e2n\u0103tori<\/td><\/tr><tr><td>14:30-16:00<\/td><td>Visit to Drago\u0219 Vod\u0103 Bison Reserve<\/td><\/tr><tr><td>16:00-16:30<\/td><td>Travel from V\u00e2n\u0103tori to T\u00e2rgu Neam\u021b<\/td><\/tr><tr><td>16:30-18:00<\/td><td>Neam\u021b Fortress Visit<\/td><\/tr><tr><td>18:00-20:00<\/td><td>Travel from T\u00e2rgu Neam\u021b to Ia\u0219i<\/td><\/tr><\/tbody><\/table><\/figure>\n\n\n\n<h2 class=\"wp-block-heading\">Wednesday (12<sup>th<\/sup> July) &#8211; Day 3 &#8211; <a href=\"https:\/\/docs.google.com\/forms\/d\/e\/1FAIpQLSfjBcTb3BoDNWPLPnwLXIklweqG7kJasjDdAx6UYJwolBaWXw\/viewform?usp=sf_link\" target=\"_blank\" rel=\"noreferrer noopener\">voting<\/a><\/h2>\n\n\n\n<figure class=\"wp-block-table\"><table><tbody><tr><td>9:00-10:00<\/td><td>Keynote Lecture 1: <strong>John Lindsay<\/strong> &#8211; <em>The case for locally scale optimized land-surface parameters<\/em><\/td><\/tr><tr><td>10:00-10:40<\/td><td><strong>Simona Bacau<\/strong> &#8211; <strong>ESRI Romania<\/strong> &#8211; <em>Processing Drone Imagery<\/em><\/td><\/tr><tr><td>10:40-11:00<\/td><td><strong>Bofei Zhao, Haigang Sui and Qiming Zhou<\/strong> &#8211; <em><a href=\"https:\/\/doi.org\/10.5281\/zenodo.7848310\" target=\"_blank\" rel=\"noreferrer noopener\">Flood inundation analysis based on SAR image and DEM: A case study of the 2021 Zhengzhou Flood in China<\/a><\/em><\/td><\/tr><tr><td>11:00-11:20<\/td><td><strong>Alexander Brenning<\/strong> &#8211; <em>Novel approaches to spatial model assessment and interpretation: the example of landslide susceptibility modeling<\/em><\/td><\/tr><tr><td>11:20-11:40<\/td><td><strong>Nicusor Necula and Mihai Niculita<\/strong> &#8211; <em><a rel=\"noreferrer noopener\" href=\"https:\/\/doi.org\/10.5281\/zenodo.8009021\" target=\"_blank\">Machine learning classification of geomorphometric segments for floodplain detection and delineation<\/a><\/em><\/td><\/tr><tr><td>11:40-13:00<\/td><td>                                        <strong>Lunch Break &#8211; Titu Maiorescu<\/strong><\/td><\/tr><tr><td>13:00-13:20<\/td><td><strong>Liyang Xiong, Jiang Yinghui and Sijin Li<\/strong> &#8211; <em><a rel=\"noreferrer noopener\" href=\"https:\/\/doi.org\/10.5281\/zenodo.7848119\" target=\"_blank\">Super-resolution for terrain modeling using deep learning in High Mountain Asia<\/a><\/em><\/td><\/tr><tr><td>13:20-13:40<\/td><td><strong>Yu-Feng Ho, Tomislav Hengl and Leandro Parente<\/strong> &#8211; <em><a rel=\"noreferrer noopener\" href=\"https:\/\/doi.org\/10.5281\/zenodo.7877510\" target=\"_blank\">Cloud services for ensemble global elevation data using an updatable method achieved by parallel computation<\/a><\/em><\/td><\/tr><tr><td>13:40-14:00<\/td><td><strong>Jun Chen, Liyang Xiong, Guanghui Hu and Guoan Tang<\/strong> &#8211; <em><a rel=\"noreferrer noopener\" href=\"https:\/\/www.geo.uaic.ro\/doi.org\/10.5281\/zenodo.7805651\" target=\"_blank\">Integrating topographic knowledge into point cloud simplification for terrain modelling<\/a><\/em><\/td><\/tr><tr><td>14:00-14:20<\/td><td><strong>Juan Francisco Reinoso-Gordo and Francisco Javier Ariza-L\u00f3pez<\/strong> &#8211; <em><a rel=\"noreferrer noopener\" href=\"https:\/\/doi.org\/10.5281\/zenodo.7852429\" target=\"_blank\">A method to rank global DEMs quality focused on their horizontal accuracy<\/a><\/em><\/td><\/tr><tr><td>14:20-14:40<\/td><td><strong>Adam Rusinko and Jozef Min\u00e1r<\/strong> &#8211; <a rel=\"noreferrer noopener\" href=\"https:\/\/doi.org\/10.5281\/zenodo.7821717\" target=\"_blank\">The role of geomorphometric predictors in LUCC modeling<\/a><\/td><\/tr><tr><td>14:40-15:00<\/td><td>                <strong>Coffee Break<\/strong> &#8211; The Hall of the Lost Steps, University Main Corp (A)<\/td><\/tr><tr><td><\/td><td>                                                        <strong>CEOS DEMIX<\/strong><\/td><\/tr><tr><td>15:00-15:20<\/td><td><strong> Peter Strobl<\/strong> &#8211; <em>Overview of the DEMIX Initiative<\/em><\/td><\/tr><tr><td>15:20-15:40<\/td><td><strong>Carlos Henrique Grohmann, Carlos L\u00f3pez-V\u00e1zquez, Peter Guth, Conrad Bielski <\/strong>&#8211; <a rel=\"noreferrer noopener\" href=\"https:\/\/doi.org\/10.5281\/zenodo.8066531\" target=\"_blank\">The DEMIX Wine Contest: a summary<\/a><\/td><\/tr><tr><td>15:40-16:00<\/td><td><strong>Carlos Henrique Grohmann<\/strong> &#8211; <em><a rel=\"noreferrer noopener\" href=\"https:\/\/doi.org\/10.5281\/zenodo.7779256\" target=\"_blank\">The DEMIX Wine Contest Jupyter notebook<\/a><\/em><\/td><\/tr><tr><td>16:00-16:20<\/td><td colspan=\"2\"><strong>Peter Guth, Carlos Henrique Grohmann and Sebastiano Trevisani<\/strong> &#8211; <em><a rel=\"noreferrer noopener\" href=\"https:\/\/doi.org\/10.5281\/zenodo.8030735\" target=\"_blank\">Subjective Criterion for the DEMIX Wine Contest: Hillshade Maps<\/a><\/em><\/td><\/tr><tr><td>16:20-16:40<\/td><td><strong>Guth, Peter L, Grohmann, Carlos H., Trevisani, Sebastiano, &amp; Bielski,<br>Conrad  &#8211; <\/strong><em><a href=\"https:\/\/doi.org\/10.5281\/zenodo.8092218\" target=\"_blank\" rel=\"noreferrer noopener\">Going Forward: Extending and Exploiting the<br>DEMIX Database With MICRODEM<\/a><\/em><\/td><\/tr><tr><td>16:40-17:00<\/td><td><strong>Serge<\/strong> <strong>Riazanoff<\/strong> &#8211; <em>DEMIX SG3 &#8220;Platforms &amp; Processing&#8221; studies &#8211; Quality assessment of global DEMs from LiDAR data, planimetric, misregistration assessment, use of VHR DEMs to produce Sentinel-1 ARD<\/em><\/td><\/tr><tr><td>17:00-17:40<\/td><td>                                                 Panel discussions with the audience<\/td><\/tr><\/tbody><\/table><\/figure>\n\n\n\n<h2 class=\"wp-block-heading\">Thursday (13<sup>th<\/sup> July) &#8211; Day 4 &#8211; <a href=\"https:\/\/docs.google.com\/forms\/d\/e\/1FAIpQLSeVyyO7k8bTUDSflQdIZymAkjGgZYvExtsOj7Vwnx3_7qf62A\/viewform?usp=sf_link\" target=\"_blank\" rel=\"noreferrer noopener\">voting<\/a><\/h2>\n\n\n\n<figure class=\"wp-block-table\"><table><tbody><tr><td>09:00-10:00<\/td><td colspan=\"2\">Keynote Lecture 2: <strong>Jozef Minar<\/strong> &#8211; &#8220;<em><a rel=\"noreferrer noopener\" href=\"https:\/\/doi.org\/10.5281\/zenodo.7802187\" target=\"_blank\">Using principles of physics in geomorphometry: moving toward hypothetico-deductive geoscience<\/a><\/em>&#8220;<\/td><\/tr><tr><td>10:00-10:20<\/td><td rowspan=\"5\">CEOS<br>Terrain<br>Mapping <br>Sub-Group<\/td><td colspan=\"2\"><strong>Xiaohui Huang and Liyang Xiong<\/strong> &#8211; <em><a rel=\"noreferrer noopener\" href=\"https:\/\/doi.org\/10.5281\/zenodo.7871014\" target=\"_blank\">Mapping gully affected areas based on Sentinel 2 imagery and digital elevation model<\/a><\/em><\/td><\/tr><tr><td>10:20-10:40<\/td><td colspan=\"2\"><strong>Tian Jia, Cheng-Zhi Qin, Ping Fu and Vladimir Brusic<\/strong> &#8211; <em><a rel=\"noreferrer noopener\" href=\"https:\/\/doi.org\/10.5281\/zenodo.7834856\" target=\"_blank\">Applicability of longitudinal profiles for glacial cirque classification<\/a><\/em><\/td><\/tr><tr><td>10:40-11:00<\/td><td colspan=\"2\"><strong>Ian Evans, Yingkui Li and Zhibin Zhao<\/strong> &#8211; <em><a rel=\"noreferrer noopener\" href=\"https:\/\/doi.org\/10.5281\/zenodo.7821243\" target=\"_blank\">Dependence of statistical results on definitions and extents of study area: examples from cirques and glaciers<\/a><\/em><\/td><\/tr><tr><td>11:00-11:20<\/td><td colspan=\"2\"><strong>Hannes Reuter<\/strong> &#8211; <em><a rel=\"noreferrer noopener\" href=\"https:\/\/doi.org\/10.5281\/zenodo.7977922\" target=\"_blank\">Applying Terrain analysis to human population?<\/a><\/em><\/td><\/tr><tr><td>11:20-11:40<\/td><td colspan=\"2\"><strong>Francisco Javier Ariza-L\u00f3pez and Juan Francisco Reinoso<\/strong> &#8211; <em><a rel=\"noreferrer noopener\" href=\"https:\/\/doi.org\/10.5281\/zenodo.7861223\" target=\"_blank\">Functional Quality for GDEMs Assessment<\/a><\/em><\/td><\/tr><tr><td>11:40-13:00<\/td><td colspan=\"2\">                                     <strong>Lunch Break &#8211; Titu Maiorescu<\/strong><\/td><\/tr><tr><td>13:00-13:20<\/td><td colspan=\"2\"><strong>Francisco Javier Ariza-L\u00f3pez, Manuel A. Ure\u00f1a-Camara, Juan Francisco Reinoso and Marcelo Antonio Nero<\/strong> &#8211; <a href=\"https:\/\/doi.org\/10.5281\/zenodo.7871959\" target=\"_blank\" rel=\"noreferrer noopener\">Proposal for a Collaborative Data Infrastructure for Control of DEMs<\/a><\/td><\/tr><tr><td>13:20-13:40<\/td><td colspan=\"2\"><strong>Guohua Gou, Haigang Sui, Sheng Wang, Qiming Zhou and Jianya Gong<\/strong> &#8211; <em><a rel=\"noreferrer noopener\" href=\"https:\/\/doi.org\/10.5281\/zenodo.7857527\" target=\"_blank\">Constructing a True 3-D Model of a Karst Cave Using an UAV<\/a><\/em><\/td><\/tr><tr><td>13:40-14:00<\/td><td colspan=\"2\"><strong>Carlos Grohmann, Gulherme Garcia, Camila Viana, Helen Dias and Rebeca Coelho<\/strong> &#8211; <em><a rel=\"noreferrer noopener\" href=\"https:\/\/doi.org\/10.5281\/zenodo.7779223\" target=\"_blank\">RPA flight pattern and GCP influence on SfM-MVS modeling of a stable landslide in SE Brazil<\/a><\/em><\/td><\/tr><tr><td>14:00-14:20<\/td><td colspan=\"2\"><strong>Haigang Sui, Hao Zhang, Qiming Zhou and Jianya Gong<\/strong> &#8211; <em><a rel=\"noreferrer noopener\" href=\"https:\/\/doi.org\/10.5281\/zenodo.7988662\" target=\"_blank\">The true 3-D surface reconstruction using a multi-UAV cooperation method<\/a><\/em><\/td><\/tr><tr><td>14:20-14:40<\/td><td colspan=\"2\">                                                    <strong>ISG Busssiness Meeting<\/strong><\/td><\/tr><tr><td>14:40-15:00<\/td><td colspan=\"2\">                  <strong>Coffee Break<\/strong> &#8211; The Hall of the Lost Steps, University Main Corp (A)<\/td><\/tr><tr><td>15:00-15:20<\/td><td colspan=\"2\">                                                   <strong>ISG Busssiness Meeting<\/strong><\/td><\/tr><tr><td>15:20-15:40<\/td><td colspan=\"2\">                                                  <strong>ISG Busssiness Meeting<\/strong><\/td><\/tr><tr><td>15:40-16:40<\/td><td colspan=\"2\">                                                 <strong> ISG Busssiness Meeting<\/strong><\/td><\/tr><tr><td>16:40-17:00<\/td><td colspan=\"2\">                 <strong>Coffee Break<\/strong> &#8211; The Hall of the Lost Steps, University Main Corp (A)<\/td><\/tr><tr><td>17:00-18:00<\/td><td colspan=\"2\">                                                <strong>ISG Busssiness Meeting<\/strong><\/td><\/tr><tr><td>18:00-21:00<\/td><td colspan=\"2\">                                                           <strong>Dinner<\/strong> &#8211; University House<\/td><\/tr><\/tbody><\/table><\/figure>\n\n\n\n<h2 class=\"wp-block-heading\">Friday (14<sup>th<\/sup> July) &#8211; Day 5<\/h2>\n\n\n\n<figure class=\"wp-block-table\"><table><tbody><tr><td>8:45-10:20<\/td><td>     <strong>Serge Riazanoff<\/strong> &#8211; DEMIX workshop &#8211; Department of Geography, University Corp B<br><em>(1) VtWeb for DEMs and (2) DEMIX Operations Portal<br>(1) How to use VtWeb to select DEMs, their various versions, visualise them, apply on-the-fly processing, compare interactively DEMs and their versions, compute statistics, compute profiles\u2026<br>See for example https:\/\/visioterra.fr\/telechargement\/A003_VISIOTERRA_COMMUNICATION\/HYP-107-VtWeb-E_Comparison_of_Copernicus_DEM_releases_2022_vs_2021.pdf<br>(2) How to use &#8220;DEMIX Operations Portal&#8221; to import candidate and VHR reference DEMs and to compute criteria.<br>See https:\/\/visioterra.org\/DemixOperationsPlatform\/<\/em><\/td><\/tr><tr><td>10:20-10:40<\/td><td>                  <strong>Coffee Break<\/strong> &#8211; Department of Geography, University Corp B<\/td><\/tr><tr><td>10:40-11:40<\/td><td>Serge Riazanoff &#8211; DEMIX workshop &#8211; Department of Geography, University Corp B<br><em>DEM4S2<br>How to get the DEM that has been used to orthorectify the Sentinel-2 tile and how this DEM produced on the exact tile footprint can be uploaded to better photo-interpret the optical data.<br>See for example https:\/\/visioterra.org\/DEM4S2\/?s2Id=S2A_MSIL1C_20230616T012701_N0509_R074_T54STE_20230616T045503<\/em><\/td><\/tr><tr><td>11:40-13:00<\/td><td>                                        <strong>Lunch Break &#8211; Titu Maiorescu<\/strong><\/td><\/tr><tr><td>13:00-14:00<\/td><td>John Lindsay &#8211; Whitebox Workshop &#8211; Department of Geography, University Corp B<\/td><\/tr><tr><td>14:00-14:20<\/td><td>                 <strong>Coffee Break<\/strong> &#8211; Department of Geography, University Corp B<\/td><\/tr><tr><td>14:20-15:40<\/td><td>John Lindsay &#8211; Whitebox Workshop &#8211; Department of Geography, University Corp B<\/td><\/tr><tr><td>15:40-17:00<\/td><td>John Lindsay &#8211; Whitebox Workshop &#8211; Department of Geography, University Corp B<\/td><\/tr><tr><td>17:00-22:00<\/td><td>                                                        <strong> Informal City Tour<\/strong><\/td><\/tr><\/tbody><\/table><\/figure>\n","protected":false},"excerpt":{"rendered":"<p>Proceedings book download Sunday (9th July) 17:30-21:00 Icebreaker meeting &#8211; Casa Universitarilor Restaurant The presentation code from the paper list (available here) will show the slot from the programme above. Monday (10th July) &#8211; Day 1 &#8211; voting 08:00-08:45 Registration &#8211; front of Aula Magna Mihai Eminescu, University Main Corp (A) 08:45-09:00 Opening &amp; Welcome &hellip; <\/p>\n","protected":false},"author":1,"featured_media":0,"parent":0,"menu_order":0,"comment_status":"closed","ping_status":"closed","template":"","meta":{"footnotes":""},"class_list":["post-43","page","type-page","status-publish","hentry"],"_links":{"self":[{"href":"https:\/\/www.geo.uaic.ro\/geomorphometry2023\/wp-json\/wp\/v2\/pages\/43","targetHints":{"allow":["GET"]}}],"collection":[{"href":"https:\/\/www.geo.uaic.ro\/geomorphometry2023\/wp-json\/wp\/v2\/pages"}],"about":[{"href":"https:\/\/www.geo.uaic.ro\/geomorphometry2023\/wp-json\/wp\/v2\/types\/page"}],"author":[{"embeddable":true,"href":"https:\/\/www.geo.uaic.ro\/geomorphometry2023\/wp-json\/wp\/v2\/users\/1"}],"replies":[{"embeddable":true,"href":"https:\/\/www.geo.uaic.ro\/geomorphometry2023\/wp-json\/wp\/v2\/comments?post=43"}],"version-history":[{"count":65,"href":"https:\/\/www.geo.uaic.ro\/geomorphometry2023\/wp-json\/wp\/v2\/pages\/43\/revisions"}],"predecessor-version":[{"id":375,"href":"https:\/\/www.geo.uaic.ro\/geomorphometry2023\/wp-json\/wp\/v2\/pages\/43\/revisions\/375"}],"wp:attachment":[{"href":"https:\/\/www.geo.uaic.ro\/geomorphometry2023\/wp-json\/wp\/v2\/media?parent=43"}],"curies":[{"name":"wp","href":"https:\/\/api.w.org\/{rel}","templated":true}]}}