{"id":871,"date":"2019-09-23T17:43:50","date_gmt":"2019-09-23T17:43:50","guid":{"rendered":"http:\/\/www.geo.uaic.ro\/cantemir\/2019\/?page_id=871"},"modified":"2026-02-13T15:00:30","modified_gmt":"2026-02-13T13:00:30","slug":"accueil_","status":"publish","type":"page","link":"https:\/\/www.geo.uaic.ro\/cantemir\/fr\/accueil_\/","title":{"rendered":"Accueil"},"content":{"rendered":"\n<p id=\"tw-target-text\"><strong><strong><strong>Bienvenue \u00e0 la XLVI\u00e8me \u00e9dition du S\u00e9minaire G\u00e9ographique International \u00ab Dimitrie Cantemir \u00bb! Cette \u00e9dition aura lieu du 23 au 25 octobre 2026.<\/strong><\/strong><\/strong><\/p>\n\n\n\n<div class=\"wp-block-buttons is-content-justification-center is-layout-flex wp-container-core-buttons-is-layout-16018d1d wp-block-buttons-is-layout-flex\">\n<div class=\"wp-block-button is-style-fill\"><a class=\"wp-block-button__link has-black-color has-pale-cyan-blue-background-color has-text-color has-background has-link-color has-small-font-size has-custom-font-size wp-element-button\" href=\"https:\/\/docs.google.com\/forms\/d\/e\/1FAIpQLScSvOfHkIzpFc2oahjoLq3NiYY8hribsPPNTT1PtuygKbk_bw\/viewform?usp=publish-editor\" style=\"border-radius:11px\" target=\"_blank\" rel=\"https:\/\/forms.gle\/xtMSXEiAyfucLfx6A noreferrer noopener\"><mark style=\"background-color:#8ed1fc\" class=\"has-inline-color has-black-color\"><strong>Formulaire d&#8217;inscription<\/strong><\/mark><\/a><\/div>\n<\/div>\n\n\n\n<p id=\"tw-target-text\">Les travaux du S\u00e9minaire G\u00e9ographique International \u00ab Dimitrie Cantemir \u00bb repr\u00e9sentent un \u00e9v\u00e9nement traditionnel de la G\u00e9ographie de Ia\u0219i. Le s\u00e9minaire a \u00e9t\u00e9 organis\u00e9 pour la premi\u00e8re fois au sein de la Soci\u00e9t\u00e9 G\u00e9ographique \u00ab&nbsp;Dimitrie Cantemir&nbsp;\u00bb, fond\u00e9e en 1930, en m\u00eame temps que la cr\u00e9ation de la branche Iasi de g\u00e9ographie de l\u2019Acad\u00e9mie Roumaine. Quelques ann\u00e9es plus tard, en 1937, para\u00eet le premier volume des travaux du S\u00e9minaire G\u00e9ographique \u00ab&nbsp;Dimitrie Cantemir&nbsp;\u00bb, une revue qui continue de publier d\u2019importantes contributions scientifiques sign\u00e9es par des chercheurs roumains et \u00e9trangers.<\/p>\n\n\n\n<p>Dans cette \u00e9dition, nous proposons les activit\u00e9s suivantes :<\/p>\n\n\n\n<ul class=\"wp-block-list\">\n<li>10 sessions th\u00e9matiques<\/li>\n\n\n\n<li>Sections sp\u00e9ciales \u2013 qui peuvent \u00eatre propos\u00e9es jusqu\u2019au\u00a031 mai 2026\u00a0\u00e0 l\u2019adresse e-mail: <a href=\"mailto:ciatu@uaic.ro\">ciatu@uaic.ro<\/a><\/li>\n\n\n\n<li>Ateliers th\u00e9matiques \u2013 qui peuvent \u00eatre propos\u00e9s jusqu\u2019au\u00a031 mai 2026\u00a0\u00e0 l\u2019adresse e-mail:\u00a0<a href=\"mailto:ciatu@uaic.ro\">ciatu@uaic.ro<\/a><\/li>\n<\/ul>\n\n\n\n<p id=\"tw-target-text\">Les propositions de soumissions (r\u00e9sum\u00e9s) peuvent \u00eatre soumises en ligne en remplissant le formulaire d\u2019inscription. La soumission des \u0153uvres n\u00e9cessite de choisir au pr\u00e9alable la section souhait\u00e9e (pour plus de d\u00e9tails sur les sections th\u00e9matiques et sp\u00e9ciales, voir la page Sections).<\/p>\n\n\n\n<figure class=\"wp-block-embed is-type-video is-provider-youtube wp-block-embed-youtube wp-embed-aspect-16-9 wp-has-aspect-ratio\"><div class=\"wp-block-embed__wrapper\">\n<iframe loading=\"lazy\" title=\"International Geographic Seminar &quot;Dimitrie Cantemir&quot;\" width=\"900\" height=\"506\" src=\"https:\/\/www.youtube.com\/embed\/CQ9NTLPi-gw?feature=oembed\" frameborder=\"0\" allow=\"accelerometer; autoplay; clipboard-write; encrypted-media; gyroscope; picture-in-picture; web-share\" referrerpolicy=\"strict-origin-when-cross-origin\" allowfullscreen><\/iframe>\n<\/div><\/figure>\n\n\n\n<p class=\"has-text-color has-medium-font-size\" style=\"color:#ffffff\">&#8230;<\/p>\n\n\n\n<p class=\"has-text-color has-medium-font-size\" style=\"color:#ffffff\">.<\/p>\n\n\n\n<p> <strong> Organisateur principal du colloque<\/strong><\/p>\n\n\n<div class=\"wp-block-image is-resized\">\n<figure class=\"alignleft size-large\"><img decoding=\"async\" src=\"http:\/\/www.geomorphologyonline.com\/students_materials\/Info\/sigla_GEO.png\" alt=\"\" style=\"aspect-ratio:1;width:164px;height:auto\"\/><\/figure>\n<\/div>\n\n\n<p>Association Envirogis<\/p>\n\n\n\n<p>D\u00e9partement de g\u00e9ographie<\/p>\n\n\n\n<p>Coordinateur : Univ. Dr Corneliu Ia\u021bu<\/p>\n\n\n\n<p>Courriel : ciatu@uaic.ro<\/p>\n","protected":false},"excerpt":{"rendered":"<p>Bienvenue \u00e0 la XLVI\u00e8me \u00e9dition du S\u00e9minaire G\u00e9ographique International \u00ab Dimitrie Cantemir \u00bb! Cette \u00e9dition aura lieu du 23 au 25 octobre 2026. Les travaux du S\u00e9minaire G\u00e9ographique International \u00ab Dimitrie Cantemir \u00bb repr\u00e9sentent un \u00e9v\u00e9nement traditionnel de la G\u00e9ographie de Ia\u0219i. Le s\u00e9minaire a \u00e9t\u00e9 organis\u00e9 pour la premi\u00e8re&#8230;<\/p>\n<p class=\"continue-reading-button\"> <a class=\"continue-reading-link\" href=\"https:\/\/www.geo.uaic.ro\/cantemir\/fr\/accueil_\/\">Continue reading<i class=\"crycon-right-dir\"><\/i><\/a><\/p>\n","protected":false},"author":1,"featured_media":0,"parent":0,"menu_order":0,"comment_status":"closed","ping_status":"closed","template":"","meta":{"footnotes":""},"class_list":["post-871","page","type-page","status-publish","hentry"],"_links":{"self":[{"href":"https:\/\/www.geo.uaic.ro\/cantemir\/wp-json\/wp\/v2\/pages\/871","targetHints":{"allow":["GET"]}}],"collection":[{"href":"https:\/\/www.geo.uaic.ro\/cantemir\/wp-json\/wp\/v2\/pages"}],"about":[{"href":"https:\/\/www.geo.uaic.ro\/cantemir\/wp-json\/wp\/v2\/types\/page"}],"author":[{"embeddable":true,"href":"https:\/\/www.geo.uaic.ro\/cantemir\/wp-json\/wp\/v2\/users\/1"}],"replies":[{"embeddable":true,"href":"https:\/\/www.geo.uaic.ro\/cantemir\/wp-json\/wp\/v2\/comments?post=871"}],"version-history":[{"count":49,"href":"https:\/\/www.geo.uaic.ro\/cantemir\/wp-json\/wp\/v2\/pages\/871\/revisions"}],"predecessor-version":[{"id":2461,"href":"https:\/\/www.geo.uaic.ro\/cantemir\/wp-json\/wp\/v2\/pages\/871\/revisions\/2461"}],"wp:attachment":[{"href":"https:\/\/www.geo.uaic.ro\/cantemir\/wp-json\/wp\/v2\/media?parent=871"}],"curies":[{"name":"wp","href":"https:\/\/api.w.org\/{rel}","templated":true}]}}