{"id":770,"date":"2019-09-19T01:51:35","date_gmt":"2019-09-19T01:51:35","guid":{"rendered":"http:\/\/www.geo.uaic.ro\/cantemirtest\/?page_id=770"},"modified":"2019-09-25T12:52:51","modified_gmt":"2019-09-25T12:52:51","slug":"accommodation","status":"publish","type":"page","link":"https:\/\/www.geo.uaic.ro\/cantemir\/en\/accommodation\/","title":{"rendered":"Accommodation"},"content":{"rendered":"\n<p><strong>List of hotels in the city of Ia\u015fi:<\/strong><\/p>\n\n\n\n<p><a href=\"http:\/\/www.hotel-majestic.ro\/\" target=\"_blank\" rel=\"noreferrer noopener\" aria-label=\"Hotel Majestic (opens in a new tab)\">Hotel Majestic<\/a> **** &#8211; Str. Petru Rare\u015f, 7, Ia\u015fi, 700126, Tel: +40232-255557<\/p>\n\n\n\n<p><a href=\"https:\/\/www.grandhoteltraian.ro\/en\/home\/\" target=\"_blank\" rel=\"noreferrer noopener\" aria-label=\"Hotel Traian (opens in a new tab)\">Hotel Traian<\/a> **** &#8211; Str. Unirii Place, 1, tel. +400232-266666<\/p>\n\n\n\n<p><a href=\"http:\/\/www.hotelmoldovaiasi.ro\/\" target=\"_blank\" rel=\"noreferrer noopener\" aria-label=\"Hotel Moldova (opens in a new tab)\">Hotel Moldova<\/a> *** &#8211; Str. Anastasie Panu, 29, tel. +400232-260240<\/p>\n\n\n\n<p><a href=\"https:\/\/astoria-ro.book.direct\/en-gb\" target=\"_blank\" rel=\"noreferrer noopener\" aria-label=\"Hotel Astoria (opens in a new tab)\">Hotel Astoria<\/a> *** &#8211; Str. Alexadru L\u0103pu\u015fneanu, 1, tel. +400232-233888<\/p>\n\n\n\n<p><a href=\"https:\/\/www.hotelunirea.ro\/\" target=\"_blank\" rel=\"noreferrer noopener\" aria-label=\"Unirea Hotel (opens in a new tab)\">Unirea Hotel<\/a> *** &#8211; Str. Pia\u021ba Unirii, 5, tel. +400232-205000<\/p>\n\n\n\n<p><a href=\"http:\/\/www.ramadaiasi.ro\/\" target=\"_blank\" rel=\"noreferrer noopener\" aria-label=\"Ramada Hotel (opens in a new tab)\">Ramada Hotel<\/a> ** &#8211; Str. Gregory Ureche, 27, tel. +400232-215037<\/p>\n\n\n\n<p><a href=\"https:\/\/www.selectgrup.ro\/\" target=\"_blank\" rel=\"noreferrer noopener\" aria-label=\"Hotel Select (opens in a new tab)\">Hotel Select<\/a> **** &#8211; Str. Pia\u021ba 14 D\u00e9cembre 1989, 2, tel. +400232-415415<\/p>\n","protected":false},"excerpt":{"rendered":"<p>List of hotels in the city of Ia\u015fi: Hotel Majestic **** &#8211; Str. Petru Rare\u015f, 7, Ia\u015fi, 700126, Tel: +40232-255557 Hotel Traian **** &#8211; Str. Unirii Place, 1, tel. +400232-266666 Hotel Moldova *** &#8211; Str. Anastasie Panu, 29, tel. +400232-260240 Hotel Astoria *** &#8211; Str. Alexadru L\u0103pu\u015fneanu, 1, tel. +400232-233888&#8230;<\/p>\n<p class=\"continue-reading-button\"> <a class=\"continue-reading-link\" href=\"https:\/\/www.geo.uaic.ro\/cantemir\/en\/accommodation\/\">Continue reading<i class=\"crycon-right-dir\"><\/i><\/a><\/p>\n","protected":false},"author":1,"featured_media":0,"parent":0,"menu_order":0,"comment_status":"closed","ping_status":"closed","template":"","meta":{"footnotes":""},"class_list":["post-770","page","type-page","status-publish","hentry"],"_links":{"self":[{"href":"https:\/\/www.geo.uaic.ro\/cantemir\/wp-json\/wp\/v2\/pages\/770","targetHints":{"allow":["GET"]}}],"collection":[{"href":"https:\/\/www.geo.uaic.ro\/cantemir\/wp-json\/wp\/v2\/pages"}],"about":[{"href":"https:\/\/www.geo.uaic.ro\/cantemir\/wp-json\/wp\/v2\/types\/page"}],"author":[{"embeddable":true,"href":"https:\/\/www.geo.uaic.ro\/cantemir\/wp-json\/wp\/v2\/users\/1"}],"replies":[{"embeddable":true,"href":"https:\/\/www.geo.uaic.ro\/cantemir\/wp-json\/wp\/v2\/comments?post=770"}],"version-history":[{"count":2,"href":"https:\/\/www.geo.uaic.ro\/cantemir\/wp-json\/wp\/v2\/pages\/770\/revisions"}],"predecessor-version":[{"id":927,"href":"https:\/\/www.geo.uaic.ro\/cantemir\/wp-json\/wp\/v2\/pages\/770\/revisions\/927"}],"wp:attachment":[{"href":"https:\/\/www.geo.uaic.ro\/cantemir\/wp-json\/wp\/v2\/media?parent=770"}],"curies":[{"name":"wp","href":"https:\/\/api.w.org\/{rel}","templated":true}]}}