{"id":656,"date":"2019-09-17T19:21:09","date_gmt":"2019-09-17T19:21:09","guid":{"rendered":"http:\/\/www.geo.uaic.ro\/cantemirtest\/?page_id=656"},"modified":"2019-09-26T10:33:36","modified_gmt":"2019-09-26T10:33:36","slug":"publication","status":"publish","type":"page","link":"https:\/\/www.geo.uaic.ro\/cantemir\/fr\/publication\/","title":{"rendered":"Publication"},"content":{"rendered":"\n<p>Les travaux soumis seront consid\u00e9r\u00e9s pour publication dans <a rel=\"noreferrer noopener\" href=\"http:\/\/www.seminarcantemir.uaic.ro\/index.php\/index\" target=\"_blank\">Lucr\u0103rile Seminarului Geografic \u201cDimitrie Cantemir\u201d<\/a>. Pour plus de d\u00e9tails: <a href=\"http:\/\/www.seminarcantemir.uaic.ro\/index.php\/lsgdc\/publicationtype\">lien<\/a>.  <\/p>\n\n\n\n<figure class=\"wp-block-image is-resized\"><img loading=\"lazy\" decoding=\"async\" src=\"https:\/\/www.geo.uaic.ro\/cantemir\/2019\/wp-content\/uploads\/2019\/09\/image-15.png\" alt=\"\" class=\"wp-image-955\" width=\"194\" height=\"272\" srcset=\"https:\/\/www.geo.uaic.ro\/cantemir\/wp-content\/uploads\/2019\/09\/image-15.png 427w, https:\/\/www.geo.uaic.ro\/cantemir\/wp-content\/uploads\/2019\/09\/image-15-214x300.png 214w, https:\/\/www.geo.uaic.ro\/cantemir\/wp-content\/uploads\/2019\/09\/image-15-107x150.png 107w\" sizes=\"auto, (max-width: 194px) 100vw, 194px\" \/><\/figure>\n","protected":false},"excerpt":{"rendered":"<p>Les travaux soumis seront consid\u00e9r\u00e9s pour publication dans Lucr\u0103rile Seminarului Geografic \u201cDimitrie Cantemir\u201d. Pour plus de d\u00e9tails: lien.<\/p>\n<p class=\"continue-reading-button\"> <a class=\"continue-reading-link\" href=\"https:\/\/www.geo.uaic.ro\/cantemir\/fr\/publication\/\">Continue reading<i class=\"crycon-right-dir\"><\/i><\/a><\/p>\n","protected":false},"author":1,"featured_media":0,"parent":0,"menu_order":0,"comment_status":"closed","ping_status":"closed","template":"","meta":{"footnotes":""},"class_list":["post-656","page","type-page","status-publish","hentry"],"_links":{"self":[{"href":"https:\/\/www.geo.uaic.ro\/cantemir\/wp-json\/wp\/v2\/pages\/656","targetHints":{"allow":["GET"]}}],"collection":[{"href":"https:\/\/www.geo.uaic.ro\/cantemir\/wp-json\/wp\/v2\/pages"}],"about":[{"href":"https:\/\/www.geo.uaic.ro\/cantemir\/wp-json\/wp\/v2\/types\/page"}],"author":[{"embeddable":true,"href":"https:\/\/www.geo.uaic.ro\/cantemir\/wp-json\/wp\/v2\/users\/1"}],"replies":[{"embeddable":true,"href":"https:\/\/www.geo.uaic.ro\/cantemir\/wp-json\/wp\/v2\/comments?post=656"}],"version-history":[{"count":4,"href":"https:\/\/www.geo.uaic.ro\/cantemir\/wp-json\/wp\/v2\/pages\/656\/revisions"}],"predecessor-version":[{"id":956,"href":"https:\/\/www.geo.uaic.ro\/cantemir\/wp-json\/wp\/v2\/pages\/656\/revisions\/956"}],"wp:attachment":[{"href":"https:\/\/www.geo.uaic.ro\/cantemir\/wp-json\/wp\/v2\/media?parent=656"}],"curies":[{"name":"wp","href":"https:\/\/api.w.org\/{rel}","templated":true}]}}