{"id":654,"date":"2019-09-17T19:20:59","date_gmt":"2019-09-17T19:20:59","guid":{"rendered":"http:\/\/www.geo.uaic.ro\/cantemirtest\/?page_id=654"},"modified":"2019-09-26T10:29:22","modified_gmt":"2019-09-26T10:29:22","slug":"publicare","status":"publish","type":"page","link":"https:\/\/www.geo.uaic.ro\/cantemir\/publicare\/","title":{"rendered":"Publicare"},"content":{"rendered":"\n<p>Lucr\u0103rile trimise vor fi luate \u00een considerare spre publicare \u00een  <a rel=\"noreferrer noopener\" href=\"http:\/\/www.seminarcantemir.uaic.ro\/index.php\/index\" target=\"_blank\">Lucr\u0103rile Seminarului Geografic \u201cDimitrie Cantemir\u201d<\/a>. Pentru mai multe detalii, consulta\u021bi pagina urm\u0103toare: <a href=\"http:\/\/www.seminarcantemir.uaic.ro\/index.php\/lsgdc\/publicationtype\">link<\/a>. <\/p>\n\n\n\n<figure class=\"wp-block-image is-resized\"><img loading=\"lazy\" decoding=\"async\" src=\"https:\/\/www.geo.uaic.ro\/cantemir\/2019\/wp-content\/uploads\/2019\/09\/image-14.png\" alt=\"\" class=\"wp-image-952\" width=\"209\" height=\"293\" srcset=\"https:\/\/www.geo.uaic.ro\/cantemir\/wp-content\/uploads\/2019\/09\/image-14.png 427w, https:\/\/www.geo.uaic.ro\/cantemir\/wp-content\/uploads\/2019\/09\/image-14-214x300.png 214w, https:\/\/www.geo.uaic.ro\/cantemir\/wp-content\/uploads\/2019\/09\/image-14-107x150.png 107w\" sizes=\"auto, (max-width: 209px) 100vw, 209px\" \/><\/figure>\n","protected":false},"excerpt":{"rendered":"<p>Lucr\u0103rile trimise vor fi luate \u00een considerare spre publicare \u00een Lucr\u0103rile Seminarului Geografic \u201cDimitrie Cantemir\u201d. Pentru mai multe detalii, consulta\u021bi pagina urm\u0103toare: link.<\/p>\n<p class=\"continue-reading-button\"> <a class=\"continue-reading-link\" href=\"https:\/\/www.geo.uaic.ro\/cantemir\/publicare\/\">Continue reading<i class=\"crycon-right-dir\"><\/i><\/a><\/p>\n","protected":false},"author":1,"featured_media":0,"parent":0,"menu_order":0,"comment_status":"closed","ping_status":"closed","template":"","meta":{"footnotes":""},"class_list":["post-654","page","type-page","status-publish","hentry"],"_links":{"self":[{"href":"https:\/\/www.geo.uaic.ro\/cantemir\/wp-json\/wp\/v2\/pages\/654","targetHints":{"allow":["GET"]}}],"collection":[{"href":"https:\/\/www.geo.uaic.ro\/cantemir\/wp-json\/wp\/v2\/pages"}],"about":[{"href":"https:\/\/www.geo.uaic.ro\/cantemir\/wp-json\/wp\/v2\/types\/page"}],"author":[{"embeddable":true,"href":"https:\/\/www.geo.uaic.ro\/cantemir\/wp-json\/wp\/v2\/users\/1"}],"replies":[{"embeddable":true,"href":"https:\/\/www.geo.uaic.ro\/cantemir\/wp-json\/wp\/v2\/comments?post=654"}],"version-history":[{"count":3,"href":"https:\/\/www.geo.uaic.ro\/cantemir\/wp-json\/wp\/v2\/pages\/654\/revisions"}],"predecessor-version":[{"id":953,"href":"https:\/\/www.geo.uaic.ro\/cantemir\/wp-json\/wp\/v2\/pages\/654\/revisions\/953"}],"wp:attachment":[{"href":"https:\/\/www.geo.uaic.ro\/cantemir\/wp-json\/wp\/v2\/media?parent=654"}],"curies":[{"name":"wp","href":"https:\/\/api.w.org\/{rel}","templated":true}]}}