{"id":65,"date":"2019-09-12T19:50:11","date_gmt":"2019-09-12T19:50:11","guid":{"rendered":"http:\/\/www.geo.uaic.ro\/cantemirtest\/?page_id=65"},"modified":"2026-02-13T15:43:23","modified_gmt":"2026-02-13T13:43:23","slug":"comites","status":"publish","type":"page","link":"https:\/\/www.geo.uaic.ro\/cantemir\/fr\/comites\/","title":{"rendered":"Comit\u00e9 d&#8217;organisation"},"content":{"rendered":"\n<p><strong>Pr\u00e9sident:<\/strong><br>Corneliu IA\u0162U, Professeur \u2013&nbsp;<em>Universit\u00e9 \u201eAlexandru Ioan Cuza\u201d de Ia\u015fi, Pr\u00e9sident de la Soci\u00e9t\u00e9 Roumaine de G\u00e9ographie<\/em><\/p>\n\n\n\n<p><strong>Coordonnateurs ex\u00e9cutifs:<\/strong><br>Adrian URSU, Maitre de conf\u00e9rences \u2013&nbsp;<em>Doyen de la Facult\u00e9 de G\u00e9ographie et G\u00e9ologie, Universit\u00e9 \u201eAlexandru Ioan Cuza\u201d de Ia\u015fi<br><\/em>Ionu\u021b MINEA, Maitre de conf\u00e9rences \u2013&nbsp;<em>Directeur du D\u00e9partement de G\u00e9ographie, Universit\u00e9 \u201eAlexandru Ioan Cuza\u201d de Ia\u015fi<\/em><\/p>\n\n\n\n<p><strong>Membres:<\/strong><br>Mihai BULAI, Maitre-assistant \u2013&nbsp;<em>Universit\u00e9 \u201eAlexandru Ioan Cuza\u201d de Ia\u015fi<\/em><br>Mihail EVA, Maitre-assistant \u2013&nbsp;<em>Universit\u00e9 \u201eAlexandru Ioan Cuza\u201d de Ia\u015fi<\/em><br>Lucian Ionu\u021b RO\u0218U, Maitre-assistant \u2013&nbsp;<em>Universit\u00e9 \u201eAlexandru Ioan Cuza\u201d de Ia\u015fi<\/em><\/p>\n\n\n\n<p><strong>Secr\u00e9taires:<\/strong><br>Alexandra CEHAN, Docteur enseignant \u2013&nbsp;<em>Universit\u00e9 \u201eAlexandru Ioan Cuza\u201d de Ia\u015fi<\/em><br>Ema CORODESCU-RO\u0218CA, Maitre-assistant \u2013&nbsp;<em>Universit\u00e9 \u201eAlexandru Ioan Cuza\u201d de Ia\u015fi<\/em><br>Ana Maria OPRIA, Docteur enseignant \u2013&nbsp;<em>Universit\u00e9 \u201eAlexandru Ioan Cuza\u201d de Ia\u015fi<\/em><br>Daniel BOICU, Docteur chercheur \u2013&nbsp;<em>Universit\u00e9 \u201eAlexandru Ioan Cuza\u201d de Ia\u015fi<\/em><br>Georgiana V\u0102CULI\u0218TEANU, Docteur chercheur \u2013&nbsp;<em>Universit\u00e9 \u201eAlexandru Ioan Cuza\u201d de Ia\u015fi<\/em><br>Ioana BEJENARU, Doctorante \u2013&nbsp;<em>Universit\u00e9 \u201eAlexandru Ioan Cuza\u201d de Ia\u015fi<\/em><br>Andreia Daniela DAMIAN, Doctorante \u2013&nbsp;<em>Universit\u00e9 \u201eAlexandru Ioan Cuza\u201d de Ia\u015fi<\/em><\/p>\n\n\n\n<p><strong>Administration des pages Web:<\/strong><br>Adrian CHIORESCU<\/p>\n\n\n\n<p><strong>Administrateur financier:<\/strong><br>Ec. Cristian-Adrian PRICOP<\/p>\n\n\n\n<p><strong>Partenaires<\/strong><br>Association Envirogis<br>\u201dAlumni \u2013 Alexandru Ioan Cuza University of Ia\u0219i\u201d Foundation<\/p>\n\n\n\n<p><\/p>\n\n\n\n<p><\/p>\n\n\n\n<p><\/p>\n\n\n\n<p><\/p>\n\n\n\n<p><\/p>\n\n\n\n<p><\/p>\n","protected":false},"excerpt":{"rendered":"<p>Pr\u00e9sident:Corneliu IA\u0162U, Professeur \u2013&nbsp;Universit\u00e9 \u201eAlexandru Ioan Cuza\u201d de Ia\u015fi, Pr\u00e9sident de la Soci\u00e9t\u00e9 Roumaine de G\u00e9ographie Coordonnateurs ex\u00e9cutifs:Adrian URSU, Maitre de conf\u00e9rences \u2013&nbsp;Doyen de la Facult\u00e9 de G\u00e9ographie et G\u00e9ologie, Universit\u00e9 \u201eAlexandru Ioan Cuza\u201d de Ia\u015fiIonu\u021b MINEA, Maitre de conf\u00e9rences \u2013&nbsp;Directeur du D\u00e9partement de G\u00e9ographie, Universit\u00e9 \u201eAlexandru Ioan Cuza\u201d de&#8230;<\/p>\n<p class=\"continue-reading-button\"> <a class=\"continue-reading-link\" href=\"https:\/\/www.geo.uaic.ro\/cantemir\/fr\/comites\/\">Continue reading<i class=\"crycon-right-dir\"><\/i><\/a><\/p>\n","protected":false},"author":1,"featured_media":0,"parent":0,"menu_order":0,"comment_status":"closed","ping_status":"closed","template":"","meta":{"footnotes":""},"class_list":["post-65","page","type-page","status-publish","hentry"],"_links":{"self":[{"href":"https:\/\/www.geo.uaic.ro\/cantemir\/wp-json\/wp\/v2\/pages\/65","targetHints":{"allow":["GET"]}}],"collection":[{"href":"https:\/\/www.geo.uaic.ro\/cantemir\/wp-json\/wp\/v2\/pages"}],"about":[{"href":"https:\/\/www.geo.uaic.ro\/cantemir\/wp-json\/wp\/v2\/types\/page"}],"author":[{"embeddable":true,"href":"https:\/\/www.geo.uaic.ro\/cantemir\/wp-json\/wp\/v2\/users\/1"}],"replies":[{"embeddable":true,"href":"https:\/\/www.geo.uaic.ro\/cantemir\/wp-json\/wp\/v2\/comments?post=65"}],"version-history":[{"count":21,"href":"https:\/\/www.geo.uaic.ro\/cantemir\/wp-json\/wp\/v2\/pages\/65\/revisions"}],"predecessor-version":[{"id":2505,"href":"https:\/\/www.geo.uaic.ro\/cantemir\/wp-json\/wp\/v2\/pages\/65\/revisions\/2505"}],"wp:attachment":[{"href":"https:\/\/www.geo.uaic.ro\/cantemir\/wp-json\/wp\/v2\/media?parent=65"}],"curies":[{"name":"wp","href":"https:\/\/api.w.org\/{rel}","templated":true}]}}