{"id":509,"date":"2019-09-16T22:31:06","date_gmt":"2019-09-16T22:31:06","guid":{"rendered":"http:\/\/www.geo.uaic.ro\/cantemirtest\/?page_id=509"},"modified":"2026-02-13T15:12:55","modified_gmt":"2026-02-13T13:12:55","slug":"appel-a-communications","status":"publish","type":"page","link":"https:\/\/www.geo.uaic.ro\/cantemir\/fr\/appel-a-communications\/","title":{"rendered":"Appel aux communications"},"content":{"rendered":"\n<p><strong>L\u2019envoi des propositions des communications<\/strong><\/p>\n\n\n\n<p>Les propositions de soumissions (r\u00e9sum\u00e9s) peuvent \u00eatre soumises en ligne en remplissant le Formulaire d\u2019inscription. La soumission des \u0153uvres n\u00e9cessite de choisir au pr\u00e9alable la section souhait\u00e9e (pour plus de d\u00e9tails sur les sections th\u00e9matiques et sp\u00e9ciales, voir la page Sections).<\/p>\n\n\n\n<p><strong>Un auteur peut pr\u00e9senter un maximum de 2 communications.<\/strong><\/p>\n\n\n\n<p>La date limite de soumission des r\u00e9sum\u00e9s est le&nbsp;<strong>15 septembre 2026<\/strong>&nbsp;et pour la confirmation le&nbsp;<strong>20 septembre 2026<\/strong>.<\/p>\n","protected":false},"excerpt":{"rendered":"<p>L\u2019envoi des propositions des communications Les propositions de soumissions (r\u00e9sum\u00e9s) peuvent \u00eatre soumises en ligne en remplissant le Formulaire d\u2019inscription. La soumission des \u0153uvres n\u00e9cessite de choisir au pr\u00e9alable la section souhait\u00e9e (pour plus de d\u00e9tails sur les sections th\u00e9matiques et sp\u00e9ciales, voir la page Sections). Un auteur peut pr\u00e9senter&#8230;<\/p>\n<p class=\"continue-reading-button\"> <a class=\"continue-reading-link\" href=\"https:\/\/www.geo.uaic.ro\/cantemir\/fr\/appel-a-communications\/\">Continue reading<i class=\"crycon-right-dir\"><\/i><\/a><\/p>\n","protected":false},"author":1,"featured_media":0,"parent":0,"menu_order":0,"comment_status":"closed","ping_status":"closed","template":"","meta":{"footnotes":""},"class_list":["post-509","page","type-page","status-publish","hentry"],"_links":{"self":[{"href":"https:\/\/www.geo.uaic.ro\/cantemir\/wp-json\/wp\/v2\/pages\/509","targetHints":{"allow":["GET"]}}],"collection":[{"href":"https:\/\/www.geo.uaic.ro\/cantemir\/wp-json\/wp\/v2\/pages"}],"about":[{"href":"https:\/\/www.geo.uaic.ro\/cantemir\/wp-json\/wp\/v2\/types\/page"}],"author":[{"embeddable":true,"href":"https:\/\/www.geo.uaic.ro\/cantemir\/wp-json\/wp\/v2\/users\/1"}],"replies":[{"embeddable":true,"href":"https:\/\/www.geo.uaic.ro\/cantemir\/wp-json\/wp\/v2\/comments?post=509"}],"version-history":[{"count":16,"href":"https:\/\/www.geo.uaic.ro\/cantemir\/wp-json\/wp\/v2\/pages\/509\/revisions"}],"predecessor-version":[{"id":2476,"href":"https:\/\/www.geo.uaic.ro\/cantemir\/wp-json\/wp\/v2\/pages\/509\/revisions\/2476"}],"wp:attachment":[{"href":"https:\/\/www.geo.uaic.ro\/cantemir\/wp-json\/wp\/v2\/media?parent=509"}],"curies":[{"name":"wp","href":"https:\/\/api.w.org\/{rel}","templated":true}]}}