{"id":507,"date":"2019-09-16T22:30:23","date_gmt":"2019-09-16T22:30:23","guid":{"rendered":"http:\/\/www.geo.uaic.ro\/cantemirtest\/?page_id=507"},"modified":"2026-02-13T15:20:50","modified_gmt":"2026-02-13T13:20:50","slug":"apel-pentru-propunerea-de-comunicari-rezumate","status":"publish","type":"page","link":"https:\/\/www.geo.uaic.ro\/cantemir\/apel-pentru-propunerea-de-comunicari-rezumate\/","title":{"rendered":"Apel pentru propuneri de comunic\u0103ri"},"content":{"rendered":"\n<p><strong>Trimiterea propunerilor de comunic\u0103ri<\/strong><\/p>\n\n\n\n<p>Propunerile de comunic\u0103ri (rezumatele) pot fi trimise online complet\u00e2nd&nbsp;<strong><em>Formularul de \u00eenscriere<\/em><\/strong>. \u00cencrierea lucr\u0103rilor presupune alegerea \u00een prealabil a sesiunii dorite (pentru mai multe detalii cu privire la sesiunile tematice \u0219i speciale vezi pagina&nbsp;<a href=\"https:\/\/www.geo.uaic.ro\/cantemir\/sectiuni\/\" target=\"_blank\" rel=\"noreferrer noopener\">Sesiuni<\/a>). Pe m\u0103sur\u0103 ce primim propunerile de sesiuni speciale, acestea vor fi ad\u0103ugate \u00een cadrul formularului de \u00eenscriere \u0219i pe website-ul Seminarului, unde ve\u021bi putea consulta detaliile fiec\u0103rei sesiuni.<\/p>\n\n\n\n<p><strong>! Un autor se poate \u00eenscrie cu maximum 2 comunic\u0103ri \u00een cadrul Seminarului !<\/strong><\/p>\n\n\n\n<p>Termenul pentru trimiterea rezumatelor este\u00a0<strong>15 septembrie 2026<\/strong>, iar pentru confirmare\u00a0<strong>20 septembrie 2026<\/strong>.<\/p>\n","protected":false},"excerpt":{"rendered":"<p>Trimiterea propunerilor de comunic\u0103ri Propunerile de comunic\u0103ri (rezumatele) pot fi trimise online complet\u00e2nd&nbsp;Formularul de \u00eenscriere. \u00cencrierea lucr\u0103rilor presupune alegerea \u00een prealabil a sesiunii dorite (pentru mai multe detalii cu privire la sesiunile tematice \u0219i speciale vezi pagina&nbsp;Sesiuni). Pe m\u0103sur\u0103 ce primim propunerile de sesiuni speciale, acestea vor fi ad\u0103ugate \u00een&#8230;<\/p>\n<p class=\"continue-reading-button\"> <a class=\"continue-reading-link\" href=\"https:\/\/www.geo.uaic.ro\/cantemir\/apel-pentru-propunerea-de-comunicari-rezumate\/\">Continue reading<i class=\"crycon-right-dir\"><\/i><\/a><\/p>\n","protected":false},"author":1,"featured_media":0,"parent":0,"menu_order":0,"comment_status":"closed","ping_status":"closed","template":"","meta":{"footnotes":""},"class_list":["post-507","page","type-page","status-publish","hentry"],"_links":{"self":[{"href":"https:\/\/www.geo.uaic.ro\/cantemir\/wp-json\/wp\/v2\/pages\/507","targetHints":{"allow":["GET"]}}],"collection":[{"href":"https:\/\/www.geo.uaic.ro\/cantemir\/wp-json\/wp\/v2\/pages"}],"about":[{"href":"https:\/\/www.geo.uaic.ro\/cantemir\/wp-json\/wp\/v2\/types\/page"}],"author":[{"embeddable":true,"href":"https:\/\/www.geo.uaic.ro\/cantemir\/wp-json\/wp\/v2\/users\/1"}],"replies":[{"embeddable":true,"href":"https:\/\/www.geo.uaic.ro\/cantemir\/wp-json\/wp\/v2\/comments?post=507"}],"version-history":[{"count":23,"href":"https:\/\/www.geo.uaic.ro\/cantemir\/wp-json\/wp\/v2\/pages\/507\/revisions"}],"predecessor-version":[{"id":2487,"href":"https:\/\/www.geo.uaic.ro\/cantemir\/wp-json\/wp\/v2\/pages\/507\/revisions\/2487"}],"wp:attachment":[{"href":"https:\/\/www.geo.uaic.ro\/cantemir\/wp-json\/wp\/v2\/media?parent=507"}],"curies":[{"name":"wp","href":"https:\/\/api.w.org\/{rel}","templated":true}]}}