{"id":502,"date":"2019-09-16T22:29:17","date_gmt":"2019-09-16T22:29:17","guid":{"rendered":"http:\/\/www.geo.uaic.ro\/cantemirtest\/?page_id=502"},"modified":"2026-02-13T15:10:22","modified_gmt":"2026-02-13T13:10:22","slug":"appel-a-proposer-de-sessions-speciales","status":"publish","type":"page","link":"https:\/\/www.geo.uaic.ro\/cantemir\/fr\/appel-a-proposer-de-sessions-speciales\/","title":{"rendered":"Appel aux sessions sp\u00e9ciales"},"content":{"rendered":"\n<p>Les travaux du S\u00e9minaire International de G\u00e9ographie \u00ab Dimitrie Cantemir \u00bb incitent \u00e0 la cr\u00e9ation de sections sp\u00e9cialis\u00e9es dans lesquelles leurs animateurs peuvent d\u00e9battre de questions d\u2019actualit\u00e9 propres \u00e0 un domaine \/ groupe de travail \/ projet de recherche particulier. L\u2019appel \u00e0 sections sp\u00e9ciales est ouvert \u00e0 tous les doctorants.<\/p>\n\n\n\n<p><strong>Comment proposer une session sp\u00e9ciale?<\/strong><\/p>\n\n\n\n<p>Les propositions seront envoy\u00e9es par courriel \u00e0 Prof. Dr Corneliu Ia\u021bu (ciatu@uaic.ro), sous la forme d\u2019un document PDF, qui comprendra:<\/p>\n\n\n\n<ul class=\"wp-block-list\">\n<li>le titre de la section propos\u00e9e et une br\u00e8ve description des questions \u00e0 discuter dans la section propos\u00e9e (150-250 mots).<\/li>\n\n\n\n<li>le nom et l\u2019affiliation du ou des organisateur(s) de la section sp\u00e9ciale<\/li>\n\n\n\n<li>titres pr\u00e9liminaires pour au moins 4 articles \u00e0 pr\u00e9senter dans la section<\/li>\n\n\n\n<li><strong>Un auteur peut pr\u00e9senter un maximum de 2 communications.<\/strong><\/li>\n<\/ul>\n\n\n\n<p>Date limite pour proposer les sessions sp\u00e9ciales:<br><strong>31 mai 2026<\/strong><\/p>\n\n\n\n<p>Date limite pour l\u2019acceptation des propositions des sessions sp\u00e9ciales:<br><strong>15 june 2026<\/strong><\/p>\n","protected":false},"excerpt":{"rendered":"<p>Les travaux du S\u00e9minaire International de G\u00e9ographie \u00ab Dimitrie Cantemir \u00bb incitent \u00e0 la cr\u00e9ation de sections sp\u00e9cialis\u00e9es dans lesquelles leurs animateurs peuvent d\u00e9battre de questions d\u2019actualit\u00e9 propres \u00e0 un domaine \/ groupe de travail \/ projet de recherche particulier. L\u2019appel \u00e0 sections sp\u00e9ciales est ouvert \u00e0 tous les doctorants&#8230;.<\/p>\n<p class=\"continue-reading-button\"> <a class=\"continue-reading-link\" href=\"https:\/\/www.geo.uaic.ro\/cantemir\/fr\/appel-a-proposer-de-sessions-speciales\/\">Continue reading<i class=\"crycon-right-dir\"><\/i><\/a><\/p>\n","protected":false},"author":1,"featured_media":0,"parent":0,"menu_order":0,"comment_status":"closed","ping_status":"closed","template":"","meta":{"footnotes":""},"class_list":["post-502","page","type-page","status-publish","hentry"],"_links":{"self":[{"href":"https:\/\/www.geo.uaic.ro\/cantemir\/wp-json\/wp\/v2\/pages\/502","targetHints":{"allow":["GET"]}}],"collection":[{"href":"https:\/\/www.geo.uaic.ro\/cantemir\/wp-json\/wp\/v2\/pages"}],"about":[{"href":"https:\/\/www.geo.uaic.ro\/cantemir\/wp-json\/wp\/v2\/types\/page"}],"author":[{"embeddable":true,"href":"https:\/\/www.geo.uaic.ro\/cantemir\/wp-json\/wp\/v2\/users\/1"}],"replies":[{"embeddable":true,"href":"https:\/\/www.geo.uaic.ro\/cantemir\/wp-json\/wp\/v2\/comments?post=502"}],"version-history":[{"count":16,"href":"https:\/\/www.geo.uaic.ro\/cantemir\/wp-json\/wp\/v2\/pages\/502\/revisions"}],"predecessor-version":[{"id":2474,"href":"https:\/\/www.geo.uaic.ro\/cantemir\/wp-json\/wp\/v2\/pages\/502\/revisions\/2474"}],"wp:attachment":[{"href":"https:\/\/www.geo.uaic.ro\/cantemir\/wp-json\/wp\/v2\/media?parent=502"}],"curies":[{"name":"wp","href":"https:\/\/api.w.org\/{rel}","templated":true}]}}