{"id":500,"date":"2019-09-16T22:27:39","date_gmt":"2019-09-16T22:27:39","guid":{"rendered":"http:\/\/www.geo.uaic.ro\/cantemirtest\/?page_id=500"},"modified":"2026-02-13T15:07:35","modified_gmt":"2026-02-13T13:07:35","slug":"apel-pentru-propuneri-de-sesiuni-speciale","status":"publish","type":"page","link":"https:\/\/www.geo.uaic.ro\/cantemir\/apel-pentru-propuneri-de-sesiuni-speciale\/","title":{"rendered":"Apel pentru propuneri de sec\u021biuni speciale"},"content":{"rendered":"\n<p><strong>Apel pentru propuneri de sec\u021biuni speciale<\/strong><\/p>\n\n\n\n<p>Lucr\u0103rile Seminarului Geografic Interna\u0219ional \u201eDimitrie Cantemir\u201d \u00eencurajeaz\u0103 crearea de sec\u021biuni speciale \u00een care organizatorii acestora pot dezbate probleme de actualitate specifice unui anumit domeniu \/ grup de lucru \/ proiect de cercetare. Apelul pentru propunerea de sec\u021biuni speciale este deschis c\u0103tre to\u021bi cercet\u0103torii care de\u021bin titlul de doctor.<\/p>\n\n\n\n<p><strong>Cum s\u0103 propui o sec\u021biune special\u0103?<\/strong><\/p>\n\n\n\n<p>Propunerile se vor trimite prin e-mail c\u0103tre dl. prof. univ. dr. Corneliu Ia\u021bu (ciatu@uaic.ro), sub forma unui document PDF, care va include:<\/p>\n\n\n\n<ul class=\"wp-block-list\">\n<li>titlul sec\u021biunii propuse \u0219i o descriere sumar\u0103 a problemelor ce urmeaz\u0103 a fi dezb\u0103tute \u00een cadrul sec\u021biunii propuse (150-250 cuvinte).<\/li>\n\n\n\n<li>numele \u0219i afilierea organizatorului(ilor) sec\u021biunii speciale<\/li>\n\n\n\n<li>titlurile preliminare pentru cel pu\u021bin 4 lucr\u0103ri care urmeaz\u0103 a fi prezentate \u00een cadrul sec\u021biunii.<\/li>\n\n\n\n<li><strong>\u00cen cadrul unei sesiuni speciale (\u0219i al Seminarului) nu se accept\u0103 mai mult de 2 lucr\u0103ri prezentate de acela\u0219i autor!<\/strong><\/li>\n<\/ul>\n\n\n\n<p><strong>Termenul pentru trimiterea propunerilor de sec\u021biuni speciale<\/strong><br>31 mai 2026<\/p>\n\n\n\n<p><strong>Termenul pentru notificarea cu privire la acceptarea propunerilor de sec\u021biuni speciale<\/strong><br>15 iunie 2026<\/p>\n","protected":false},"excerpt":{"rendered":"<p>Apel pentru propuneri de sec\u021biuni speciale Lucr\u0103rile Seminarului Geografic Interna\u0219ional \u201eDimitrie Cantemir\u201d \u00eencurajeaz\u0103 crearea de sec\u021biuni speciale \u00een care organizatorii acestora pot dezbate probleme de actualitate specifice unui anumit domeniu \/ grup de lucru \/ proiect de cercetare. Apelul pentru propunerea de sec\u021biuni speciale este deschis c\u0103tre to\u021bi cercet\u0103torii care&#8230;<\/p>\n<p class=\"continue-reading-button\"> <a class=\"continue-reading-link\" href=\"https:\/\/www.geo.uaic.ro\/cantemir\/apel-pentru-propuneri-de-sesiuni-speciale\/\">Continue reading<i class=\"crycon-right-dir\"><\/i><\/a><\/p>\n","protected":false},"author":1,"featured_media":0,"parent":0,"menu_order":0,"comment_status":"closed","ping_status":"closed","template":"","meta":{"footnotes":""},"class_list":["post-500","page","type-page","status-publish","hentry"],"_links":{"self":[{"href":"https:\/\/www.geo.uaic.ro\/cantemir\/wp-json\/wp\/v2\/pages\/500","targetHints":{"allow":["GET"]}}],"collection":[{"href":"https:\/\/www.geo.uaic.ro\/cantemir\/wp-json\/wp\/v2\/pages"}],"about":[{"href":"https:\/\/www.geo.uaic.ro\/cantemir\/wp-json\/wp\/v2\/types\/page"}],"author":[{"embeddable":true,"href":"https:\/\/www.geo.uaic.ro\/cantemir\/wp-json\/wp\/v2\/users\/1"}],"replies":[{"embeddable":true,"href":"https:\/\/www.geo.uaic.ro\/cantemir\/wp-json\/wp\/v2\/comments?post=500"}],"version-history":[{"count":19,"href":"https:\/\/www.geo.uaic.ro\/cantemir\/wp-json\/wp\/v2\/pages\/500\/revisions"}],"predecessor-version":[{"id":2469,"href":"https:\/\/www.geo.uaic.ro\/cantemir\/wp-json\/wp\/v2\/pages\/500\/revisions\/2469"}],"wp:attachment":[{"href":"https:\/\/www.geo.uaic.ro\/cantemir\/wp-json\/wp\/v2\/media?parent=500"}],"curies":[{"name":"wp","href":"https:\/\/api.w.org\/{rel}","templated":true}]}}