{"id":468,"date":"2019-09-16T21:58:32","date_gmt":"2019-09-16T21:58:32","guid":{"rendered":"http:\/\/www.geo.uaic.ro\/cantemirtest\/?page_id=468"},"modified":"2026-02-13T15:33:21","modified_gmt":"2026-02-13T13:33:21","slug":"fees","status":"publish","type":"page","link":"https:\/\/www.geo.uaic.ro\/cantemir\/en\/fees\/","title":{"rendered":"Fees and payment methods"},"content":{"rendered":"\n<p>Frais de participation \u00e0 la conf\u00e9rence :<strong>&nbsp;500 lei (100 euros)<\/strong><br>Frais de participation pour l\u2019application sur le terrain :&nbsp;<strong>250 lei (50 euros)<\/strong><br>Un auteur peut pr\u00e9senter un maximum de 2 communications.<br>Les frais de participation \u00e0 la conf\u00e9rence (500 RON) comprennent le dossier de conf\u00e9rence, le d\u00e9jeuner et les pauses caf\u00e9 pendant la journ\u00e9e, ainsi que la participation au d\u00eener de gala.<\/p>\n\n\n\n<p>Le paiement de la cotisation est effectu\u00e9 jusqu\u2019au&nbsp;<strong>1 octobre 2026<\/strong>&nbsp;sur le compte:&nbsp;<\/p>\n\n\n\n<p><strong>Asociatia&nbsp;Envirogis<\/strong><\/p>\n\n\n\n<p>IA\u0218I, Sos. Arcu, NR. 81, Bl. T7. Sc. A<\/p>\n\n\n\n<p>CUI: 36036170, IBAN: RO58BRDE240SV70002732400, valuta&nbsp;RON., SWIFT: BRDEROBU, BRD, SUCURSALA IA\u0218I.<\/p>\n\n\n\n<p><strong>Important!<\/strong><\/p>\n\n\n\n<p>Pour le paiement des frais de participation \u00e0 la conf\u00e9rence (500 lei) et pour l\u2019application sur le terrain (250 lei) veuillez mentionner que les paiements sont effectu\u00e9s pour&nbsp;<strong><em>&nbsp;Les Travaux du S\u00e9minaire G\u00e9ographique International \u00ab&nbsp;Dimitrie Cantemir&nbsp;\u00bb<\/em><\/strong><\/p>\n","protected":false},"excerpt":{"rendered":"<p>Frais de participation \u00e0 la conf\u00e9rence :&nbsp;500 lei (100 euros)Frais de participation pour l\u2019application sur le terrain :&nbsp;250 lei (50 euros)Un auteur peut pr\u00e9senter un maximum de 2 communications.Les frais de participation \u00e0 la conf\u00e9rence (500 RON) comprennent le dossier de conf\u00e9rence, le d\u00e9jeuner et les pauses caf\u00e9 pendant la&#8230;<\/p>\n<p class=\"continue-reading-button\"> <a class=\"continue-reading-link\" href=\"https:\/\/www.geo.uaic.ro\/cantemir\/en\/fees\/\">Continue reading<i class=\"crycon-right-dir\"><\/i><\/a><\/p>\n","protected":false},"author":1,"featured_media":0,"parent":0,"menu_order":0,"comment_status":"closed","ping_status":"closed","template":"","meta":{"footnotes":""},"class_list":["post-468","page","type-page","status-publish","hentry"],"_links":{"self":[{"href":"https:\/\/www.geo.uaic.ro\/cantemir\/wp-json\/wp\/v2\/pages\/468","targetHints":{"allow":["GET"]}}],"collection":[{"href":"https:\/\/www.geo.uaic.ro\/cantemir\/wp-json\/wp\/v2\/pages"}],"about":[{"href":"https:\/\/www.geo.uaic.ro\/cantemir\/wp-json\/wp\/v2\/types\/page"}],"author":[{"embeddable":true,"href":"https:\/\/www.geo.uaic.ro\/cantemir\/wp-json\/wp\/v2\/users\/1"}],"replies":[{"embeddable":true,"href":"https:\/\/www.geo.uaic.ro\/cantemir\/wp-json\/wp\/v2\/comments?post=468"}],"version-history":[{"count":31,"href":"https:\/\/www.geo.uaic.ro\/cantemir\/wp-json\/wp\/v2\/pages\/468\/revisions"}],"predecessor-version":[{"id":2501,"href":"https:\/\/www.geo.uaic.ro\/cantemir\/wp-json\/wp\/v2\/pages\/468\/revisions\/2501"}],"wp:attachment":[{"href":"https:\/\/www.geo.uaic.ro\/cantemir\/wp-json\/wp\/v2\/media?parent=468"}],"curies":[{"name":"wp","href":"https:\/\/api.w.org\/{rel}","templated":true}]}}