{"id":460,"date":"2019-09-16T21:53:20","date_gmt":"2019-09-16T21:53:20","guid":{"rendered":"http:\/\/www.geo.uaic.ro\/cantemirtest\/?page_id=460"},"modified":"2026-02-13T15:32:57","modified_gmt":"2026-02-13T13:32:57","slug":"taxe-de-participare","status":"publish","type":"page","link":"https:\/\/www.geo.uaic.ro\/cantemir\/taxe-de-participare\/","title":{"rendered":"Taxe \u0219i modalit\u0103\u021bi de plat\u0103"},"content":{"rendered":"\n<p>Taxa de participare la conferin\u021b\u0103:&nbsp;500 lei (100 euro)<br>Taxa de participare la aplica\u021bia de teren:&nbsp;250 de lei (50 euro)<br><strong>Un autor poate prezenta maximum 2 lucr\u0103ri.<\/strong><br>Taxa de participare la conferin\u021b\u0103 (500 ron) include mapa conferin\u021bei, masa \u0219i pauzele de cafea din timpul zilei, participarea la cina festiv\u0103.<\/p>\n\n\n\n<p>Plata taxei se face p\u00e2n\u0103 la data de&nbsp;<strong>1 octombrie 2026<\/strong>&nbsp;in urm\u0103torul cont:<\/p>\n\n\n\n<p><strong>Asociatia&nbsp;Envirogis<\/strong><\/p>\n\n\n\n<p>IA\u0218I, Sos. Arcu, NR. 81, Bl. T7. Sc. A<\/p>\n\n\n\n<p>CUI: 36036170, IBAN: RO58BRDE240SV70002732400, valuta&nbsp;RON., SWIFT: BRDEROBU, BRD, SUCURSALA IA\u0218I.<\/p>\n\n\n\n<p><strong>Important!<\/strong><br>La plata taxei de participare la conferin\u021b\u0103 (500 lei) \u0219i la aplica\u021bia de teren (250 lei) v\u0103 rug\u0103m s\u0103 men\u021biona\u021bi c\u0103 plata se realizeaz\u0103 pentru&nbsp;<strong><em>Lucr\u0103rile Seminarului Geografic Interna\u021bional \u201dDimitrie Cantemir\u201d<\/em><\/strong>.<\/p>\n","protected":false},"excerpt":{"rendered":"<p>Taxa de participare la conferin\u021b\u0103:&nbsp;500 lei (100 euro)Taxa de participare la aplica\u021bia de teren:&nbsp;250 de lei (50 euro)Un autor poate prezenta maximum 2 lucr\u0103ri.Taxa de participare la conferin\u021b\u0103 (500 ron) include mapa conferin\u021bei, masa \u0219i pauzele de cafea din timpul zilei, participarea la cina festiv\u0103. Plata taxei se face p\u00e2n\u0103&#8230;<\/p>\n<p class=\"continue-reading-button\"> <a class=\"continue-reading-link\" href=\"https:\/\/www.geo.uaic.ro\/cantemir\/taxe-de-participare\/\">Continue reading<i class=\"crycon-right-dir\"><\/i><\/a><\/p>\n","protected":false},"author":1,"featured_media":0,"parent":0,"menu_order":0,"comment_status":"closed","ping_status":"closed","template":"","meta":{"footnotes":""},"class_list":["post-460","page","type-page","status-publish","hentry"],"_links":{"self":[{"href":"https:\/\/www.geo.uaic.ro\/cantemir\/wp-json\/wp\/v2\/pages\/460","targetHints":{"allow":["GET"]}}],"collection":[{"href":"https:\/\/www.geo.uaic.ro\/cantemir\/wp-json\/wp\/v2\/pages"}],"about":[{"href":"https:\/\/www.geo.uaic.ro\/cantemir\/wp-json\/wp\/v2\/types\/page"}],"author":[{"embeddable":true,"href":"https:\/\/www.geo.uaic.ro\/cantemir\/wp-json\/wp\/v2\/users\/1"}],"replies":[{"embeddable":true,"href":"https:\/\/www.geo.uaic.ro\/cantemir\/wp-json\/wp\/v2\/comments?post=460"}],"version-history":[{"count":41,"href":"https:\/\/www.geo.uaic.ro\/cantemir\/wp-json\/wp\/v2\/pages\/460\/revisions"}],"predecessor-version":[{"id":2500,"href":"https:\/\/www.geo.uaic.ro\/cantemir\/wp-json\/wp\/v2\/pages\/460\/revisions\/2500"}],"wp:attachment":[{"href":"https:\/\/www.geo.uaic.ro\/cantemir\/wp-json\/wp\/v2\/media?parent=460"}],"curies":[{"name":"wp","href":"https:\/\/api.w.org\/{rel}","templated":true}]}}