{"id":451,"date":"2019-09-16T21:29:01","date_gmt":"2019-09-16T21:29:01","guid":{"rendered":"http:\/\/www.geo.uaic.ro\/cantemirtest\/?page_id=451"},"modified":"2026-02-13T15:30:45","modified_gmt":"2026-02-13T13:30:45","slug":"trimiterea-propunerilor-de-comunicari","status":"publish","type":"page","link":"https:\/\/www.geo.uaic.ro\/cantemir\/trimiterea-propunerilor-de-comunicari\/","title":{"rendered":"Trimiterea propunerilor de comunic\u0103ri"},"content":{"rendered":"\n<p>Propunerile de comunic\u0103ri (rezumatele) pot fi trimise online complet\u00e2nd Formularul de \u00eenscriere. \u00cencrierea lucr\u0103rilor presupune alegerea \u00een prealabil a sec\u021biunii dorite (pentru mai multe detalii cu privire la sec\u021biunile tematice \u0219i speciale vezi pagina Sec\u021biuni). <\/p>\n\n\n\n<p>Data limit\u0103 de trimitere a rezumatelor este <strong>15 septembrie 2026<\/strong>.<\/p>\n\n\n\n<div class=\"wp-block-buttons is-content-justification-center is-layout-flex wp-container-core-buttons-is-layout-16018d1d wp-block-buttons-is-layout-flex\">\n<div class=\"wp-block-button is-style-fill\"><a class=\"wp-block-button__link has-black-color has-pale-cyan-blue-background-color has-text-color has-background has-link-color has-small-font-size has-custom-font-size wp-element-button\" href=\"https:\/\/docs.google.com\/forms\/d\/e\/1FAIpQLScSvOfHkIzpFc2oahjoLq3NiYY8hribsPPNTT1PtuygKbk_bw\/viewform?usp=publish-editor\" style=\"border-radius:11px\" target=\"_blank\" rel=\"noreferrer noopener\"><strong>Formular de \u00eenscriere<\/strong><\/a><\/div>\n<\/div>\n","protected":false},"excerpt":{"rendered":"<p>Propunerile de comunic\u0103ri (rezumatele) pot fi trimise online complet\u00e2nd Formularul de \u00eenscriere. \u00cencrierea lucr\u0103rilor presupune alegerea \u00een prealabil a sec\u021biunii dorite (pentru mai multe detalii cu privire la sec\u021biunile tematice \u0219i speciale vezi pagina Sec\u021biuni). Data limit\u0103 de trimitere a rezumatelor este 15 septembrie 2026.<\/p>\n<p class=\"continue-reading-button\"> <a class=\"continue-reading-link\" href=\"https:\/\/www.geo.uaic.ro\/cantemir\/trimiterea-propunerilor-de-comunicari\/\">Continue reading<i class=\"crycon-right-dir\"><\/i><\/a><\/p>\n","protected":false},"author":1,"featured_media":0,"parent":0,"menu_order":0,"comment_status":"closed","ping_status":"closed","template":"","meta":{"footnotes":""},"class_list":["post-451","page","type-page","status-publish","hentry"],"_links":{"self":[{"href":"https:\/\/www.geo.uaic.ro\/cantemir\/wp-json\/wp\/v2\/pages\/451","targetHints":{"allow":["GET"]}}],"collection":[{"href":"https:\/\/www.geo.uaic.ro\/cantemir\/wp-json\/wp\/v2\/pages"}],"about":[{"href":"https:\/\/www.geo.uaic.ro\/cantemir\/wp-json\/wp\/v2\/types\/page"}],"author":[{"embeddable":true,"href":"https:\/\/www.geo.uaic.ro\/cantemir\/wp-json\/wp\/v2\/users\/1"}],"replies":[{"embeddable":true,"href":"https:\/\/www.geo.uaic.ro\/cantemir\/wp-json\/wp\/v2\/comments?post=451"}],"version-history":[{"count":20,"href":"https:\/\/www.geo.uaic.ro\/cantemir\/wp-json\/wp\/v2\/pages\/451\/revisions"}],"predecessor-version":[{"id":2497,"href":"https:\/\/www.geo.uaic.ro\/cantemir\/wp-json\/wp\/v2\/pages\/451\/revisions\/2497"}],"wp:attachment":[{"href":"https:\/\/www.geo.uaic.ro\/cantemir\/wp-json\/wp\/v2\/media?parent=451"}],"curies":[{"name":"wp","href":"https:\/\/api.w.org\/{rel}","templated":true}]}}