{"id":437,"date":"2019-09-16T21:12:30","date_gmt":"2019-09-16T21:12:30","guid":{"rendered":"http:\/\/www.geo.uaic.ro\/cantemirtest\/?page_id=437"},"modified":"2026-02-13T15:04:56","modified_gmt":"2026-02-13T13:04:56","slug":"dates-importantes","status":"publish","type":"page","link":"https:\/\/www.geo.uaic.ro\/cantemir\/fr\/dates-importantes\/","title":{"rendered":"Dates importantes"},"content":{"rendered":"\n<p><strong>31 mai 2026<\/strong><br>Envoi des propositions de sessions sp\u00e9ciales et ateliers.<\/p>\n\n\n\n<p><strong>15 june 2026<\/strong><br>Notifications concernant l&#8217;acceptation des propositions de sessions sp\u00e9ciales et ateliers.<\/p>\n\n\n\n<p><strong>15 septembre 2026<\/strong><br>Date limite de soumission des propositions de communications (abstracts)<\/p>\n\n\n\n<p><strong>20 septembre 2026<\/strong><br>Notification d&#8217;acceptation par les auteurs des communications propos\u00e9es (r\u00e9sum\u00e9s)<\/p>\n\n\n\n<p><strong>23-25 octobre 2026<\/strong><br>Journ\u00e9es de conf\u00e9rence : interventions, communications pl\u00e9ni\u00e8res, sessions parall\u00e8les, applications terrain<\/p>\n","protected":false},"excerpt":{"rendered":"<p>31 mai 2026Envoi des propositions de sessions sp\u00e9ciales et ateliers. 15 june 2026Notifications concernant l&#8217;acceptation des propositions de sessions sp\u00e9ciales et ateliers. 15 septembre 2026Date limite de soumission des propositions de communications (abstracts) 20 septembre 2026Notification d&#8217;acceptation par les auteurs des communications propos\u00e9es (r\u00e9sum\u00e9s) 23-25 octobre 2026Journ\u00e9es de conf\u00e9rence :&#8230;<\/p>\n<p class=\"continue-reading-button\"> <a class=\"continue-reading-link\" href=\"https:\/\/www.geo.uaic.ro\/cantemir\/fr\/dates-importantes\/\">Continue reading<i class=\"crycon-right-dir\"><\/i><\/a><\/p>\n","protected":false},"author":1,"featured_media":0,"parent":0,"menu_order":0,"comment_status":"closed","ping_status":"closed","template":"","meta":{"footnotes":""},"class_list":["post-437","page","type-page","status-publish","hentry"],"_links":{"self":[{"href":"https:\/\/www.geo.uaic.ro\/cantemir\/wp-json\/wp\/v2\/pages\/437","targetHints":{"allow":["GET"]}}],"collection":[{"href":"https:\/\/www.geo.uaic.ro\/cantemir\/wp-json\/wp\/v2\/pages"}],"about":[{"href":"https:\/\/www.geo.uaic.ro\/cantemir\/wp-json\/wp\/v2\/types\/page"}],"author":[{"embeddable":true,"href":"https:\/\/www.geo.uaic.ro\/cantemir\/wp-json\/wp\/v2\/users\/1"}],"replies":[{"embeddable":true,"href":"https:\/\/www.geo.uaic.ro\/cantemir\/wp-json\/wp\/v2\/comments?post=437"}],"version-history":[{"count":23,"href":"https:\/\/www.geo.uaic.ro\/cantemir\/wp-json\/wp\/v2\/pages\/437\/revisions"}],"predecessor-version":[{"id":2467,"href":"https:\/\/www.geo.uaic.ro\/cantemir\/wp-json\/wp\/v2\/pages\/437\/revisions\/2467"}],"wp:attachment":[{"href":"https:\/\/www.geo.uaic.ro\/cantemir\/wp-json\/wp\/v2\/media?parent=437"}],"curies":[{"name":"wp","href":"https:\/\/api.w.org\/{rel}","templated":true}]}}