{"id":435,"date":"2019-09-16T21:10:59","date_gmt":"2019-09-16T21:10:59","guid":{"rendered":"http:\/\/www.geo.uaic.ro\/cantemirtest\/?page_id=435"},"modified":"2026-02-13T15:04:10","modified_gmt":"2026-02-13T13:04:10","slug":"termene-importante","status":"publish","type":"page","link":"https:\/\/www.geo.uaic.ro\/cantemir\/termene-importante\/","title":{"rendered":"Termene importante"},"content":{"rendered":"\n<p><strong>31 mai 2026<\/strong><br>Trimiterea propunerilor de sesiuni speciale \u0219i workshop-uri.<\/p>\n\n\n\n<p><strong>15 iunie 2026<\/strong><br>Notific\u0103ri cu privire la acceptarea propunerilor de sesiuni speciale \u0219i workshop-uri.<\/p>\n\n\n\n<p><strong>15 septembrie 2026<\/strong><br>Termen limit\u0103 pentru trimiterea propunerilor de comunic\u0103ri (rezumate)<\/p>\n\n\n\n<p><strong>20 septembrie 2026<\/strong><br>Notificarea autorilor cu privire la acceptarea propunerilor de comunic\u0103ri (rezumate)<\/p>\n\n\n\n<p><strong>23-25 octombrie 2026<\/strong><br>Zilele conferin\u021bei: alocu\u021biuni, comunic\u0103ri \u00een plen, sesiuni paralele, aplica\u021bii de teren<\/p>\n","protected":false},"excerpt":{"rendered":"<p>31 mai 2026Trimiterea propunerilor de sesiuni speciale \u0219i workshop-uri. 15 iunie 2026Notific\u0103ri cu privire la acceptarea propunerilor de sesiuni speciale \u0219i workshop-uri. 15 septembrie 2026Termen limit\u0103 pentru trimiterea propunerilor de comunic\u0103ri (rezumate) 20 septembrie 2026Notificarea autorilor cu privire la acceptarea propunerilor de comunic\u0103ri (rezumate) 23-25 octombrie 2026Zilele conferin\u021bei: alocu\u021biuni, comunic\u0103ri&#8230;<\/p>\n<p class=\"continue-reading-button\"> <a class=\"continue-reading-link\" href=\"https:\/\/www.geo.uaic.ro\/cantemir\/termene-importante\/\">Continue reading<i class=\"crycon-right-dir\"><\/i><\/a><\/p>\n","protected":false},"author":1,"featured_media":0,"parent":0,"menu_order":0,"comment_status":"closed","ping_status":"closed","template":"","meta":{"footnotes":""},"class_list":["post-435","page","type-page","status-publish","hentry"],"_links":{"self":[{"href":"https:\/\/www.geo.uaic.ro\/cantemir\/wp-json\/wp\/v2\/pages\/435","targetHints":{"allow":["GET"]}}],"collection":[{"href":"https:\/\/www.geo.uaic.ro\/cantemir\/wp-json\/wp\/v2\/pages"}],"about":[{"href":"https:\/\/www.geo.uaic.ro\/cantemir\/wp-json\/wp\/v2\/types\/page"}],"author":[{"embeddable":true,"href":"https:\/\/www.geo.uaic.ro\/cantemir\/wp-json\/wp\/v2\/users\/1"}],"replies":[{"embeddable":true,"href":"https:\/\/www.geo.uaic.ro\/cantemir\/wp-json\/wp\/v2\/comments?post=435"}],"version-history":[{"count":20,"href":"https:\/\/www.geo.uaic.ro\/cantemir\/wp-json\/wp\/v2\/pages\/435\/revisions"}],"predecessor-version":[{"id":2466,"href":"https:\/\/www.geo.uaic.ro\/cantemir\/wp-json\/wp\/v2\/pages\/435\/revisions\/2466"}],"wp:attachment":[{"href":"https:\/\/www.geo.uaic.ro\/cantemir\/wp-json\/wp\/v2\/media?parent=435"}],"curies":[{"name":"wp","href":"https:\/\/api.w.org\/{rel}","templated":true}]}}