{"id":352,"date":"2019-09-16T20:12:30","date_gmt":"2019-09-16T20:12:30","guid":{"rendered":"http:\/\/www.geo.uaic.ro\/cantemirtest\/?page_id=352"},"modified":"2024-06-06T12:18:11","modified_gmt":"2024-06-06T10:18:11","slug":"sessions-thematiques","status":"publish","type":"page","link":"https:\/\/www.geo.uaic.ro\/cantemir\/fr\/sessions-thematiques\/","title":{"rendered":"Sessions th\u00e9matiques"},"content":{"rendered":"\n<p id=\"tw-target-text\">ST 01. G\u00e9omorphologie et p\u00e9dologie <\/p>\n\n\n\n<p id=\"tw-target-text\">ST 02. Risques climatiques et gestion des ressources en eau <\/p>\n\n\n\n<p id=\"tw-target-text\">ST 03. SIG appliqu\u00e9 \u00e0 la g\u00e9ographie <\/p>\n\n\n\n<p id=\"tw-target-text\">ST 04. G\u00e9ographie r\u00e9gionale et environnementale <\/p>\n\n\n\n<p id=\"tw-target-text\">ST 05. Tourisme, patrimoine et biodiversit\u00e9 <\/p>\n\n\n\n<p id=\"tw-target-text\">ST 06. G\u00e9ographie des \u00e9tablissements <\/p>\n\n\n\n<p id=\"tw-target-text\">ST 07. G\u00e9ographie de la population <\/p>\n\n\n\n<p id=\"tw-target-text\">ST 08. G\u00e9ographie \u00e9conomique <\/p>\n\n\n\n<p id=\"tw-target-text\">ST 09. G\u00e9opolitique et g\u00e9ostrat\u00e9gie dans le contexte du conflit en Ukraine <\/p>\n\n\n\n<p id=\"tw-target-text\">ST 10. Didactique de la g\u00e9ographie<\/p>\n","protected":false},"excerpt":{"rendered":"<p>ST 01. G\u00e9omorphologie et p\u00e9dologie ST 02. Risques climatiques et gestion des ressources en eau ST 03. SIG appliqu\u00e9 \u00e0 la g\u00e9ographie ST 04. G\u00e9ographie r\u00e9gionale et environnementale ST 05. Tourisme, patrimoine et biodiversit\u00e9 ST 06. G\u00e9ographie des \u00e9tablissements ST 07. G\u00e9ographie de la population ST 08. G\u00e9ographie \u00e9conomique ST&#8230;<\/p>\n<p class=\"continue-reading-button\"> <a class=\"continue-reading-link\" href=\"https:\/\/www.geo.uaic.ro\/cantemir\/fr\/sessions-thematiques\/\">Continue reading<i class=\"crycon-right-dir\"><\/i><\/a><\/p>\n","protected":false},"author":1,"featured_media":0,"parent":0,"menu_order":0,"comment_status":"closed","ping_status":"closed","template":"","meta":{"footnotes":""},"class_list":["post-352","page","type-page","status-publish","hentry"],"_links":{"self":[{"href":"https:\/\/www.geo.uaic.ro\/cantemir\/wp-json\/wp\/v2\/pages\/352","targetHints":{"allow":["GET"]}}],"collection":[{"href":"https:\/\/www.geo.uaic.ro\/cantemir\/wp-json\/wp\/v2\/pages"}],"about":[{"href":"https:\/\/www.geo.uaic.ro\/cantemir\/wp-json\/wp\/v2\/types\/page"}],"author":[{"embeddable":true,"href":"https:\/\/www.geo.uaic.ro\/cantemir\/wp-json\/wp\/v2\/users\/1"}],"replies":[{"embeddable":true,"href":"https:\/\/www.geo.uaic.ro\/cantemir\/wp-json\/wp\/v2\/comments?post=352"}],"version-history":[{"count":10,"href":"https:\/\/www.geo.uaic.ro\/cantemir\/wp-json\/wp\/v2\/pages\/352\/revisions"}],"predecessor-version":[{"id":2088,"href":"https:\/\/www.geo.uaic.ro\/cantemir\/wp-json\/wp\/v2\/pages\/352\/revisions\/2088"}],"wp:attachment":[{"href":"https:\/\/www.geo.uaic.ro\/cantemir\/wp-json\/wp\/v2\/media?parent=352"}],"curies":[{"name":"wp","href":"https:\/\/api.w.org\/{rel}","templated":true}]}}