{"id":243,"date":"2019-09-16T18:11:56","date_gmt":"2019-09-16T18:11:56","guid":{"rendered":"http:\/\/www.geo.uaic.ro\/cantemirtest\/?page_id=243"},"modified":"2026-02-13T15:02:38","modified_gmt":"2026-02-13T13:02:38","slug":"acasa","status":"publish","type":"page","link":"https:\/\/www.geo.uaic.ro\/cantemir\/","title":{"rendered":"Acas\u0103"},"content":{"rendered":"\n<p><strong><strong><strong>Bun venit la cea de-a XLVI-a edi\u021bie a Seminarului Geografic Interna\u021bional \u201eDimitrie Cantemir\u201d! Edi\u021bia de anul acesta se va desf\u0103\u0219ura \u00een perioada 23-25 octombrie 2026.<\/strong><\/strong><\/strong><\/p>\n\n\n\n<div class=\"wp-block-buttons is-content-justification-center is-layout-flex wp-container-core-buttons-is-layout-16018d1d wp-block-buttons-is-layout-flex\">\n<div class=\"wp-block-button is-style-fill\"><a class=\"wp-block-button__link has-black-color has-pale-cyan-blue-background-color has-text-color has-background has-link-color has-small-font-size has-custom-font-size wp-element-button\" href=\"https:\/\/docs.google.com\/forms\/d\/e\/1FAIpQLScSvOfHkIzpFc2oahjoLq3NiYY8hribsPPNTT1PtuygKbk_bw\/viewform?usp=publish-editor\" style=\"border-radius:11px\" target=\"_blank\" rel=\"noreferrer noopener\"><strong>Formular de \u00eenscriere<\/strong><\/a><\/div>\n<\/div>\n\n\n\n<p>Lucr\u0103rile Seminarului Geografic Interna\u021bional \u201eDimitrie Cantemir\u201d reprezint\u0103 un eveniment de tradi\u021bie al Geografiei Ie\u0219ene. Seminarul a fost organizat pentru prima dat\u0103 \u00een cadrul Societ\u0103\u0163ii Geografice \u201eDimitrie Cantemir\u201d, \u00eenfiin\u021bat\u0103 \u00een anul 1930, concomitent cu crearea filialei ie\u0219ene de geografie a Academiei Rom\u00e2ne. C\u00e2\u021biva ani mai t\u00e2rziu, \u00een 1937, apare \u0219i primul volum al publica\u021biei&nbsp;<a href=\"http:\/\/www.seminarcantemir.uaic.ro\/index.php\/lsgdc\/issue\/view\/1\" target=\"_blank\" rel=\"noreferrer noopener\">Lucr\u0103rile Seminarului Geografic \u201eDimitrie Cantemir\u201d<\/a>, revist\u0103 care continu\u0103 s\u0103 publice \u0219i ast\u0103zi contribu\u021bii \u0219tiin\u021bifice importante semnate at\u00e2t de c\u0103tre cercet\u0103tori rom\u00e2ni, c\u00e2t \u0219i str\u0103ini.<\/p>\n\n\n\n<p>\u00cen cadrul acestei edi\u021bii propunem urm\u0103toarele activit\u0103\u021bi:<\/p>\n\n\n\n<ul class=\"wp-block-list\">\n<li>10 sec\u021biuni tematice<\/li>\n\n\n\n<li>Sesiuni speciale \u2013 care pot fi propuse p\u00e2n\u0103 la data de\u00a031 mai 2026\u00a0la adresa de e-mail: <a href=\"mailto:ciatu@uaic.ro\">ciatu@uaic.ro<\/a><\/li>\n\n\n\n<li>Workshop-uri tematice \u2013 care pot fi propuse p\u00e2n\u0103 la data de\u00a031 mai 2026\u00a0la adresa de e-mail:\u00a0<a href=\"mailto:ciatu@uaic.ro\">ciatu@uaic.ro<\/a><\/li>\n<\/ul>\n\n\n\n<p>Propunerile de comunic\u0103ri (rezumatele) pot fi trimise online complet\u00e2nd&nbsp;Formularul de \u00eenscriere. \u00censcrierea lucr\u0103rilor presupune alegerea \u00een prealabil a sec\u021biunii dorite (pentru mai multe detalii cu privire la sec\u021biunile tematice \u0219i speciale consulta\u021bi pagina&nbsp;<a href=\"https:\/\/www.geo.uaic.ro\/cantemir\/sectiuni\/\">Sec\u021biuni<\/a>).<\/p>\n\n\n\n<figure class=\"wp-block-embed is-type-video is-provider-youtube wp-block-embed-youtube wp-embed-aspect-16-9 wp-has-aspect-ratio\"><div class=\"wp-block-embed__wrapper\">\n<iframe loading=\"lazy\" title=\"International Geographic Seminar &quot;Dimitrie Cantemir&quot;\" width=\"900\" height=\"506\" src=\"https:\/\/www.youtube.com\/embed\/CQ9NTLPi-gw?feature=oembed\" frameborder=\"0\" allow=\"accelerometer; autoplay; clipboard-write; encrypted-media; gyroscope; picture-in-picture; web-share\" referrerpolicy=\"strict-origin-when-cross-origin\" allowfullscreen><\/iframe>\n<\/div><\/figure>\n\n\n\n<p><\/p>\n\n\n\n<figure class=\"wp-block-embed is-type-video is-provider-youtube wp-block-embed-youtube wp-embed-aspect-16-9 wp-has-aspect-ratio\" style=\"width: 50%\"><div class=\"wp-block-embed__wrapper\">\n<iframe loading=\"lazy\" title=\"Music ideas at the time of Dimitrie Cantemir\" width=\"900\" height=\"506\" src=\"https:\/\/www.youtube.com\/embed\/videoseries?list=PL09Ue5xuMX7qZhnmogkf3z3V0TV4FWMKC\" frameborder=\"0\" allow=\"accelerometer; autoplay; clipboard-write; encrypted-media; gyroscope; picture-in-picture; web-share\" referrerpolicy=\"strict-origin-when-cross-origin\" allowfullscreen><\/iframe>\n<\/div><figcaption class=\"wp-element-caption\"><strong>Musical gift from Matteo Verazzi<\/strong><\/figcaption><\/figure>\n\n\n\n<p><\/p>\n\n\n\n<p><\/p>\n\n\n\n<p><\/p>\n\n\n\n<p><\/p>\n\n\n\n<p class=\"has-medium-font-size\"><strong>Organizator principal al conferintei<\/strong><\/p>\n\n\n<div class=\"wp-block-image is-resized\">\n<figure class=\"alignleft\"><img decoding=\"async\" src=\"http:\/\/www.geomorphologyonline.com\/students_materials\/Info\/sigla_GEO.png\" alt=\"Imagini pentru geografie uaic sigla\" style=\"width:165px;height:auto\"\/><\/figure>\n<\/div>\n\n<p>Asocia\u021bia Envirogis<\/p>\n<p>Departamentul de Geografie<\/p>\n<p>Coordonator: Prof. univ. dr. Corneliu Ia\u021bu<\/p>\n<p><span style=\"color: 0a4465;\">E-mail: ciatu@uaic.ro<\/span><\/p>\n\n\n<p><\/p>\n","protected":false},"excerpt":{"rendered":"<p>Bun venit la cea de-a XLVI-a edi\u021bie a Seminarului Geografic Interna\u021bional \u201eDimitrie Cantemir\u201d! Edi\u021bia de anul acesta se va desf\u0103\u0219ura \u00een perioada 23-25 octombrie 2026. Lucr\u0103rile Seminarului Geografic Interna\u021bional \u201eDimitrie Cantemir\u201d reprezint\u0103 un eveniment de tradi\u021bie al Geografiei Ie\u0219ene. Seminarul a fost organizat pentru prima dat\u0103 \u00een cadrul Societ\u0103\u0163ii Geografice&#8230;<\/p>\n<p class=\"continue-reading-button\"> <a class=\"continue-reading-link\" href=\"https:\/\/www.geo.uaic.ro\/cantemir\/\">Continue reading<i class=\"crycon-right-dir\"><\/i><\/a><\/p>\n","protected":false},"author":1,"featured_media":0,"parent":0,"menu_order":0,"comment_status":"closed","ping_status":"closed","template":"","meta":{"footnotes":""},"class_list":["post-243","page","type-page","status-publish","hentry"],"_links":{"self":[{"href":"https:\/\/www.geo.uaic.ro\/cantemir\/wp-json\/wp\/v2\/pages\/243","targetHints":{"allow":["GET"]}}],"collection":[{"href":"https:\/\/www.geo.uaic.ro\/cantemir\/wp-json\/wp\/v2\/pages"}],"about":[{"href":"https:\/\/www.geo.uaic.ro\/cantemir\/wp-json\/wp\/v2\/types\/page"}],"author":[{"embeddable":true,"href":"https:\/\/www.geo.uaic.ro\/cantemir\/wp-json\/wp\/v2\/users\/1"}],"replies":[{"embeddable":true,"href":"https:\/\/www.geo.uaic.ro\/cantemir\/wp-json\/wp\/v2\/comments?post=243"}],"version-history":[{"count":145,"href":"https:\/\/www.geo.uaic.ro\/cantemir\/wp-json\/wp\/v2\/pages\/243\/revisions"}],"predecessor-version":[{"id":2465,"href":"https:\/\/www.geo.uaic.ro\/cantemir\/wp-json\/wp\/v2\/pages\/243\/revisions\/2465"}],"wp:attachment":[{"href":"https:\/\/www.geo.uaic.ro\/cantemir\/wp-json\/wp\/v2\/media?parent=243"}],"curies":[{"name":"wp","href":"https:\/\/api.w.org\/{rel}","templated":true}]}}