{"id":2317,"date":"2025-04-15T16:38:20","date_gmt":"2025-04-15T14:38:20","guid":{"rendered":"https:\/\/www.geo.uaic.ro\/cantemir\/?page_id=2317"},"modified":"2025-04-15T16:38:20","modified_gmt":"2025-04-15T14:38:20","slug":"2024-3","status":"publish","type":"page","link":"https:\/\/www.geo.uaic.ro\/cantemir\/fr\/2024-3\/","title":{"rendered":"2024"},"content":{"rendered":"\n<p><strong>La 43\u00e8me \u00e9dition du Colloque G\u00e9ographique International \u201eDimitrie Cantemir\u201d<\/strong><\/p>\n\n\n\n<p>Lieu du colloque : Universit\u00e9 \u00ab Alexandru Ioan Cuza \u00bb de Iasi, Roumanie<\/p>\n\n\n\n<p>T\u00e9l\u00e9chargez le programme d\u00e9taill\u00e9:\u00a0<a href=\"https:\/\/www.geo.uaic.ro\/cantemir\/wp-content\/uploads\/2024\/10\/PROGRAMME-CANTEMIR_2024_v4.pdf\" target=\"_blank\" rel=\"noreferrer noopener\">PDF<\/a><\/p>\n","protected":false},"excerpt":{"rendered":"<p>La 43\u00e8me \u00e9dition du Colloque G\u00e9ographique International \u201eDimitrie Cantemir\u201d Lieu du colloque : Universit\u00e9 \u00ab Alexandru Ioan Cuza \u00bb de Iasi, Roumanie T\u00e9l\u00e9chargez le programme d\u00e9taill\u00e9:\u00a0PDF<\/p>\n<p class=\"continue-reading-button\"> <a class=\"continue-reading-link\" href=\"https:\/\/www.geo.uaic.ro\/cantemir\/fr\/2024-3\/\">Continue reading<i class=\"crycon-right-dir\"><\/i><\/a><\/p>\n","protected":false},"author":1,"featured_media":0,"parent":0,"menu_order":0,"comment_status":"closed","ping_status":"closed","template":"","meta":{"footnotes":""},"class_list":["post-2317","page","type-page","status-publish","hentry"],"_links":{"self":[{"href":"https:\/\/www.geo.uaic.ro\/cantemir\/wp-json\/wp\/v2\/pages\/2317","targetHints":{"allow":["GET"]}}],"collection":[{"href":"https:\/\/www.geo.uaic.ro\/cantemir\/wp-json\/wp\/v2\/pages"}],"about":[{"href":"https:\/\/www.geo.uaic.ro\/cantemir\/wp-json\/wp\/v2\/types\/page"}],"author":[{"embeddable":true,"href":"https:\/\/www.geo.uaic.ro\/cantemir\/wp-json\/wp\/v2\/users\/1"}],"replies":[{"embeddable":true,"href":"https:\/\/www.geo.uaic.ro\/cantemir\/wp-json\/wp\/v2\/comments?post=2317"}],"version-history":[{"count":1,"href":"https:\/\/www.geo.uaic.ro\/cantemir\/wp-json\/wp\/v2\/pages\/2317\/revisions"}],"predecessor-version":[{"id":2318,"href":"https:\/\/www.geo.uaic.ro\/cantemir\/wp-json\/wp\/v2\/pages\/2317\/revisions\/2318"}],"wp:attachment":[{"href":"https:\/\/www.geo.uaic.ro\/cantemir\/wp-json\/wp\/v2\/media?parent=2317"}],"curies":[{"name":"wp","href":"https:\/\/api.w.org\/{rel}","templated":true}]}}