{"id":2143,"date":"2024-06-10T08:38:28","date_gmt":"2024-06-10T06:38:28","guid":{"rendered":"https:\/\/www.geo.uaic.ro\/cantemir\/?page_id=2143"},"modified":"2024-06-10T08:54:27","modified_gmt":"2024-06-10T06:54:27","slug":"2023-fr","status":"publish","type":"page","link":"https:\/\/www.geo.uaic.ro\/cantemir\/fr\/editions-anterieures\/2023-fr\/","title":{"rendered":"2023"},"content":{"rendered":"\n<p><strong>La 43\u00e8me \u00e9dition du Colloque G\u00e9ographique International \u201eDimitrie Cantemir\u201d<\/strong><\/p>\n\n\n\n<p>Lieu du colloque : Universit\u00e9 \u00ab Alexandru Ioan Cuza \u00bb de Iasi, Roumanie<\/p>\n\n\n\n<p>T\u00e9l\u00e9chargez le programme d\u00e9taill\u00e9: <a href=\"https:\/\/www.geo.uaic.ro\/cantemir\/wp-content\/uploads\/2023\/10\/PROGRAM-CANTEMIR_2023_final.pdf\" target=\"_blank\" rel=\"noreferrer noopener\">PDF<\/a><\/p>\n","protected":false},"excerpt":{"rendered":"<p>La 43\u00e8me \u00e9dition du Colloque G\u00e9ographique International \u201eDimitrie Cantemir\u201d Lieu du colloque : Universit\u00e9 \u00ab Alexandru Ioan Cuza \u00bb de Iasi, Roumanie T\u00e9l\u00e9chargez le programme d\u00e9taill\u00e9: PDF<\/p>\n<p class=\"continue-reading-button\"> <a class=\"continue-reading-link\" href=\"https:\/\/www.geo.uaic.ro\/cantemir\/fr\/editions-anterieures\/2023-fr\/\">Continue reading<i class=\"crycon-right-dir\"><\/i><\/a><\/p>\n","protected":false},"author":1,"featured_media":0,"parent":990,"menu_order":0,"comment_status":"closed","ping_status":"closed","template":"","meta":{"footnotes":""},"class_list":["post-2143","page","type-page","status-publish","hentry"],"_links":{"self":[{"href":"https:\/\/www.geo.uaic.ro\/cantemir\/wp-json\/wp\/v2\/pages\/2143","targetHints":{"allow":["GET"]}}],"collection":[{"href":"https:\/\/www.geo.uaic.ro\/cantemir\/wp-json\/wp\/v2\/pages"}],"about":[{"href":"https:\/\/www.geo.uaic.ro\/cantemir\/wp-json\/wp\/v2\/types\/page"}],"author":[{"embeddable":true,"href":"https:\/\/www.geo.uaic.ro\/cantemir\/wp-json\/wp\/v2\/users\/1"}],"replies":[{"embeddable":true,"href":"https:\/\/www.geo.uaic.ro\/cantemir\/wp-json\/wp\/v2\/comments?post=2143"}],"version-history":[{"count":3,"href":"https:\/\/www.geo.uaic.ro\/cantemir\/wp-json\/wp\/v2\/pages\/2143\/revisions"}],"predecessor-version":[{"id":2158,"href":"https:\/\/www.geo.uaic.ro\/cantemir\/wp-json\/wp\/v2\/pages\/2143\/revisions\/2158"}],"up":[{"embeddable":true,"href":"https:\/\/www.geo.uaic.ro\/cantemir\/wp-json\/wp\/v2\/pages\/990"}],"wp:attachment":[{"href":"https:\/\/www.geo.uaic.ro\/cantemir\/wp-json\/wp\/v2\/media?parent=2143"}],"curies":[{"name":"wp","href":"https:\/\/api.w.org\/{rel}","templated":true}]}}