{"id":1747,"date":"2022-03-17T08:11:47","date_gmt":"2022-03-17T08:11:47","guid":{"rendered":"https:\/\/www.geo.uaic.ro\/cantemir\/?page_id=1747"},"modified":"2022-03-17T08:12:18","modified_gmt":"2022-03-17T08:12:18","slug":"2021-fr","status":"publish","type":"page","link":"https:\/\/www.geo.uaic.ro\/cantemir\/fr\/2021-fr\/","title":{"rendered":"2021"},"content":{"rendered":"\n<p><strong>La 41\u00e8me \u00e9dition du Colloque G\u00e9ographique International \u201eDimitrie Cantemir\u201d<\/strong><\/p>\n\n\n\n<p>Lieu du colloque : Universit\u00e9 \u00ab Alexandru Ioan Cuza \u00bb de Iasi, Roumanie<\/p>\n\n\n\n<p>T\u00e9l\u00e9chargez le programme d\u00e9taill\u00e9: <a href=\"https:\/\/www.geo.uaic.ro\/cantemir\/wp-content\/uploads\/2021\/09\/Program-SGRCantemir-2021-final-FR.pdf\" target=\"_blank\" rel=\"noreferrer noopener\">PDF<\/a><\/p>\n","protected":false},"excerpt":{"rendered":"<p>La 41\u00e8me \u00e9dition du Colloque G\u00e9ographique International \u201eDimitrie Cantemir\u201d Lieu du colloque : Universit\u00e9 \u00ab Alexandru Ioan Cuza \u00bb de Iasi, Roumanie T\u00e9l\u00e9chargez le programme d\u00e9taill\u00e9: PDF<\/p>\n<p class=\"continue-reading-button\"> <a class=\"continue-reading-link\" href=\"https:\/\/www.geo.uaic.ro\/cantemir\/fr\/2021-fr\/\">Continue reading<i class=\"crycon-right-dir\"><\/i><\/a><\/p>\n","protected":false},"author":1,"featured_media":0,"parent":0,"menu_order":0,"comment_status":"closed","ping_status":"closed","template":"","meta":{"footnotes":""},"class_list":["post-1747","page","type-page","status-publish","hentry"],"_links":{"self":[{"href":"https:\/\/www.geo.uaic.ro\/cantemir\/wp-json\/wp\/v2\/pages\/1747","targetHints":{"allow":["GET"]}}],"collection":[{"href":"https:\/\/www.geo.uaic.ro\/cantemir\/wp-json\/wp\/v2\/pages"}],"about":[{"href":"https:\/\/www.geo.uaic.ro\/cantemir\/wp-json\/wp\/v2\/types\/page"}],"author":[{"embeddable":true,"href":"https:\/\/www.geo.uaic.ro\/cantemir\/wp-json\/wp\/v2\/users\/1"}],"replies":[{"embeddable":true,"href":"https:\/\/www.geo.uaic.ro\/cantemir\/wp-json\/wp\/v2\/comments?post=1747"}],"version-history":[{"count":2,"href":"https:\/\/www.geo.uaic.ro\/cantemir\/wp-json\/wp\/v2\/pages\/1747\/revisions"}],"predecessor-version":[{"id":1749,"href":"https:\/\/www.geo.uaic.ro\/cantemir\/wp-json\/wp\/v2\/pages\/1747\/revisions\/1749"}],"wp:attachment":[{"href":"https:\/\/www.geo.uaic.ro\/cantemir\/wp-json\/wp\/v2\/media?parent=1747"}],"curies":[{"name":"wp","href":"https:\/\/api.w.org\/{rel}","templated":true}]}}