{"id":1428,"date":"2020-09-25T11:09:45","date_gmt":"2020-09-25T11:09:45","guid":{"rendered":"http:\/\/www.geo.uaic.ro\/cantemir\/?page_id=1428"},"modified":"2020-10-06T18:09:07","modified_gmt":"2020-10-06T18:09:07","slug":"session-speciale-01-developpement-local-durable-innovation-sociale-et-resilience-territoriale","status":"publish","type":"page","link":"https:\/\/www.geo.uaic.ro\/cantemir\/fr\/session-speciale-01-developpement-local-durable-innovation-sociale-et-resilience-territoriale\/","title":{"rendered":"Session sp\u00e9ciale 02: Developpement local durable, innovation sociale et resilience territoriale"},"content":{"rendered":"\n<p>Coordonn\u00e9e par Jean-Paul Carri\u00e8re, Abdelillah Hamdouch et Corneliu Ia\u0163u<\/p>\n\n\n\n<p><strong>Appel \u00e0 communications<\/strong><\/p>\n\n\n\n<p>La probl\u00e9matique du D\u00e9veloppement Local Durable (DLD) fait d\u00e9sormais partie des th\u00e9matiques r\u00e9currentes du colloque \u00ab&nbsp;Dimitrie Cantemir&nbsp;\u00bb, organis\u00e9 annuellement par le D\u00e9partement de G\u00e9ographie de l\u2019Universit\u00e9 Alexandru Ioan Cuza de Ia\u015fi. Cette probl\u00e9matique s\u2019est progressivement enrichie de travaux portant sur la r\u00e9silience territoriale (et les facteurs qui la favorisent) comme de ceux insistant sur le r\u00f4le de l\u2019innovation sociale comme vecteur d\u2019un d\u00e9veloppement territorial plus coh\u00e9sif. Dans le cadre de son \u00e9dition 2020, il est propos\u00e9 d\u2019organiser une session sp\u00e9ciale sur le th\u00e8me \u00ab&nbsp;<strong><em>D\u00e9veloppement durable, Innovation sociale et r\u00e9silience territoriale<\/em><\/strong>&nbsp;\u00bb.<\/p>\n\n\n\n<p>Comme on l\u2019a d\u00e9j\u00e0 exprim\u00e9 \u00e0 plusieurs reprises<a href=\"#_ftn1\">[1]<\/a>, le DLD est devenu aujourd\u2019hui un r\u00e9f\u00e9rentiel incontournable de l\u2019action publique, mais aussi priv\u00e9e, malgr\u00e9 l\u2019impr\u00e9cision conceptuelle qui entache encore souvent l\u2019usage de ce terme et les d\u00e9fis tant th\u00e9oriques que pratiques que pose la mise en application de ses principes.<\/p>\n\n\n\n<p>La \u00ab&nbsp;mise en territoire&nbsp;\u00bb du d\u00e9veloppement durable implique de repenser les p\u00e9rim\u00e8tres de l\u2019action publique et requiert de nouveaux modes de gouvernance, et \u00e0 ce titre implique des d\u00e9marches r\u00e9solument innovantes. Dans cette perspective, l\u2019ouverture de la probl\u00e9matique du DLD sur la question des rapports entre innovation et d\u00e9veloppement local dans une perspective de durabilit\u00e9 appara\u00eet importante.&nbsp;Analyser en quoi et comment l\u2019innovation peut contribuer \u00e0 rendre effectives des perspectives de transition vers de nouvelles trajectoires de d\u00e9veloppement au sein des territoires locaux et r\u00e9gionaux n\u00e9cessite d\u2019aborder la question de l\u2019innovation de la fa\u00e7on la plus large possible, d\u2019o\u00f9 un n\u00e9cessaire \u00e9largissement de la vision schumpeterienne traditionnelle en envisageant l\u2019innovation de fa\u00e7on multidimensionnelle, aussi bien sur les &nbsp;plans technologique, organisationnel, institutionnel et social. La typologie des innovations \u00e0 consid\u00e9rer dans le cadre de l\u2019atelier est donc tr\u00e8s large et non ferm\u00e9e, pouvant inclure aussi bien des innovations relatives aux activit\u00e9s locales, que celles concernant l\u2019organisation territoriale ou la gouvernance locale. L\u2019innovation sociale comme levier de d\u00e9veloppement local durable<a href=\"#_ftn2\">[2]<\/a>, ou encore la cr\u00e9ativit\u00e9 en mati\u00e8re de planification territoriale<a href=\"#_ftn3\">[3]<\/a>, constituent des entr\u00e9es analytiques stimulantes pour comprendre comment l\u2019innovation peut alimenter des processus de d\u00e9veloppement territorial r\u00e9silient dans un contexte d\u2019incertitude et de concurrence interterritoriale aiguis\u00e9e<a href=\"#_ftn4\">[4]<\/a>. De m\u00eame, en d\u00e9pit de certains raccourcis conceptuels et analytiques, les approches en termes de ville ou classe \u00ab&nbsp;cr\u00e9ative&nbsp;\u00bb<a href=\"#_ftn5\">[5]<\/a>, ou encore en termes de \u00ab&nbsp;ville intelligente&nbsp;\u00bb<a href=\"#_ftn6\">[6]<\/a>, &nbsp;peuvent alimenter de mani\u00e8re tr\u00e8s utile la r\u00e9flexion sur la mani\u00e8re dont l\u2019innovation (sous toutes ses formes) rend les territoires durables, coh\u00e9sifs, r\u00e9silients, notamment dans les aires fortement urbanis\u00e9es <a href=\"#_ftn7\">[7]<\/a>, mais \u00e9galement dans les espaces p\u00e9riurbains et ruraux<a href=\"#_ftn8\">[8]<\/a>.<\/p>\n\n\n\n<p>Il est donc attendu de cette session th\u00e9matique qu\u2019elle puisse rendre compte de la diversit\u00e9 des innovations dont les territoires locaux sont le r\u00e9ceptacle et qui participent d\u2019une d\u00e9marche de durabilit\u00e9 et de r\u00e9silience. Peuvent ainsi entrer ainsi dans le champ de l\u2019atelier aussi bien des r\u00e9flexions de caract\u00e8re th\u00e9orique concernant la place de l\u2019innovation (en particulier sociale et institutionnelle) dans la conception m\u00eame du DLD, que la pr\u00e9sentation d\u2019exp\u00e9rimentations et\/ou d\u2019actions innovatrices s\u2019inscrivant dans une d\u00e9marche de durabilit\u00e9 mise en \u0153uvre au plan local. A cet \u00e9gard, peut \u00eatre pris en compte tout terrain d\u2019observation, de l\u2019\u00e9chelle m\u00e9so- \u00e0 l\u2019\u00e9chelle micro-territoriale, de la r\u00e9gion m\u00e9tropolitaine au territoire micro-local, dans les pays d\u00e9velopp\u00e9s comme ceux en d\u00e9veloppement ou en transition.<\/p>\n\n\n\n<p>En vue de pr\u00e9voir l\u2019organisation scientifique et le d\u00e9roulement de cet atelier, il est demand\u00e9 \u00e0 toutes les personnes int\u00e9ress\u00e9es de transmettre <strong>avant le 1<sup>er<\/sup> octobre 2020<\/strong> \u00e0 Jean-Paul Carri\u00e8re (jean-paul.<a href=\"mailto:carriere@univ-tours.fr\">carriere@univ-tours.fr<\/a>) et Abdelillah Hamdouch (<a href=\"mailto:abdelillah.hamdouch@univ-tours.fr\">abdelillah.hamdouch@univ-tours.fr<\/a>) une proposition d\u2019une \u00e0 deux pages, indiquant le th\u00e8me de leur contribution, leurs coordonn\u00e9es institutionnelles, un bref r\u00e9sum\u00e9 pr\u00e9cisant l\u2019objectif, la d\u00e9marche m\u00e9thodologique et les r\u00e9sultats attendus, ainsi qu\u2019une liste de 5 mots-cl\u00e9s et 4 \u00e0 6 r\u00e9f\u00e9rences bibliographiques principales.<\/p>\n\n\n\n<p>En fonction de la qualit\u00e9 des propositions qui seront re\u00e7ues, les coordinateurs de cette session th\u00e9matique pourront envisager une publication scientifique rassemblant les contributions les plus significatives et abouties.<\/p>\n\n\n\n<hr class=\"wp-block-separator\"\/>\n\n\n\n<p><a href=\"#_ftnref1\">[1]<\/a> Cf. Carri\u00e8re J.-P., Demazi\u00e8re C., Petrea R., Filimon L. (Eds.) (2013), <em>La mise en \u0153uvre du d\u00e9veloppement territorial durable&nbsp;: d\u00e9clinaisons franco-roumaines<\/em>, L\u2019Harmattan, Paris.<strong>&nbsp;;<\/strong> Carri\u00e8re J.-P., Hamdouch A.et Ia\u021bu C. (Eds.), <em>D\u00e9veloppement durable des territoires<\/em>, Coll. G\u00e9ographie, Economica &#8211; Anthropos, Paris, 2016, 234 p.<\/p>\n\n\n\n<p><a href=\"#_ftnref2\">[2]<\/a> Cf. Moulaert F., MacCallum D., Mehmood A. et Hamdouch A.(Eds.) <em>The International Handbook on Social Innovation \u2013 Collective Action, Social Learning and Transdisciplinary Research<\/em>, Edward Elgar Publishing, Cheltenham, 2013, 544 p.<\/p>\n\n\n\n<p><a href=\"#_ftnref3\">[3]<\/a> Cf. Hamdouch A., Nyseth T., Demazi\u00e8re C., F\u00f8rde A., Serrano J. et Aars\u00e6ther N. (Eds.), <em>Creative approaches to planning and local development. Insights from small and medium-sized towns in Europe<\/em>, Routledge, London and New York, 2017, 279 p.<\/p>\n\n\n\n<p><a href=\"#_ftnref4\">[4]<\/a> Cf. Hamdouch A., Depret M.-H. et Tanguy C. (Eds.), <em>Mondialisation et r\u00e9silience des territoires. Trajectoires, dynamiques d\u2019acteurs et exp\u00e9riences<\/em>, Presses de l\u2019Universit\u00e9 du Qu\u00e9bec, Qu\u00e9bec, 2012, 292 p.<\/p>\n\n\n\n<p><a href=\"#_ftnref5\">[5]<\/a> Cf. Florida R., <em>The Rise of the Creative Class<\/em>, Basic Books, New York, 2002&nbsp;; Landry C., <em>The Creative City. <\/em><em>A Toolkit for Urban Innovators<\/em>, Earthscan Publications, Londres, 2000&nbsp;; Liefooghe C. (Ed.), <em>L\u2019\u00e9conomie cr\u00e9ative et ses territoires \u2013 Enjeux et d\u00e9bats<\/em>, Coll. \u00ab&nbsp;Espaces et Territoires&nbsp;\u00bb, Presses Universitaires de Rennes, Rennes, 2015, 244 p.<\/p>\n\n\n\n<p><a href=\"#_ftnref6\">[6]<\/a> Cf. Kourtit K., Nijkamp P. (Eds) (2012), \u00ab&nbsp;Smart Cities in the Innovation Age&nbsp;\u00bb, Num\u00e9ro sp\u00e9cial de <em>Innovation: The European Journal of Social Science Research<\/em>, Vol. 25, N\u00b0 2.<\/p>\n\n\n\n<p><a href=\"#_ftnref7\">[7]<\/a> Cf. Fache J., Hamdouch A. (2014), \u00ab&nbsp;Quand l\u2019innovation forge les territoires, et vice-versa\u2026&nbsp;\u00bb, <em>Bulletin de la Soci\u00e9t\u00e9 G\u00e9ographique de Li\u00e8ge<\/em>, N\u00b0 62, pp. 37-45. Pour un panorama de la diversit\u00e9 des formes d\u2019innovation contribuant \u00e0 un d\u00e9veloppement urbain durable dans des contextes territoriaux varies, cf. Forest J. et Hamdouch A. (Eds.), <em>Quand l\u2019innovation fait la ville durable<\/em>, Presses Polytechniques et Universitaires Romandes, Lausanne, 2015, 232 p.<\/p>\n\n\n\n<p><a href=\"#_ftnref8\">[8]<\/a> Sur ce point, cf. Gu\u00e9ringer A., Hamdouch A. et Wallet F. (Eds.), \u00ab&nbsp;Foncier et d\u00e9veloppement des territoires ruraux et p\u00e9riurbains en France&nbsp;\u00bb, Num\u00e9ro sp\u00e9cial de la <em>Revue d\u2019Economie R\u00e9gionale &amp; Urbaine<\/em>, N\u00b0 4, 2016.<\/p>\n","protected":false},"excerpt":{"rendered":"<p>Coordonn\u00e9e par Jean-Paul Carri\u00e8re, Abdelillah Hamdouch et Corneliu Ia\u0163u Appel \u00e0 communications La probl\u00e9matique du D\u00e9veloppement Local Durable (DLD) fait d\u00e9sormais partie des th\u00e9matiques r\u00e9currentes du colloque \u00ab&nbsp;Dimitrie Cantemir&nbsp;\u00bb, organis\u00e9 annuellement par le D\u00e9partement de G\u00e9ographie de l\u2019Universit\u00e9 Alexandru Ioan Cuza de Ia\u015fi. Cette probl\u00e9matique s\u2019est progressivement enrichie de travaux&#8230;<\/p>\n<p class=\"continue-reading-button\"> <a class=\"continue-reading-link\" href=\"https:\/\/www.geo.uaic.ro\/cantemir\/fr\/session-speciale-01-developpement-local-durable-innovation-sociale-et-resilience-territoriale\/\">Continue reading<i class=\"crycon-right-dir\"><\/i><\/a><\/p>\n","protected":false},"author":1,"featured_media":0,"parent":0,"menu_order":0,"comment_status":"closed","ping_status":"closed","template":"","meta":{"footnotes":""},"class_list":["post-1428","page","type-page","status-publish","hentry"],"_links":{"self":[{"href":"https:\/\/www.geo.uaic.ro\/cantemir\/wp-json\/wp\/v2\/pages\/1428","targetHints":{"allow":["GET"]}}],"collection":[{"href":"https:\/\/www.geo.uaic.ro\/cantemir\/wp-json\/wp\/v2\/pages"}],"about":[{"href":"https:\/\/www.geo.uaic.ro\/cantemir\/wp-json\/wp\/v2\/types\/page"}],"author":[{"embeddable":true,"href":"https:\/\/www.geo.uaic.ro\/cantemir\/wp-json\/wp\/v2\/users\/1"}],"replies":[{"embeddable":true,"href":"https:\/\/www.geo.uaic.ro\/cantemir\/wp-json\/wp\/v2\/comments?post=1428"}],"version-history":[{"count":3,"href":"https:\/\/www.geo.uaic.ro\/cantemir\/wp-json\/wp\/v2\/pages\/1428\/revisions"}],"predecessor-version":[{"id":1447,"href":"https:\/\/www.geo.uaic.ro\/cantemir\/wp-json\/wp\/v2\/pages\/1428\/revisions\/1447"}],"wp:attachment":[{"href":"https:\/\/www.geo.uaic.ro\/cantemir\/wp-json\/wp\/v2\/media?parent=1428"}],"curies":[{"name":"wp","href":"https:\/\/api.w.org\/{rel}","templated":true}]}}