{"id":1017,"date":"2020-02-19T16:59:29","date_gmt":"2020-02-19T16:59:29","guid":{"rendered":"http:\/\/www.geo.uaic.ro\/cantemir\/?page_id=1017"},"modified":"2020-02-21T23:21:23","modified_gmt":"2020-02-21T23:21:23","slug":"2017-3","status":"publish","type":"page","link":"https:\/\/www.geo.uaic.ro\/cantemir\/fr\/2017-3\/","title":{"rendered":"2017"},"content":{"rendered":"\n<p><strong>La 37\u00e8me \u00e9dition du  Colloque G\u00e9ographique International \u201eDimitrie Cantemir\u201d<\/strong> <\/p>\n\n\n\n<p>Lieu du colloque : Universit\u00e9 \u00ab Alexandru Ioan Cuza \u00bb de Iasi, Roumanie<\/p>\n\n\n\n<p>Date:  13-15  octobre 2017<\/p>\n\n\n\n<p>T\u00e9l\u00e9chargez le programme d\u00e9taill\u00e9: <a href=\"https:\/\/www.geo.uaic.ro\/cantemir\/wp-content\/uploads\/2020\/02\/Program-Cantemir-2017-2.pdf\" target=\"_blank\" rel=\"noreferrer noopener\" aria-label=\"PDF (opens in a new tab)\">PDF<\/a><\/p>\n","protected":false},"excerpt":{"rendered":"<p>La 37\u00e8me \u00e9dition du Colloque G\u00e9ographique International \u201eDimitrie Cantemir\u201d Lieu du colloque : Universit\u00e9 \u00ab Alexandru Ioan Cuza \u00bb de Iasi, Roumanie Date: 13-15 octobre 2017 T\u00e9l\u00e9chargez le programme d\u00e9taill\u00e9: PDF<\/p>\n<p class=\"continue-reading-button\"> <a class=\"continue-reading-link\" href=\"https:\/\/www.geo.uaic.ro\/cantemir\/fr\/2017-3\/\">Continue reading<i class=\"crycon-right-dir\"><\/i><\/a><\/p>\n","protected":false},"author":1,"featured_media":0,"parent":0,"menu_order":0,"comment_status":"closed","ping_status":"closed","template":"","meta":{"footnotes":""},"class_list":["post-1017","page","type-page","status-publish","hentry"],"_links":{"self":[{"href":"https:\/\/www.geo.uaic.ro\/cantemir\/wp-json\/wp\/v2\/pages\/1017","targetHints":{"allow":["GET"]}}],"collection":[{"href":"https:\/\/www.geo.uaic.ro\/cantemir\/wp-json\/wp\/v2\/pages"}],"about":[{"href":"https:\/\/www.geo.uaic.ro\/cantemir\/wp-json\/wp\/v2\/types\/page"}],"author":[{"embeddable":true,"href":"https:\/\/www.geo.uaic.ro\/cantemir\/wp-json\/wp\/v2\/users\/1"}],"replies":[{"embeddable":true,"href":"https:\/\/www.geo.uaic.ro\/cantemir\/wp-json\/wp\/v2\/comments?post=1017"}],"version-history":[{"count":4,"href":"https:\/\/www.geo.uaic.ro\/cantemir\/wp-json\/wp\/v2\/pages\/1017\/revisions"}],"predecessor-version":[{"id":1201,"href":"https:\/\/www.geo.uaic.ro\/cantemir\/wp-json\/wp\/v2\/pages\/1017\/revisions\/1201"}],"wp:attachment":[{"href":"https:\/\/www.geo.uaic.ro\/cantemir\/wp-json\/wp\/v2\/media?parent=1017"}],"curies":[{"name":"wp","href":"https:\/\/api.w.org\/{rel}","templated":true}]}}