{"id":39,"date":"2020-02-24T17:59:35","date_gmt":"2020-02-24T17:59:35","guid":{"rendered":"http:\/\/www.geo.uaic.ro\/afgp2020\/?page_id=39"},"modified":"2022-07-08T12:28:09","modified_gmt":"2022-07-08T12:28:09","slug":"comites","status":"publish","type":"page","link":"https:\/\/www.geo.uaic.ro\/afgp2022\/comites\/","title":{"rendered":"Comit\u00e9s"},"content":{"rendered":"<p><strong>Comit\u00e9 d\u2019organisation<\/strong><br \/>\nJean-Louis BALLAIS, Universit\u00e9 d\u2019Aix-Marseille, France<br \/>\nAdrian GROZAVU, Universit\u00e9 de Iasi<br \/>\nCorneliu IATU, Universit\u00e9 de Iasi<br \/>\nThierry LACOUR, France<br \/>\nIonut MINEA, Universit\u00e9 de Iasi<br \/>\nLilian NIACSU, Universit\u00e9 de Iasi<br \/>\nMihai NICULITA, Universit\u00e9 de Iasi<br \/>\nMyriem NOURI, Universit\u00e9 de Li\u00e8ge, Belgique<br \/>\nAndr\u00e9 OZER, Universit\u00e9 de Li\u00e8ge, Belgique<br \/>\nAurelian Nicolae ROMAN, Universit\u00e9 de Iasi<br \/>\nEugen RUSU, Universit\u00e9 de Iasi<br \/>\nMarc SALMON, Service public de Wallonie, Belgique<br \/>\nLucian SFICA, Universit\u00e9 de Iasi<br \/>\nCristian STOLERIU, Universit\u00e9 de Iasi<br \/>\nAdrian URSU, Universit\u00e9 de Iasi<br \/>\nCosmina ALBULESCU, Universit\u00e9 de Iasi<br \/>\nAlexandra SANDU, Universit\u00e9 de Iasi<\/p>\n<p><strong>Comit\u00e9 scientifique<\/strong><br \/>\nPierre-Alain AYRAL, Ecole des Mines d\u2019Al\u00e8s, France<br \/>\nJean-Louis BALLAIS, Universit\u00e9 d\u2019Aix-Marseille, France<br \/>\nDan BALTEANU, Acad\u00e9mie Roumaine, Bucarest, Roumanie<br \/>\nSandu BOENGIU, Universit\u00e9 de Craiova, Roumanie<br \/>\nDonatella CARBONI, Universit\u00e9 de Sassari, Italie<br \/>\nLaurence CHARBEL, Universit\u00e9 Libanaise, Beyrouth, Liban<br \/>\nSoumia Chergui BENARIEB, Universit\u00e9 de Blida, Alg\u00e9rie<br \/>\nLucio CUNHA, Universit\u00e9 de Coimbra, Portugal<br \/>\nAlain DEMOULIN, Universit\u00e9 de Li\u00e8ge, Belgique<br \/>\nJamal Eddine El ABDELLAOUI, Universit\u00e9 de Tanger, Maroc<br \/>\nFr\u00e9d\u00e9ric HOFFMANN, Universit\u00e9 Bordeaux 3, Bordeaux, France<br \/>\nFlorina GRECU, Universit\u00e9 de Bucarest, Roumanie<br \/>\nAdrian GROZAVU, Universit\u00e9 de Iasi, Roumanie<br \/>\nCorneliu IATU, Universit\u00e9 de Iasi, Roumanie<br \/>\nSalifou KARIMOUNE, \u00c9cole Normale Sup\u00e9rieure, Niamey, Niger<br \/>\nMohamed Sa\u00efd KARROUK, Universit\u00e9 Hassan II, Casablanca, Maroc<br \/>\nYao Blaise KOFFI, Universit\u00e9 F\u00e9lix Houphou\u00ebt-Boigny, Abidjan, C\u00f4te d\u2019Ivoire<br \/>\nKonan Ernest KONAN, Universit\u00e9 F\u00e9lix Houphou\u00ebt-Boigny, Abidjan, C\u00f4te d\u2019Ivoire<br \/>\nFils Makanzu IMWANGANA, Universit\u00e9 de Kinshasa, R\u00e9publique D\u00e9mocratique du Congo<br \/>\nAlexandru NEDELEA, Universit\u00e9 de Bucarest, Roumanie<br \/>\nLilian NIACSU, Universit\u00e9 de Iasi, Roumanie<br \/>\nMihai NICULITA, Universit\u00e9 de Iasi, Roumanie<br \/>\nAndr\u00e9 OZER, Universit\u00e9 de Li\u00e8ge, Belgique<br \/>\nPierre OZER, Universit\u00e9 de Li\u00e8ge, Belgique<br \/>\nAnabela RAMOS, Universit\u00e9 de Coimbra, Portugal<br \/>\nAurelian Nicolae ROMAN, Universit\u00e9 de Iasi, Roumanie<br \/>\nEugen RUSU, Universit\u00e9 de Iasi, Roumanie<br \/>\nSophie SAUVAGNARGUES, Ecole des Mines d\u2019Al\u00e8s, France<br \/>\nJacques SCHROEDER, Universit\u00e9 du Qu\u00e9bec \u00e0 Montr\u00e9al, Canada<br \/>\nGheorghe SERBAN, Universit\u00e9 Babes-Bolyai, Cluj-Napoca, Roumanie<br \/>\nLucian SFICA, Universit\u00e9 de Iasi, Roumanie<br \/>\nAndr\u00e9 SIMONIN, France<br \/>\nVitalie SOCHIRCA, USM, Chisinau, R\u00e9publique de Moldavie<br \/>\nCristian STOLERIU, Universit\u00e9 de Iasi, Roumanie<br \/>\nAdrian URSU, Universit\u00e9 de Iasi, Roumanie<br \/>\nMina AMHARREF, Universit\u00e9 Abdelmalek Essa\u00e0di de Tanger, Maroc<br \/>\nAbdes-Samed BERNOUSSI, Universit\u00e9 Abdelmalek Essa\u00e0di de Tanger, Maroc<br \/>\nMircea VOICULESCU, Universit\u00e9 de Timisoara, Roumanie<\/p>\n","protected":false},"excerpt":{"rendered":"<p>Comit\u00e9 d\u2019organisation Jean-Louis BALLAIS, Universit\u00e9 d\u2019Aix-Marseille, France Adrian GROZAVU, Universit\u00e9 de Iasi Corneliu IATU, Universit\u00e9 de Iasi Thierry LACOUR, France Ionut MINEA, Universit\u00e9 de Iasi Lilian NIACSU, Universit\u00e9 de Iasi Mihai NICULITA, Universit\u00e9 de Iasi Myriem NOURI, Universit\u00e9 de Li\u00e8ge, Belgique Andr\u00e9 OZER, Universit\u00e9 de Li\u00e8ge, Belgique Aurelian Nicolae ROMAN,&#8230;<\/p>\n<p class=\"continue-reading-button\"> <a class=\"continue-reading-link\" href=\"https:\/\/www.geo.uaic.ro\/afgp2022\/comites\/\">Continue reading<i class=\"crycon-right-dir\"><\/i><\/a><\/p>\n","protected":false},"author":1,"featured_media":0,"parent":0,"menu_order":0,"comment_status":"closed","ping_status":"closed","template":"","meta":{"footnotes":""},"class_list":["post-39","page","type-page","status-publish","hentry"],"_links":{"self":[{"href":"https:\/\/www.geo.uaic.ro\/afgp2022\/wp-json\/wp\/v2\/pages\/39","targetHints":{"allow":["GET"]}}],"collection":[{"href":"https:\/\/www.geo.uaic.ro\/afgp2022\/wp-json\/wp\/v2\/pages"}],"about":[{"href":"https:\/\/www.geo.uaic.ro\/afgp2022\/wp-json\/wp\/v2\/types\/page"}],"author":[{"embeddable":true,"href":"https:\/\/www.geo.uaic.ro\/afgp2022\/wp-json\/wp\/v2\/users\/1"}],"replies":[{"embeddable":true,"href":"https:\/\/www.geo.uaic.ro\/afgp2022\/wp-json\/wp\/v2\/comments?post=39"}],"version-history":[{"count":8,"href":"https:\/\/www.geo.uaic.ro\/afgp2022\/wp-json\/wp\/v2\/pages\/39\/revisions"}],"predecessor-version":[{"id":182,"href":"https:\/\/www.geo.uaic.ro\/afgp2022\/wp-json\/wp\/v2\/pages\/39\/revisions\/182"}],"wp:attachment":[{"href":"https:\/\/www.geo.uaic.ro\/afgp2022\/wp-json\/wp\/v2\/media?parent=39"}],"curies":[{"name":"wp","href":"https:\/\/api.w.org\/{rel}","templated":true}]}}