{"id":38,"date":"2020-02-24T17:59:34","date_gmt":"2020-02-24T17:59:34","guid":{"rendered":"http:\/\/www.geo.uaic.ro\/afgp2020\/?page_id=38"},"modified":"2022-07-08T12:29:47","modified_gmt":"2022-07-08T12:29:47","slug":"info-pratiques","status":"publish","type":"page","link":"https:\/\/www.geo.uaic.ro\/afgp2022\/info-pratiques\/","title":{"rendered":"Info pratiques"},"content":{"rendered":"<h1 class=\"entry-title\">Lieu du colloque<\/h1>\n<p>Universit\u00e9 \u00ab Alexandru Ioan Cuza \u00bb de Iasi<\/p>\n<p>D\u00e9partement de G\u00e9ographie<\/p>\n<p>Bd. Carol I nr . 20A , 700 505 IA\u0218I (Roumanie)<br>B\u00e2timent B, Niveau 3<\/p>\n<p>Voir la location exacte : Google maps<\/p>\n\n\n<h1 class=\"entry-title wp-block-heading\">Comment arriver \u00e0 Iasi<\/h1>\n\n\n\n<p><strong>Par avion:<\/strong><br>TAROM: (<a rel=\"noreferrer noopener\" href=\"http:\/\/www.tarom.ro\/\" target=\"_blank\">www.tarom.ro<\/a>) Londres, Madrid, Tel Aviv, Bucarest, Bologna, Rome<br>AIRFRANCE: (<a rel=\"noreferrer noopener\" href=\"http:\/\/www.airfrance.fr\/\" target=\"_blank\">www.airfrance.fr<\/a>) Paris <em>via<\/em> Bucarest<br>BLUE AIR \u2013 (<a rel=\"noreferrer noopener\" href=\"http:\/\/www.blueairweb.com\/\" target=\"_blank\">www.blueairweb.com<\/a>)\n Londres, Paris (Beauvais), Bruxelles, Koln, Berlin, Glasgow, Barcelone,\n Milano, Torino, Venise, Cluj Napoca, Timisoara, Oradea, Constanta<br>AUSTRIAN \u2013 (<a rel=\"noreferrer noopener\" href=\"http:\/\/www.austrian.com\/\" target=\"_blank\">www.austrian.com<\/a>) <em>via<\/em> Vienne<br>WIZZAIR \u2013 (<a rel=\"noreferrer noopener\" href=\"http:\/\/www.wizzair.com\/\" target=\"_blank\">www.wizzair.com<\/a>) Catania, Larnaca, Tel Aviv, Venetia Marco Polo, Rome, Londres (Luton)<\/p>\n\n\n\n<figure class=\"wp-block-image size-large\"><img loading=\"lazy\" decoding=\"async\" width=\"1024\" height=\"1011\" src=\"https:\/\/www.geo.uaic.ro\/afgp2020\/wp-content\/uploads\/2020\/02\/avion-02-02-1024x1011-1.jpg\" alt=\"\" class=\"wp-image-106\" srcset=\"https:\/\/www.geo.uaic.ro\/afgp2022\/wp-content\/uploads\/2020\/02\/avion-02-02-1024x1011-1.jpg 1024w, https:\/\/www.geo.uaic.ro\/afgp2022\/wp-content\/uploads\/2020\/02\/avion-02-02-1024x1011-1-300x296.jpg 300w, https:\/\/www.geo.uaic.ro\/afgp2022\/wp-content\/uploads\/2020\/02\/avion-02-02-1024x1011-1-768x758.jpg 768w, https:\/\/www.geo.uaic.ro\/afgp2022\/wp-content\/uploads\/2020\/02\/avion-02-02-1024x1011-1-150x148.jpg 150w\" sizes=\"auto, (max-width: 1024px) 100vw, 1024px\" \/><\/figure>\n\n\n\n<p><strong>En train:<\/strong><\/p>\n\n\n\n<p><a href=\"https:\/\/www.cfrcalatori.ro\/en\/\" target=\"_blank\" rel=\"noreferrer noopener\" aria-label=\"https:\/\/www.cfrcalatori.ro\/en\/ (opens in a new tab)\">https:\/\/www.cfrcalatori.ro\/en\/<\/a><\/p>\n\n\n\n<h1 class=\"entry-title wp-block-heading\">Se loger \u00e0 Iasi<\/h1>\n\n\n\n<p>H\u00f4tels recommand\u00e9s dans\nla ville de Ia\u0219i:<\/p>\n\n\n\n<p><a href=\"http:\/\/www.hotel-majestic.ro\/\" target=\"_blank\" rel=\"noreferrer noopener\">Hotel Majestic<\/a> **** \u2013 Str. Petru Rare\u015f, 7, Ia\u015fi, 700126, Tel: +40232-255557<\/p>\n\n\n\n<p><a href=\"https:\/\/www.grandhoteltraian.ro\/en\/home\/\" target=\"_blank\" rel=\"noreferrer noopener\">Hotel Traian<\/a> **** \u2013 Str. Unirii Place, 1, tel. +400232-266666<\/p>\n\n\n\n<p><a href=\"http:\/\/www.hotelmoldovaiasi.ro\/\" target=\"_blank\" rel=\"noreferrer noopener\">Hotel Moldova<\/a> *** \u2013 Str. Anastasie Panu, 29, tel. +400232-260240<\/p>\n\n\n\n<p><a href=\"https:\/\/www.hotelastoria.ro\/contact.html\" target=\"_blank\" rel=\"noreferrer noopener\">Hotel Astoria <\/a>*** \u2013 Str. Alexadru L\u0103pu\u015fneanu, 1, tel. +400232-233888<\/p>\n\n\n\n<p><a href=\"https:\/\/www.hotelunirea.ro\/\" target=\"_blank\" rel=\"noreferrer noopener\">Hotel Unirea<\/a> *** \u2013 Str. Pia\u021ba Unirii, 5, tel. +400232-205000<\/p>\n\n\n\n<p><a href=\"http:\/\/www.ramadaiasi.ro\/\" target=\"_blank\" rel=\"noreferrer noopener\">Hotel Ramada<\/a> ** \u2013 Str. Gregory Ureche, 27, tel. +400232-215037<\/p>\n\n\n\n<p><a href=\"https:\/\/www.selectgrup.ro\/\" target=\"_blank\" rel=\"noreferrer noopener\">Hotel Select<\/a> **** \u2013 Str. Pia\u021ba 14 D\u00e9cembre 1989, 2, tel. +400232-415415<\/p>\n\n\n<h1 class=\"entry-title\">D\u00e9couvrez Iasi<\/h1>\n<p>Pour un guide de meilleurs lieux et exp\u00e9riences dans la ville de Iasi, veuillez consulter le site <a href=\"https:\/\/iasi.travel\/fr\/\">Iasi.travel<\/a>, cr\u00e9\u00e9e par un collectif des enseignants-chercheurs et \u00e9tudiants du D\u00e9partement de G\u00e9ographie de l\u2019Universit\u00e9 \u00ab Alexandru Ioan Cuza \u00bb de Iasi.<\/p>","protected":false},"excerpt":{"rendered":"<p>Lieu du colloque Universit\u00e9 \u00ab Alexandru Ioan Cuza \u00bb de Iasi D\u00e9partement de G\u00e9ographie Bd. Carol I nr . 20A , 700 505 IA\u0218I (Roumanie)B\u00e2timent B, Niveau 3 Voir la location exacte : Google maps Comment arriver \u00e0 Iasi Par avion:TAROM: (www.tarom.ro) Londres, Madrid, Tel Aviv, Bucarest, Bologna, RomeAIRFRANCE: (www.airfrance.fr)&#8230;<\/p>\n<p class=\"continue-reading-button\"> <a class=\"continue-reading-link\" href=\"https:\/\/www.geo.uaic.ro\/afgp2022\/info-pratiques\/\">Continue reading<i class=\"crycon-right-dir\"><\/i><\/a><\/p>\n","protected":false},"author":1,"featured_media":0,"parent":0,"menu_order":0,"comment_status":"closed","ping_status":"closed","template":"","meta":{"footnotes":""},"class_list":["post-38","page","type-page","status-publish","hentry"],"_links":{"self":[{"href":"https:\/\/www.geo.uaic.ro\/afgp2022\/wp-json\/wp\/v2\/pages\/38","targetHints":{"allow":["GET"]}}],"collection":[{"href":"https:\/\/www.geo.uaic.ro\/afgp2022\/wp-json\/wp\/v2\/pages"}],"about":[{"href":"https:\/\/www.geo.uaic.ro\/afgp2022\/wp-json\/wp\/v2\/types\/page"}],"author":[{"embeddable":true,"href":"https:\/\/www.geo.uaic.ro\/afgp2022\/wp-json\/wp\/v2\/users\/1"}],"replies":[{"embeddable":true,"href":"https:\/\/www.geo.uaic.ro\/afgp2022\/wp-json\/wp\/v2\/comments?post=38"}],"version-history":[{"count":12,"href":"https:\/\/www.geo.uaic.ro\/afgp2022\/wp-json\/wp\/v2\/pages\/38\/revisions"}],"predecessor-version":[{"id":184,"href":"https:\/\/www.geo.uaic.ro\/afgp2022\/wp-json\/wp\/v2\/pages\/38\/revisions\/184"}],"wp:attachment":[{"href":"https:\/\/www.geo.uaic.ro\/afgp2022\/wp-json\/wp\/v2\/media?parent=38"}],"curies":[{"name":"wp","href":"https:\/\/api.w.org\/{rel}","templated":true}]}}