{"id":37,"date":"2020-02-24T17:59:32","date_gmt":"2020-02-24T17:59:32","guid":{"rendered":"http:\/\/www.geo.uaic.ro\/afgp2020\/?page_id=37"},"modified":"2020-02-25T21:22:36","modified_gmt":"2020-02-25T21:22:36","slug":"publication","status":"publish","type":"page","link":"https:\/\/www.geo.uaic.ro\/afgp2022\/publication\/","title":{"rendered":"Publication"},"content":{"rendered":"<p>Les textes retenus pourront \u00eatre publi\u00e9s, apr\u00e8s double revue anonyme par les pairs, dans un num\u00e9ro sp\u00e9cial de la revue Travaux du S\u00e9minaire g\u00e9ographique \u201cDimitrie Cantemir\u201d: <a href=\"http:\/\/www.seminarcantemir.uaic.ro\/index.php\/lsgdc\/publicationtype\" target=\"_blank\" rel=\"noopener noreferrer\">link<\/a><\/p>\n","protected":false},"excerpt":{"rendered":"<p>Les textes retenus pourront \u00eatre publi\u00e9s, apr\u00e8s double revue anonyme par les pairs, dans un num\u00e9ro sp\u00e9cial de la revue Travaux du S\u00e9minaire g\u00e9ographique \u201cDimitrie Cantemir\u201d: link<\/p>\n<p class=\"continue-reading-button\"> <a class=\"continue-reading-link\" href=\"https:\/\/www.geo.uaic.ro\/afgp2022\/publication\/\">Continue reading<i class=\"crycon-right-dir\"><\/i><\/a><\/p>\n","protected":false},"author":1,"featured_media":0,"parent":0,"menu_order":0,"comment_status":"closed","ping_status":"closed","template":"","meta":{"footnotes":""},"class_list":["post-37","page","type-page","status-publish","hentry"],"_links":{"self":[{"href":"https:\/\/www.geo.uaic.ro\/afgp2022\/wp-json\/wp\/v2\/pages\/37","targetHints":{"allow":["GET"]}}],"collection":[{"href":"https:\/\/www.geo.uaic.ro\/afgp2022\/wp-json\/wp\/v2\/pages"}],"about":[{"href":"https:\/\/www.geo.uaic.ro\/afgp2022\/wp-json\/wp\/v2\/types\/page"}],"author":[{"embeddable":true,"href":"https:\/\/www.geo.uaic.ro\/afgp2022\/wp-json\/wp\/v2\/users\/1"}],"replies":[{"embeddable":true,"href":"https:\/\/www.geo.uaic.ro\/afgp2022\/wp-json\/wp\/v2\/comments?post=37"}],"version-history":[{"count":5,"href":"https:\/\/www.geo.uaic.ro\/afgp2022\/wp-json\/wp\/v2\/pages\/37\/revisions"}],"predecessor-version":[{"id":116,"href":"https:\/\/www.geo.uaic.ro\/afgp2022\/wp-json\/wp\/v2\/pages\/37\/revisions\/116"}],"wp:attachment":[{"href":"https:\/\/www.geo.uaic.ro\/afgp2022\/wp-json\/wp\/v2\/media?parent=37"}],"curies":[{"name":"wp","href":"https:\/\/api.w.org\/{rel}","templated":true}]}}