{"id":36,"date":"2020-02-24T17:59:31","date_gmt":"2020-02-24T17:59:31","guid":{"rendered":"http:\/\/www.geo.uaic.ro\/afgp2020\/?page_id=36"},"modified":"2022-09-12T07:57:27","modified_gmt":"2022-09-12T07:57:27","slug":"inscription","status":"publish","type":"page","link":"https:\/\/www.geo.uaic.ro\/afgp2022\/inscription\/","title":{"rendered":"Inscription"},"content":{"rendered":"<p><strong>Dates importantes<\/strong><br \/>10 septembre 2022 : soumission des r\u00e9sum\u00e9s<br \/>20 septembre 2022 : acceptation des r\u00e9sum\u00e9s s\u00e9lectionn\u00e9s par le Comit\u00e9 scientifique<br \/>30 septembre 2022 : date limite d\u2019inscription \u00e0 un tarif pr\u00e9f\u00e9rentiel<br \/>5 octobre 2022 : date ultime d\u2019inscription<br \/>14-16 octobre 2022 : VII\u00e8me Colloque de l\u2019AFGP \u00e0 Iasi<\/p>\n\n\n<p><strong>Inscription au colloque<\/strong> <\/p>\n\n\n\n<p>L\u2019inscription au colloque se fera <strong>en ligne<\/strong> \u00e0 l\u2019<strong>adresse&nbsp;: <\/strong><a href=\"https:\/\/docs.google.com\/forms\/d\/e\/1FAIpQLSdbb1a4wdaRw2REayGapEXUVRo1ESZZG7ygjptLYeiR7c6OpA\/viewform?usp=sf_link\" target=\"_blank\" rel=\"noreferrer noopener\">link<\/a><\/p>\n\n\n\n<p><strong>Frais\nd\u2019inscription<\/strong><\/p>\n\n\n\n<p>Avant le 30 septembre 2022&nbsp;:<\/p>\n\n\n\n<ul class=\"wp-block-list\"><li>Inscription&nbsp;: 100 \u20ac (tarif plein); 50 \u20ac (\u00e9tudiants \u2013 doctorants);<\/li><li>Excursion&nbsp;: 45 \u20ac<\/li><li>D\u00eener de gala&nbsp;: 45 \u20ac<\/li><\/ul>\n\n\n\n<p>Du 30 septembre au 5 octobre 2022&nbsp;:<\/p>\n\n\n\n<ul class=\"wp-block-list\"><li>Inscription&nbsp;:\n120 \u20ac (tarif plein); 60 \u20ac (\u00e9tudiants \u2013 doctorants);<\/li><li>Excursion&nbsp;:\n45 \u20ac<\/li><li>D\u00eener de gala&nbsp;: 45 \u20ac<\/li><\/ul>\n\n\n\n<p>Les <strong>paiements<\/strong> pourront \u00eatre\nr\u00e9alis\u00e9s <strong>en ligne<\/strong> \u00e0 l\u2019<strong>adresse&nbsp;: <a href=\"https:\/\/plati-alumni.uaic.ro\/conferinta\/index.php\" target=\"_blank\" rel=\"noopener noreferrer\">link<\/a><\/strong><\/p>\n\n\n\n<p>L\u2019inscription, de m\u00eame que la pr\u00e9sence du(des) r\u00e9sum\u00e9(s) dans le livre de r\u00e9sum\u00e9s, <strong>seront effectives uniquement d\u00e8s paiement de l\u2019inscription<\/strong> avant le 5 octobre 2022.<\/p>\n","protected":false},"excerpt":{"rendered":"<p>Dates importantes10 septembre 2022 : soumission des r\u00e9sum\u00e9s20 septembre 2022 : acceptation des r\u00e9sum\u00e9s s\u00e9lectionn\u00e9s par le Comit\u00e9 scientifique30 septembre 2022 : date limite d\u2019inscription \u00e0 un tarif pr\u00e9f\u00e9rentiel5 octobre 2022 : date ultime d\u2019inscription14-16 octobre 2022 : VII\u00e8me Colloque de l\u2019AFGP \u00e0 Iasi Inscription au colloque L\u2019inscription au colloque&#8230;<\/p>\n<p class=\"continue-reading-button\"> <a class=\"continue-reading-link\" href=\"https:\/\/www.geo.uaic.ro\/afgp2022\/inscription\/\">Continue reading<i class=\"crycon-right-dir\"><\/i><\/a><\/p>\n","protected":false},"author":1,"featured_media":0,"parent":0,"menu_order":0,"comment_status":"closed","ping_status":"closed","template":"","meta":{"footnotes":""},"class_list":["post-36","page","type-page","status-publish","hentry"],"_links":{"self":[{"href":"https:\/\/www.geo.uaic.ro\/afgp2022\/wp-json\/wp\/v2\/pages\/36","targetHints":{"allow":["GET"]}}],"collection":[{"href":"https:\/\/www.geo.uaic.ro\/afgp2022\/wp-json\/wp\/v2\/pages"}],"about":[{"href":"https:\/\/www.geo.uaic.ro\/afgp2022\/wp-json\/wp\/v2\/types\/page"}],"author":[{"embeddable":true,"href":"https:\/\/www.geo.uaic.ro\/afgp2022\/wp-json\/wp\/v2\/users\/1"}],"replies":[{"embeddable":true,"href":"https:\/\/www.geo.uaic.ro\/afgp2022\/wp-json\/wp\/v2\/comments?post=36"}],"version-history":[{"count":12,"href":"https:\/\/www.geo.uaic.ro\/afgp2022\/wp-json\/wp\/v2\/pages\/36\/revisions"}],"predecessor-version":[{"id":202,"href":"https:\/\/www.geo.uaic.ro\/afgp2022\/wp-json\/wp\/v2\/pages\/36\/revisions\/202"}],"wp:attachment":[{"href":"https:\/\/www.geo.uaic.ro\/afgp2022\/wp-json\/wp\/v2\/media?parent=36"}],"curies":[{"name":"wp","href":"https:\/\/api.w.org\/{rel}","templated":true}]}}