{"id":32,"date":"2020-02-24T17:59:26","date_gmt":"2020-02-24T17:59:26","guid":{"rendered":"http:\/\/www.geo.uaic.ro\/afgp2020\/?page_id=32"},"modified":"2022-09-02T07:14:42","modified_gmt":"2022-09-02T07:14:42","slug":"appel","status":"publish","type":"page","link":"https:\/\/www.geo.uaic.ro\/afgp2022\/appel\/","title":{"rendered":"Appel"},"content":{"rendered":"\n<p><a href=\"http:\/\/www.geo.uaic.ro\/afgp2022\/wp-content\/uploads\/2022\/09\/AFGP2022_circulaire.pdf\" data-type=\"URL\" data-id=\"http:\/\/www.geo.uaic.ro\/afgp2022\/wp-content\/uploads\/2022\/09\/AFGP2022_circulaire.pdf\" target=\"_blank\" rel=\"noreferrer noopener\">1\u00e8re Circulaire<\/a><\/p>\n\n\n\n<p><strong>Soumission\ndes r\u00e9sum\u00e9s<\/strong><\/p>\n\n\n\n<p>Les propositions de communications (r\u00e9sum\u00e9s) peuvent \u00eatre envoy\u00e9es en ligne en remplissant le <a href=\"https:\/\/docs.google.com\/forms\/d\/e\/1FAIpQLSdbb1a4wdaRw2REayGapEXUVRo1ESZZG7ygjptLYeiR7c6OpA\/viewform\" target=\"_blank\" rel=\"noreferrer noopener\">Formulaire de demande<\/a>. Le cadrage des \u0153uvres n\u00e9cessite le choix pr\u00e9alable de la section souhait\u00e9e (pour plus de d\u00e9tails sur les sections th\u00e9matiques et sp\u00e9ciales voir sections page).<\/p>\n\n\n\n<p>La date limite pour soumettre des r\u00e9sum\u00e9s est le 10 septembre 2022 et pour la confirmation le 20 septembre 2022.<\/p>\n\n\n\n<p><\/p>\n\n\n\n<p>La langue du colloque est le\nfran\u00e7ais. Les r\u00e9sum\u00e9s (1 500 \u00e0 2 500 caract\u00e8res,\nespaces compris) doivent \u00eatre r\u00e9dig\u00e9s en langue fran\u00e7aise sur une seule page\nselon le mod\u00e8le ci-dessous, avec un maximum de 5 mots-clefs et 5 r\u00e9f\u00e9rences.<\/p>\n\n\n\n<p>Les diapositives des\ncommunications orales peuvent \u00eatre en anglais si la pr\u00e9sentation orale est en langue\nfran\u00e7aise. Les affiches seront exclusivement en langue fran\u00e7aise.<\/p>\n\n\n\n<p>Les textes retenus pourront \u00eatre publi\u00e9s,\napr\u00e8s double revue anonyme par les pairs, dans un num\u00e9ro\nsp\u00e9cial de la revue <em>Travaux du S<\/em><em>\u00e9<\/em><em>minaire g<\/em><em>\u00e9<\/em><em>ographique \u201cDimitrie\nCantemir\u201d<\/em> (<a href=\"http:\/\/www.seminarcantemir.uaic.ro\/index.php\/lsgdc\/publicationtype\">http:\/\/www.seminarcantemir.uaic.ro\/index.php\/lsgdc\/publicationtype<\/a>)<\/p>\n\n\n\n<p><strong>Le\ntitre du r\u00e9sum\u00e9 doit \u00eatre indiqu\u00e9 en Times 14 gras<\/strong><\/p>\n\n\n\n<p>Mihai NICULITA<sup>1<\/sup>, Barack OBAMA<sup>2<\/sup>\n&amp; Nina SIMONE<sup>3<\/sup><\/p>\n\n\n\n<p><sup>1<\/sup> D\u00e9partement de\nG\u00e9ographie, Universit\u00e9 de Iasi, Roumanie. <a href=\"mailto:adriangrozavu@yahoo.com\">adriangrozavu@yahoo.com<\/a><\/p>\n\n\n\n<p><sup>2<\/sup> D\u00e9partement de\nG\u00e9ographie, Universit\u00e9 de Hawa\u00ef, USA. <a href=\"mailto:b.obama@hawai.edu.us\">b.obama@hawai.edu.us<\/a><\/p>\n\n\n\n<p><sup>3<\/sup> D\u00e9partement des\nLettres, Universit\u00e9 de New-York, USA. <a href=\"mailto:ns@uny.edu.us\">ns@uny.edu.us<\/a><\/p>\n\n\n\n<p>Texte\ndu r\u00e9sum\u00e9 en Times 12. Il doit comprendre de 1 500 \u00e0 2 500 caract\u00e8res, espaces compris.<\/p>\n\n\n\n<p>Mots-clefs&nbsp;: Maximum cinq, Times 11<\/p>\n\n\n\n<p>R\u00e9f\u00e9rences\nbibliographiques&nbsp;:<\/p>\n\n\n\n<p>Il\nn\u2019est pas n\u00e9cessaire de mettre des r\u00e9f\u00e9rences bibliographiques, maximum 5 en\nTimes 10. Sous format APA de Google Scholar.<\/p>\n","protected":false},"excerpt":{"rendered":"<p>1\u00e8re Circulaire Soumission des r\u00e9sum\u00e9s Les propositions de communications (r\u00e9sum\u00e9s) peuvent \u00eatre envoy\u00e9es en ligne en remplissant le Formulaire de demande. Le cadrage des \u0153uvres n\u00e9cessite le choix pr\u00e9alable de la section souhait\u00e9e (pour plus de d\u00e9tails sur les sections th\u00e9matiques et sp\u00e9ciales voir sections page). La date limite pour&#8230;<\/p>\n<p class=\"continue-reading-button\"> <a class=\"continue-reading-link\" href=\"https:\/\/www.geo.uaic.ro\/afgp2022\/appel\/\">Continue reading<i class=\"crycon-right-dir\"><\/i><\/a><\/p>\n","protected":false},"author":1,"featured_media":0,"parent":0,"menu_order":0,"comment_status":"closed","ping_status":"closed","template":"","meta":{"footnotes":""},"class_list":["post-32","page","type-page","status-publish","hentry"],"_links":{"self":[{"href":"https:\/\/www.geo.uaic.ro\/afgp2022\/wp-json\/wp\/v2\/pages\/32","targetHints":{"allow":["GET"]}}],"collection":[{"href":"https:\/\/www.geo.uaic.ro\/afgp2022\/wp-json\/wp\/v2\/pages"}],"about":[{"href":"https:\/\/www.geo.uaic.ro\/afgp2022\/wp-json\/wp\/v2\/types\/page"}],"author":[{"embeddable":true,"href":"https:\/\/www.geo.uaic.ro\/afgp2022\/wp-json\/wp\/v2\/users\/1"}],"replies":[{"embeddable":true,"href":"https:\/\/www.geo.uaic.ro\/afgp2022\/wp-json\/wp\/v2\/comments?post=32"}],"version-history":[{"count":16,"href":"https:\/\/www.geo.uaic.ro\/afgp2022\/wp-json\/wp\/v2\/pages\/32\/revisions"}],"predecessor-version":[{"id":201,"href":"https:\/\/www.geo.uaic.ro\/afgp2022\/wp-json\/wp\/v2\/pages\/32\/revisions\/201"}],"wp:attachment":[{"href":"https:\/\/www.geo.uaic.ro\/afgp2022\/wp-json\/wp\/v2\/media?parent=32"}],"curies":[{"name":"wp","href":"https:\/\/api.w.org\/{rel}","templated":true}]}}